{"id":36757,"date":"2021-09-20T13:47:44","date_gmt":"2021-09-20T13:47:44","guid":{"rendered":"https:\/\/www.headshop.nl\/?page_id=36757"},"modified":"2024-08-20T10:03:27","modified_gmt":"2024-08-20T10:03:27","slug":"partners","status":"publish","type":"page","link":"https:\/\/www.headshop.nl\/fr\/partners\/","title":{"rendered":"Partenaires"},"content":{"rendered":"<div id=\"gap-1356809520\" class=\"gap-element clearfix\" style=\"display:block; height:auto;\">\n\t\t\n<style>\n#gap-1356809520 {\n  padding-top: 30px;\n}\n<\/style>\n\t<\/div>\n\t\n\n<div class=\"container section-title-container\" ><h1 class=\"section-title section-title-normal\"><b aria-hidden=\"true\"><\/b><span class=\"section-title-main\" style=\"font-size:149%;\">Partenaires<\/span><b aria-hidden=\"true\"><\/b><\/h1><\/div>\n\n<div class=\"row\"  id=\"row-69615356\">\n\n\n\t<div id=\"col-166134505\" class=\"col medium-8 small-12 large-8\"  >\n\t\t\t\t<div class=\"col-inner\"  >\n\t\t\t\n\t\t\t\n\n<h2 data-animated=\"true\" data-animate=\"fadeInLeft\">The Headshop x Tatanka x Smartific<\/h2>\n<p data-animated=\"true\" data-animate=\"fadeInLeft\">Si vous n'avez entendu parler que d'un seul smartshop ou headshop, il s'agit de The Headshop. Depuis des d\u00e9cennies, nous nous effor\u00e7ons d'offrir la meilleure exp\u00e9rience possible, ce qui nous a valu une excellente r\u00e9putation, et nous en sommes fiers ! Mais saviez-vous que les smartshops Tatanka font \u00e9galement partie de notre famille ? Ces smartshops sont \u00e9galement bien connus dans toute l'Europe et, ensemble, nous continuons \u00e0 travailler pour r\u00e9pondre \u00e0 tous vos besoins.<\/p>\n<p data-animated=\"true\" data-animate=\"fadeInLeft\">Bien s\u00fbr, tout le monde n'est pas en mesure de se rendre \u00e0 Amsterdam pour nos magasins. Parce que nous voulons aussi aider ceux qui ne peuvent pas venir, nous nous sommes associ\u00e9s \u00e0 l'un des meilleurs smartshops en ligne d'Europe : Smartific.<\/p>\n<p data-animated=\"true\" data-animate=\"fadeInLeft\">Smartific est l'un des principaux acteurs du march\u00e9 n\u00e9erlandais et est sp\u00e9cialis\u00e9 dans tous les types de produits. Il s'attache \u00e9galement \u00e0 fournir des informations claires sur tous les produits. Nous sommes d'accord : l'\u00e9ducation est tr\u00e8s importante dans notre domaine ! Leurs articles d'information immersifs sont tr\u00e8s complets et impressionnants. N'h\u00e9sitez pas \u00e0 consulter leur superbe Smartwiki.<\/p>\n<p data-animated=\"true\" data-animate=\"fadeInLeft\">Vous \u00eates curieux de conna\u00eetre Smartific ? Jetez un coup d'\u0153il \u00e0 leur site web n\u00e9erlandais : <span style=\"text-decoration: underline;\"><a href=\"https:\/\/www.smartific.nl\/\" target=\"_blank\" rel=\"noopener\">https:\/\/www.smartific.nl\/<\/a><\/span> ou pour le reste de l'Europe : <span style=\"text-decoration: underline;\"><a href=\"https:\/\/www.smartific.com\" target=\"_blank\" rel=\"noopener\">https:\/\/www.smartific.com<\/a>\/<\/span>. Et n'oubliez pas l'incroyable boutique Tatanka : <a href=\"https:\/\/www.tatanka.nl\/\" target=\"_blank\" rel=\"noopener\">https:\/\/www.tatanka.nl\/<\/a>.<\/p>\n<h3 data-animated=\"true\" data-animate=\"fadeInLeft\">The Headshop x MagicTruffels.Shop X Paddo.shop<\/h3>\n<p>The Headshop est rempli de produits intelligents et de headshop. Les plus populaires de ces produits sont probablement les fameuses truffes magiques. Nous avons mis en place une collaboration avec les sp\u00e9cialistes n\u00e9erlandais des truffes magiques en ligne, MagicTruffels.shop. Ce sont des experts en produits contenant de la psilocybine. Ensemble, nous utilisons nos connaissances et les r\u00e9sultats de nos recherches pour offrir \u00e0 tous nos clients la meilleure exp\u00e9rience possible. Jetez un coup d'\u0153il \u00e0 leur site web : <span style=\"text-decoration: underline;\"><a href=\"https:\/\/www.magictruffels.shop\/\" target=\"_blank\" rel=\"noopener\">https:\/\/www.magictruffels.shop\/<\/a><\/span>.<\/p>\n<p>Vous pr\u00e9f\u00e9rez cultiver vos propres produits psych\u00e9d\u00e9liques ? Vous avez de la chance ! Ils ont \u00e9galement une superbe boutique en ligne d\u00e9di\u00e9e aux kits de culture de champignons magiques. Voici leur site web : <span style=\"text-decoration: underline;\"><a href=\"https:\/\/www.paddo.shop\/\" target=\"_blank\" rel=\"noopener\">https:\/\/www.paddo.shop\/<\/a><\/span><\/p>\n<h2 data-pm-slice=\"1 1 &#091;&#093;\">The Headshop x McSmart<\/h2>\n<p>Nous, les Headshop, sommes heureux de participer \u00e0 la coop\u00e9ration avec les <a href=\"https:\/\/www.mcsmart.com\/\" target=\"_blank\" rel=\"noopener\">McSmart<\/a>, le plus grand r\u00e9seau de magasins de bricolage. Gr\u00e2ce \u00e0 ce partenariat, nous pouvons b\u00e9n\u00e9ficier d'un large \u00e9ventail de produits de haute qualit\u00e9, tels que les Magic Truffels, les Growkits et les compl\u00e9ments alimentaires. McSmart est r\u00e9put\u00e9 pour sa qualit\u00e9 irr\u00e9prochable et ses produits innovants, que nous offrons \u00e0 nos clients. Gr\u00e2ce au regroupement de nos produits avec McSmart, nous sommes en mesure de proposer les meilleurs produits smartshop sur le march\u00e9 et de soutenir nos clients avec la meilleure qualit\u00e9. Consultez aujourd'hui la s\u00e9lection compl\u00e8te de McSmart et d\u00e9couvrez la diff\u00e9rence.<\/p>\n\n\t\t<\/div>\n\t\t\t\t\t<\/div>\n\n\t\n\n\t<div id=\"col-865271290\" class=\"col medium-4 small-12 large-4 small-col-first\"  >\n\t\t\t\t<div class=\"col-inner\"  >\n\t\t\t\n\t\t\t\n\n\t<div class=\"img has-hover x md-x lg-x y md-y lg-y\" id=\"image_1442812205\">\n\t\t\t\t\t\t\t\t<div class=\"img-inner dark\" >\n\t\t\t<img loading=\"lazy\" decoding=\"async\" width=\"1500\" height=\"768\" src=\"https:\/\/www.headshop.nl\/wp-content\/uploads\/2019\/08\/Logo-The-Headshop-DEF.png\" class=\"attachment-original size-original\" alt=\"Logo The Headshop\" srcset=\"https:\/\/www.headshop.nl\/wp-content\/uploads\/2019\/08\/Logo-The-Headshop-DEF.png 1500w, https:\/\/www.headshop.nl\/wp-content\/uploads\/2019\/08\/Logo-The-Headshop-DEF-420x215.png 420w, https:\/\/www.headshop.nl\/wp-content\/uploads\/2019\/08\/Logo-The-Headshop-DEF-64x33.png 64w, https:\/\/www.headshop.nl\/wp-content\/uploads\/2019\/08\/Logo-The-Headshop-DEF-380x195.png 380w, https:\/\/www.headshop.nl\/wp-content\/uploads\/2019\/08\/Logo-The-Headshop-DEF-600x307.png 600w, https:\/\/www.headshop.nl\/wp-content\/uploads\/2019\/08\/Logo-The-Headshop-DEF-768x393.png 768w, https:\/\/www.headshop.nl\/wp-content\/uploads\/2019\/08\/Logo-The-Headshop-DEF-800x410.png 800w\" sizes=\"auto, (max-width: 1500px) 100vw, 1500px\" \/>\t\t\t\t\t\t\n\t\t\t\t\t<\/div>\n\t\t\t\t\t\t\t\t\n<style>\n#image_1442812205 {\n  width: 100%;\n}\n<\/style>\n\t<\/div>\n\t\n\n\t<div id=\"gap-869937227\" class=\"gap-element clearfix\" style=\"display:block; height:auto;\">\n\t\t\n<style>\n#gap-869937227 {\n  padding-top: 10px;\n}\n<\/style>\n\t<\/div>\n\t\n\n\n\t\t<\/div>\n\t\t\t\t\t<\/div>\n\n\t\n\n<\/div>","protected":false},"excerpt":{"rendered":"","protected":false},"author":807,"featured_media":0,"parent":0,"menu_order":0,"comment_status":"closed","ping_status":"closed","template":"page-blank.php","meta":{"footnotes":""},"class_list":["post-36757","page","type-page","status-publish","hentry"],"_links":{"self":[{"href":"https:\/\/www.headshop.nl\/fr\/wp-json\/wp\/v2\/pages\/36757","targetHints":{"allow":["GET"]}}],"collection":[{"href":"https:\/\/www.headshop.nl\/fr\/wp-json\/wp\/v2\/pages"}],"about":[{"href":"https:\/\/www.headshop.nl\/fr\/wp-json\/wp\/v2\/types\/page"}],"author":[{"embeddable":true,"href":"https:\/\/www.headshop.nl\/fr\/wp-json\/wp\/v2\/users\/807"}],"replies":[{"embeddable":true,"href":"https:\/\/www.headshop.nl\/fr\/wp-json\/wp\/v2\/comments?post=36757"}],"version-history":[{"count":1,"href":"https:\/\/www.headshop.nl\/fr\/wp-json\/wp\/v2\/pages\/36757\/revisions"}],"predecessor-version":[{"id":80977,"href":"https:\/\/www.headshop.nl\/fr\/wp-json\/wp\/v2\/pages\/36757\/revisions\/80977"}],"wp:attachment":[{"href":"https:\/\/www.headshop.nl\/fr\/wp-json\/wp\/v2\/media?parent=36757"}],"curies":[{"name":"wp","href":"https:\/\/api.w.org\/{rel}","templated":true}]}}