{"id":16265,"date":"2018-05-05T18:03:54","date_gmt":"2018-05-05T18:03:54","guid":{"rendered":"http:\/\/headshop.nl\/?page_id=16265"},"modified":"2025-07-16T14:22:47","modified_gmt":"2025-07-16T14:22:47","slug":"contact-us","status":"publish","type":"page","link":"https:\/\/www.headshop.nl\/fr\/contact-us\/","title":{"rendered":"Contact"},"content":{"rendered":"<div id=\"gap-1452054073\" class=\"gap-element clearfix\" style=\"display:block; height:auto;\">\n\t\t\n<style>\n#gap-1452054073 {\n  padding-top: 40px;\n}\n<\/style>\n\t<\/div>\n\t\n\n<div class=\"row row-small\"  id=\"row-968411682\">\n\n\n\t<div id=\"col-324202970\" class=\"col small-12 large-12 small-col-first\"  >\n\t\t\t\t<div class=\"col-inner text-left box-shadow-3\"  >\n\t\t\t\n\t\t\t\n\n\t<div class=\"img has-hover x md-x lg-x y md-y lg-y\" id=\"image_49390259\">\n\t\t\t\t\t\t\t\t<div class=\"img-inner dark\" >\n\t\t\t<img loading=\"lazy\" decoding=\"async\" width=\"1920\" height=\"676\" src=\"https:\/\/www.headshop.nl\/wp-content\/uploads\/2019\/08\/recovery_headshop_smartshop_banner.jpg\" class=\"attachment-original size-original\" alt=\"\" srcset=\"https:\/\/www.headshop.nl\/wp-content\/uploads\/2019\/08\/recovery_headshop_smartshop_banner.jpg 1920w, https:\/\/www.headshop.nl\/wp-content\/uploads\/2019\/08\/recovery_headshop_smartshop_banner-420x148.jpg 420w, https:\/\/www.headshop.nl\/wp-content\/uploads\/2019\/08\/recovery_headshop_smartshop_banner-64x23.jpg 64w, https:\/\/www.headshop.nl\/wp-content\/uploads\/2019\/08\/recovery_headshop_smartshop_banner-380x134.jpg 380w, https:\/\/www.headshop.nl\/wp-content\/uploads\/2019\/08\/recovery_headshop_smartshop_banner-600x211.jpg 600w, https:\/\/www.headshop.nl\/wp-content\/uploads\/2019\/08\/recovery_headshop_smartshop_banner-768x270.jpg 768w, https:\/\/www.headshop.nl\/wp-content\/uploads\/2019\/08\/recovery_headshop_smartshop_banner-800x282.jpg 800w\" sizes=\"auto, (max-width: 1920px) 100vw, 1920px\">\t\t\t\t\t\t\n\t\t\t\t\t<\/div>\n\t\t\t\t\t\t\t\t\n<style>\n#image_49390259 {\n  width: 100%;\n}\n<\/style>\n\t<\/div>\n\t\n\n<h1><span style=\"font-size: 120%;\">Contact<\/span><\/h1>\n<p>Il est possible de nous contacter par courrier \u00e9lectronique ou par t\u00e9l\u00e9phone. Il est recommand\u00e9 d'envoyer un email, notre support r\u00e9pond toujours aux emails dans un d\u00e9lai d'un jour ouvrable. Nous ne pouvons pas r\u00e9pondre aux questions relatives \u00e0 la boutique en ligne dans nos magasins.<\/p>\n\n<div class=\"is-divider divider clearfix\" style=\"max-width:0px;height:10px;\"><\/div>\n\n<div class=\"row\"  id=\"row-1424933022\">\n\n\n\t<div id=\"col-1486383182\" class=\"col medium-4 small-12 large-4\"  >\n\t\t\t\t<div class=\"col-inner\"  >\n\t\t\t\n\t\t\t\n\n<h2>Courriel<\/h2>\n<p>Vous avez une question concernant votre commande en ligne ? Veuillez mentionner votre num\u00e9ro de commande. 1TP373Les messages sont g\u00e9n\u00e9ralement trait\u00e9s dans un d\u00e9lai d'un jour ouvrable.<\/p>\n<a href=\"mailto:info@headshop.nl?subject=Support%20request%20%7C%20Headshop.nl&#038;body=Hey%20Headshop%2C%0A%0AI%E2%80%99ve%20a%20question%20about%20my%20order.%20%0A%0AYou%20can%20find%20my%20order%20number%20and%20question%20below.%0A%0AOrder%20number%3A%0AMy%20question%20is%3A%0A\" class=\"button primary\" style=\"border-radius:10px;\">\n\t\t<span>Envoyer un courriel<\/span>\n\t<i class=\"icon-envelop\" aria-hidden=\"true\"><\/i><\/a>\n\n\n\n\t\t<\/div>\n\t\t\t\t\t<\/div>\n\n\t\n\n\t<div id=\"col-371020189\" class=\"col medium-4 small-12 large-4\"  >\n\t\t\t\t<div class=\"col-inner\"  >\n\t\t\t\n\t\t\t\n\n<h2>Adresse<\/h2>\n<p>Headshop<br \/>PePePe BV<br \/>Sulky 6 J<br \/>Zeewolde<br \/>3897AJ<\/p>\n<p><strong>KVK :<\/strong> 34236211<br \/><strong>BTW :<\/strong> NL815030411B01<\/p>\n\n\n\t\t<\/div>\n\t\t\t\t\t<\/div>\n\n\t\n\n\t<div id=\"col-1507825461\" class=\"col medium-4 small-12 large-4\"  >\n\t\t\t\t<div class=\"col-inner\"  >\n\t\t\t\n\t\t\t\n\n<h2>T\u00e9l\u00e9phone<\/h2>\n<p>(0031)(0)30-2074448<\/p>\n\n\n\t\t<\/div>\n\t\t\t\t\t<\/div>\n\n\t\n\n<\/div>\n\n\t\t<\/div>\n\t\t\t\t\n<style>\n#col-324202970 > .col-inner {\n  padding: 30px 30px 30px 30px;\n}\n<\/style>\n\t<\/div>\n\n\t\n\n<\/div>\n<div class=\"row row-small row-box-shadow-3\"  id=\"row-803341261\">\n\n\n\n\n<style>\n#row-803341261 > .col > .col-inner {\n  padding: 30px 30px 30px 30px;\n}\n<\/style>\n<\/div>\n\t<div id=\"gap-815322197\" class=\"gap-element clearfix\" style=\"display:block; height:auto;\">\n\t\t\n<style>\n#gap-815322197 {\n  padding-top: 20px;\n}\n<\/style>\n\t<\/div>","protected":false},"excerpt":{"rendered":"","protected":false},"author":807,"featured_media":0,"parent":0,"menu_order":0,"comment_status":"closed","ping_status":"closed","template":"page-blank.php","meta":{"footnotes":""},"class_list":["post-16265","page","type-page","status-publish","hentry"],"_links":{"self":[{"href":"https:\/\/www.headshop.nl\/fr\/wp-json\/wp\/v2\/pages\/16265","targetHints":{"allow":["GET"]}}],"collection":[{"href":"https:\/\/www.headshop.nl\/fr\/wp-json\/wp\/v2\/pages"}],"about":[{"href":"https:\/\/www.headshop.nl\/fr\/wp-json\/wp\/v2\/types\/page"}],"author":[{"embeddable":true,"href":"https:\/\/www.headshop.nl\/fr\/wp-json\/wp\/v2\/users\/807"}],"replies":[{"embeddable":true,"href":"https:\/\/www.headshop.nl\/fr\/wp-json\/wp\/v2\/comments?post=16265"}],"version-history":[{"count":4,"href":"https:\/\/www.headshop.nl\/fr\/wp-json\/wp\/v2\/pages\/16265\/revisions"}],"predecessor-version":[{"id":85491,"href":"https:\/\/www.headshop.nl\/fr\/wp-json\/wp\/v2\/pages\/16265\/revisions\/85491"}],"wp:attachment":[{"href":"https:\/\/www.headshop.nl\/fr\/wp-json\/wp\/v2\/media?parent=16265"}],"curies":[{"name":"wp","href":"https:\/\/api.w.org\/{rel}","templated":true}]}}