{"id":15152,"date":"2018-04-23T12:47:56","date_gmt":"2018-04-23T12:47:56","guid":{"rendered":"http:\/\/headshop.nl\/?page_id=15152"},"modified":"2021-08-24T08:05:21","modified_gmt":"2021-08-24T08:05:21","slug":"about-us","status":"publish","type":"page","link":"https:\/\/www.headshop.nl\/fr\/about-us\/","title":{"rendered":"\u00c0 propos de Headshop"},"content":{"rendered":"<div id=\"gap-1818282683\" class=\"gap-element clearfix\" style=\"display:block; height:auto;\">\n\t\t\n<style>\n#gap-1818282683 {\n  padding-top: 30px;\n}\n<\/style>\n\t<\/div>\n\t\n\n<div class=\"container section-title-container\" ><h3 class=\"section-title section-title-normal\"><b aria-hidden=\"true\"><\/b><span class=\"section-title-main\" style=\"font-size:149%;\">\u00c0 propos de Headshop<\/span><b aria-hidden=\"true\"><\/b><\/h3><\/div>\n\n<div class=\"row\"  id=\"row-464081678\">\n\n\n\t<div id=\"col-820062767\" class=\"col medium-8 small-12 large-8\"  >\n\t\t\t\t<div class=\"col-inner\"  >\n\t\t\t\n\t\t\t\n\n<h2 data-animated=\"true\" data-animate=\"fadeInLeft\">The Headshop exp\u00e9rience depuis 1968<\/h2>\n<p data-animated=\"true\" data-animate=\"fadeInLeft\">Pour ceux qui recherchent une exp\u00e9rience authentique de smartshop\/headshop, le Headshop \u00e0 Amsterdam est le meilleur endroit o\u00f9 aller. Depuis 1968, nous fournissons des informations pr\u00e9cieuses et valables sur nos produits, nous donnons \u00e9galement des conseils bas\u00e9s sur nos connaissances et nos exp\u00e9riences personnelles.\u00a0<\/p>\n<p data-animated=\"true\" data-animate=\"fadeInLeft\">Ceux qui souhaitent vivre une v\u00e9ritable \"exp\u00e9rience Amsterdam\" ne peuvent pas passer \u00e0 c\u00f4t\u00e9 du Headshop.\u00a0<\/p>\n<p data-animated=\"true\" data-animate=\"fadeInLeft\">Notre vision et notre mission sont de r\u00e9conforter nos clients, afin de leur offrir une exp\u00e9rience unique. L'atmosph\u00e8re \u00e0 l'int\u00e9rieur du magasin est d\u00e9tendue, tout comme notre \u00e9quipe. Avec nos produits naturels, nous voulons vous offrir l'exp\u00e9rience ultime, que vous soyez \u00e0 la recherche de truffes magiques, d'une exp\u00e9rience euphorisante, d'un regain d'\u00e9nergie, d'herbes ou d'une d\u00e9coration pour votre maison. Nous vous souhaitons la bienvenue dans notre magasin d'Amsterdam, mais aussi une bonne exp\u00e9rience en ligne !\u00a0<\/p>\n\n\t\t<\/div>\n\t\t\t\t\t<\/div>\n\n\t\n\n\t<div id=\"col-66003895\" class=\"col medium-4 small-12 large-4 small-col-first\"  >\n\t\t\t\t<div class=\"col-inner\"  >\n\t\t\t\n\t\t\t\n\n\t<div class=\"img has-hover x md-x lg-x y md-y lg-y\" id=\"image_604737739\">\n\t\t\t\t\t\t\t\t<div class=\"img-inner dark\" >\n\t\t\t<img loading=\"lazy\" decoding=\"async\" width=\"1500\" height=\"768\" src=\"https:\/\/www.headshop.nl\/wp-content\/uploads\/2019\/08\/Logo-The-Headshop-DEF.png\" class=\"attachment-original size-original\" alt=\"Logo The Headshop\" srcset=\"https:\/\/www.headshop.nl\/wp-content\/uploads\/2019\/08\/Logo-The-Headshop-DEF.png 1500w, https:\/\/www.headshop.nl\/wp-content\/uploads\/2019\/08\/Logo-The-Headshop-DEF-420x215.png 420w, https:\/\/www.headshop.nl\/wp-content\/uploads\/2019\/08\/Logo-The-Headshop-DEF-64x33.png 64w, https:\/\/www.headshop.nl\/wp-content\/uploads\/2019\/08\/Logo-The-Headshop-DEF-380x195.png 380w, https:\/\/www.headshop.nl\/wp-content\/uploads\/2019\/08\/Logo-The-Headshop-DEF-600x307.png 600w, https:\/\/www.headshop.nl\/wp-content\/uploads\/2019\/08\/Logo-The-Headshop-DEF-768x393.png 768w, https:\/\/www.headshop.nl\/wp-content\/uploads\/2019\/08\/Logo-The-Headshop-DEF-800x410.png 800w\" sizes=\"auto, (max-width: 1500px) 100vw, 1500px\" \/>\t\t\t\t\t\t\n\t\t\t\t\t<\/div>\n\t\t\t\t\t\t\t\t\n<style>\n#image_604737739 {\n  width: 100%;\n}\n<\/style>\n\t<\/div>\n\t\n\n\t<div id=\"gap-1249392578\" class=\"gap-element clearfix\" style=\"display:block; height:auto;\">\n\t\t\n<style>\n#gap-1249392578 {\n  padding-top: 10px;\n}\n<\/style>\n\t<\/div>\n\t\n\n\n\t\t<\/div>\n\t\t\t\t\t<\/div>\n\n\t\n\n<\/div>\n\n\t<section class=\"section dark\" id=\"section_186625882\">\n\t\t<div class=\"section-bg fill\" >\n\t\t\t\t\t\t\t\t\t\n\t\t\t\n\n\t\t<\/div>\n\n\t\t\n\n\t\t<div class=\"section-content relative\">\n\t\t\t\n\n<div class=\"row row-large align-middle\"  id=\"row-1696326604\">\n\n\n\t<div id=\"col-2083298336\" class=\"col medium-6 small-12 large-6\"  >\n\t\t\t\t<div class=\"col-inner text-center\"  >\n\t\t\t\n\t\t\t\n\n\t<div class=\"img has-hover x md-x lg-x y md-y lg-y\" id=\"image_563403701\">\n\t\t\t\t\t\t<div data-animate=\"fadeInLeft\">\t\t<div class=\"img-inner image-cover dark\" style=\"padding-top:75%;\">\n\t\t\t<img loading=\"lazy\" decoding=\"async\" width=\"1536\" height=\"1024\" src=\"https:\/\/www.headshop.nl\/wp-content\/uploads\/2019\/08\/Relax_headshop_smartshop.jpg\" class=\"attachment-original size-original\" alt=\"\" srcset=\"https:\/\/www.headshop.nl\/wp-content\/uploads\/2019\/08\/Relax_headshop_smartshop.jpg 1536w, https:\/\/www.headshop.nl\/wp-content\/uploads\/2019\/08\/Relax_headshop_smartshop-420x280.jpg 420w, https:\/\/www.headshop.nl\/wp-content\/uploads\/2019\/08\/Relax_headshop_smartshop-64x43.jpg 64w, https:\/\/www.headshop.nl\/wp-content\/uploads\/2019\/08\/Relax_headshop_smartshop-380x253.jpg 380w, https:\/\/www.headshop.nl\/wp-content\/uploads\/2019\/08\/Relax_headshop_smartshop-600x400.jpg 600w, https:\/\/www.headshop.nl\/wp-content\/uploads\/2019\/08\/Relax_headshop_smartshop-768x512.jpg 768w, https:\/\/www.headshop.nl\/wp-content\/uploads\/2019\/08\/Relax_headshop_smartshop-800x533.jpg 800w\" sizes=\"auto, (max-width: 1536px) 100vw, 1536px\">\t\t\t\t\t\t\n\t\t\t\t\t<\/div>\n\t\t<\/div>\t\t\t\t\t\t\n<style>\n#image_563403701 {\n  width: 100%;\n}\n<\/style>\n\t<\/div>\n\t\n\n\t<div id=\"gap-56625765\" class=\"gap-element clearfix\" style=\"display:block; height:auto;\">\n\t\t\n<style>\n#gap-56625765 {\n  padding-top: 10px;\n}\n<\/style>\n\t<\/div>\n\t\n\n\n\t\t<\/div>\n\t\t\t\t\t<\/div>\n\n\t\n\n\t<div id=\"col-1410844332\" class=\"col medium-6 small-12 large-6\"  >\n\t\t\t\t<div class=\"col-inner text-left\"  >\n\t\t\t\n\t\t\t\n\n<h2 data-animated=\"true\" data-animate=\"fadeInLeft\">Votre guide exp\u00e9riment\u00e9 depuis Amsterdam.<\/h2>\n<p data-animated=\"true\" data-animate=\"fadeInLeft\">L'avantage, c'est que le Headshop n'est pas seulement un endroit o\u00f9 l'on entre pour acheter des produits psychoactifs, des uppers, des downers, du cbd et bien d'autres choses encore, mais o\u00f9 l'on peut aussi obtenir plus d'informations. Et c'est exactement ce qui rend le Headshop diff\u00e9rent. Vous pouvez compter sur notre \u00e9quipe pour obtenir des conseils honn\u00eates et sp\u00e9cialis\u00e9s.<\/p>\n<p data-animated=\"true\" data-animate=\"fadeInLeft\">Vous \u00eates ici au bon endroit si vous voulez savoir quel est l'effet d'un produit sur votre esprit et quelle influence il peut avoir sur vos sentiments et votre comportement.<\/p>\n\n\t\t<\/div>\n\t\t\t\t\t<\/div>\n\n\t\n\n<\/div>\n\n\t\t<\/div>\n\n\t\t\n<style>\n#section_186625882 {\n  padding-top: 60px;\n  padding-bottom: 60px;\n  background-color: rgb(0,0,0);\n}\n<\/style>\n\t<\/section>\n\t\n\n\t<section class=\"section\" id=\"section_391993001\">\n\t\t<div class=\"section-bg fill\" >\n\t\t\t\t\t\t\t\t\t\n\t\t\t\n\t<div class=\"is-border\"\n\t\tstyle=\"border-width:0px 0px 0px 0px;\">\n\t<\/div>\n\n\t\t<\/div>\n\n\t\t\n\n\t\t<div class=\"section-content relative\">\n\t\t\t\n\n<div class=\"row row-large align-middle\"  id=\"row-576246616\">\n\n\n\t<div id=\"col-305533754\" class=\"col medium-6 small-12 large-6\"  >\n\t\t\t\t<div class=\"col-inner text-left\"  >\n\t\t\t\n\t\t\t\n\n<h2 data-animated=\"true\" data-animate=\"fadeInLeft\">Visitez nos magasins Headshop \u00e0 Amsterdam !<\/h2>\n<p data-animated=\"true\" data-animate=\"fadeInLeft\">Vous \u00eates en visite \u00e0 Amsterdam ? Alors vous \u00eates le bienvenu dans l'un de nos magasins d'Amsterdam. Nous avons 3 magasins ! Les produits que vous trouvez sur la boutique en ligne Headshop, vous les trouverez \u00e9galement dans nos magasins d'Amsterdam. <span id=\"ext-gen2322\"><\/span>Vivez la v\u00e9ritable exp\u00e9rience d'Amsterdam ! Nous sommes pr\u00eats !<\/p>\n<a href=\"https:\/\/www.headshop.nl\/fr\/our-stores\/\" class=\"button primary box-shadow-2 box-shadow-4-hover\" target=\"_blank\" rel=\"noopener\">\n\t\t<span>Nos magasins<\/span>\n\t<\/a>\n\n\n\n\t\t<\/div>\n\t\t\t\t\t<\/div>\n\n\t\n\n\t<div id=\"col-1516650710\" class=\"col medium-6 small-12 large-6 small-col-first\"  >\n\t\t\t\t<div class=\"col-inner\"  >\n\t\t\t\n\t\t\t\n\n\t<div class=\"img has-hover x md-x lg-x y md-y lg-y\" id=\"image_441498300\">\n\t\t\t\t\t\t\t\t<div class=\"img-inner dark\" >\n\t\t\t<img loading=\"lazy\" decoding=\"async\" width=\"400\" height=\"275\" src=\"https:\/\/www.headshop.nl\/wp-content\/uploads\/2018\/04\/Headshop-Amsterdam.jpg\" class=\"attachment-original size-original\" alt=\"\" srcset=\"https:\/\/www.headshop.nl\/wp-content\/uploads\/2018\/04\/Headshop-Amsterdam.jpg 400w, https:\/\/www.headshop.nl\/wp-content\/uploads\/2018\/04\/Headshop-Amsterdam-64x44.jpg 64w\" sizes=\"auto, (max-width: 400px) 100vw, 400px\">\t\t\t\t\t\t\n\t\t\t\t\t<\/div>\n\t\t\t\t\t\t\t\t\n<style>\n#image_441498300 {\n  width: 100%;\n}\n<\/style>\n\t<\/div>\n\t\n\n\t<div id=\"gap-953439869\" class=\"gap-element clearfix\" style=\"display:block; height:auto;\">\n\t\t\n<style>\n#gap-953439869 {\n  padding-top: 10px;\n}\n<\/style>\n\t<\/div>\n\t\n\n\n\t\t<\/div>\n\t\t\t\t\t<\/div>\n\n\t\n\n<\/div>\n\n\t\t<\/div>\n\n\t\t\n<style>\n#section_391993001 {\n  padding-top: 60px;\n  padding-bottom: 60px;\n  background-color: rgb(255, 255, 255);\n}\n<\/style>\n\t<\/section>\n\t\n\n\t<section class=\"section dark\" id=\"section_1094002969\">\n\t\t<div class=\"section-bg fill\" >\n\t\t\t\t\t\t\t\t\t\n\t\t\t\n\t<div class=\"is-border\"\n\t\tstyle=\"border-width:0px 0px 0px 0px;\">\n\t<\/div>\n\n\t\t<\/div>\n\n\t\t\n\n\t\t<div class=\"section-content relative\">\n\t\t\t\n\n<div class=\"row row-large align-middle\"  id=\"row-1117673044\">\n\n\n\t<div id=\"col-1415341461\" class=\"col medium-6 small-12 large-6\"  >\n\t\t\t\t<div class=\"col-inner\"  >\n\t\t\t\n\t\t\t\n\n\t<div class=\"img has-hover x md-x lg-x y md-y lg-y\" id=\"image_1268488251\">\n\t\t\t\t\t\t\t\t<div class=\"img-inner image-cover dark\" style=\"padding-top:75%;\">\n\t\t\t<img loading=\"lazy\" decoding=\"async\" width=\"420\" height=\"400\" src=\"https:\/\/www.headshop.nl\/wp-content\/uploads\/2017\/10\/After-E-for-Detox.jpg\" class=\"attachment-original size-original\" alt=\"\" srcset=\"https:\/\/www.headshop.nl\/wp-content\/uploads\/2017\/10\/After-E-for-Detox.jpg 420w, https:\/\/www.headshop.nl\/wp-content\/uploads\/2017\/10\/After-E-for-Detox-64x61.jpg 64w\" sizes=\"auto, (max-width: 420px) 100vw, 420px\">\t\t\t\t\t\t\n\t\t\t\t\t<\/div>\n\t\t\t\t\t\t\t\t\n<style>\n#image_1268488251 {\n  width: 100%;\n}\n<\/style>\n\t<\/div>\n\t\n\n\t<div id=\"gap-1983777466\" class=\"gap-element clearfix\" style=\"display:block; height:auto;\">\n\t\t\n<style>\n#gap-1983777466 {\n  padding-top: 10px;\n}\n<\/style>\n\t<\/div>\n\t\n\n\n\t\t<\/div>\n\t\t\t\t\t<\/div>\n\n\t\n\n\t<div id=\"col-982675509\" class=\"col medium-6 small-12 large-6\"  >\n\t\t\t\t<div class=\"col-inner text-left\"  >\n\t\t\t\n\t\t\t\n\n<h2>D\u00e9couvrez divers produits \u00e0 base de plantes.<\/h2>\n<p>Nous prenons le temps pour vous et vous aussi ! Prenez le temps de jeter un coup d'\u0153il et de passer en revue tous nos produits avec lesquels vous pouvez vivre une exp\u00e9rience magique, lors d'une f\u00eate, \u00e0 la maison ou simplement dans la nature d'Amsterdam !<\/p>\n<p>Bien s\u00fbr, c'est l'endroit id\u00e9al pour toutes sortes de produits de qualit\u00e9 intelligente, tels que les uppers et les downers, comme le kanna ou le kratom, les graines de cannabis, les produits sexuels, les vitamines pour la r\u00e9cup\u00e9ration, l'huile et le liquide de cbd, les pipes \u00e0 eau, les vaporisateurs et bien d'autres choses encore !<\/p>\n\n\t\t<\/div>\n\t\t\t\t\t<\/div>\n\n\t\n\n<\/div>\n\n\t\t<\/div>\n\n\t\t\n<style>\n#section_1094002969 {\n  padding-top: 60px;\n  padding-bottom: 60px;\n  background-color: rgb(0,0,0);\n}\n<\/style>\n\t<\/section>\n\t\n\n\t<section class=\"section\" id=\"section_133368401\">\n\t\t<div class=\"section-bg fill\" >\n\t\t\t\t\t\t\t\t\t\n\t\t\t\n\t<div class=\"is-border\"\n\t\tstyle=\"border-width:0px 0px 0px 0px;\">\n\t<\/div>\n\n\t\t<\/div>\n\n\t\t\n\n\t\t<div class=\"section-content relative\">\n\t\t\t\n\n<div class=\"row row-large align-middle\"  id=\"row-1134972020\">\n\n\n\t<div id=\"col-559466642\" class=\"col medium-6 small-12 large-6\"  >\n\t\t\t\t<div class=\"col-inner text-left\"  >\n\t\t\t\n\t\t\t\n\n<h2 data-animated=\"true\" data-animate=\"fadeInLeft\">Commandez vos produits pr\u00e9f\u00e9r\u00e9s en ligne depuis Amsterdam !<\/h2>\n<p data-animated=\"true\" data-animate=\"fadeInLeft\">Occup\u00e9, occup\u00e9, occup\u00e9 ? Vous n'avez pas le temps de vous rendre dans l'un de nos magasins d'Amsterdam ? Ou vous vivez \u00e0 l'\u00e9tranger ? Nous proposons une vaste gamme de produits en ligne sur notre boutique en ligne, qui est constamment renouvel\u00e9e. <span id=\"ext-gen2322\"><\/span><\/p>\n<p data-animated=\"true\" data-animate=\"fadeInLeft\">Vous pouvez commander en ligne avec nous !<\/p>\n<a href=\"https:\/\/www.headshop.nl\/fr\/\" class=\"button primary box-shadow-2 box-shadow-4-hover\" target=\"_blank\" rel=\"noopener\">\n\t\t<span>Acheter<\/span>\n\t<\/a>\n\n\n\n\t\t<\/div>\n\t\t\t\t\t<\/div>\n\n\t\n\n\t<div id=\"col-683564159\" class=\"col medium-6 small-12 large-6 small-col-first\"  >\n\t\t\t\t<div class=\"col-inner\"  >\n\t\t\t\n\t\t\t\n\n\t<div class=\"img has-hover x md-x lg-x y md-y lg-y\" id=\"image_600930228\">\n\t\t\t\t\t\t\t\t<div class=\"img-inner dark\" >\n\t\t\t<img loading=\"lazy\" decoding=\"async\" width=\"600\" height=\"400\" src=\"https:\/\/www.headshop.nl\/wp-content\/uploads\/2018\/05\/Discreet-Shipping-Tatanka.jpg\" class=\"attachment-original size-original\" alt=\"\" srcset=\"https:\/\/www.headshop.nl\/wp-content\/uploads\/2018\/05\/Discreet-Shipping-Tatanka.jpg 600w, https:\/\/www.headshop.nl\/wp-content\/uploads\/2018\/05\/Discreet-Shipping-Tatanka-420x280.jpg 420w, https:\/\/www.headshop.nl\/wp-content\/uploads\/2018\/05\/Discreet-Shipping-Tatanka-64x43.jpg 64w\" sizes=\"auto, (max-width: 600px) 100vw, 600px\">\t\t\t\t\t\t\n\t\t\t\t\t<\/div>\n\t\t\t\t\t\t\t\t\n<style>\n#image_600930228 {\n  width: 100%;\n}\n<\/style>\n\t<\/div>\n\t\n\n\t<div id=\"gap-815985753\" class=\"gap-element clearfix\" style=\"display:block; height:auto;\">\n\t\t\n<style>\n#gap-815985753 {\n  padding-top: 10px;\n}\n<\/style>\n\t<\/div>\n\t\n\n\n\t\t<\/div>\n\t\t\t\t\t<\/div>\n\n\t\n\n<\/div>\n\n\t\t<\/div>\n\n\t\t\n<style>\n#section_133368401 {\n  padding-top: 60px;\n  padding-bottom: 60px;\n}\n<\/style>\n\t<\/section>","protected":false},"excerpt":{"rendered":"","protected":false},"author":807,"featured_media":0,"parent":0,"menu_order":0,"comment_status":"closed","ping_status":"closed","template":"page-blank.php","meta":{"footnotes":""},"class_list":["post-15152","page","type-page","status-publish","hentry"],"_links":{"self":[{"href":"https:\/\/www.headshop.nl\/fr\/wp-json\/wp\/v2\/pages\/15152","targetHints":{"allow":["GET"]}}],"collection":[{"href":"https:\/\/www.headshop.nl\/fr\/wp-json\/wp\/v2\/pages"}],"about":[{"href":"https:\/\/www.headshop.nl\/fr\/wp-json\/wp\/v2\/types\/page"}],"author":[{"embeddable":true,"href":"https:\/\/www.headshop.nl\/fr\/wp-json\/wp\/v2\/users\/807"}],"replies":[{"embeddable":true,"href":"https:\/\/www.headshop.nl\/fr\/wp-json\/wp\/v2\/comments?post=15152"}],"version-history":[{"count":0,"href":"https:\/\/www.headshop.nl\/fr\/wp-json\/wp\/v2\/pages\/15152\/revisions"}],"wp:attachment":[{"href":"https:\/\/www.headshop.nl\/fr\/wp-json\/wp\/v2\/media?parent=15152"}],"curies":[{"name":"wp","href":"https:\/\/api.w.org\/{rel}","templated":true}]}}