{"id":1001,"date":"2017-08-20T16:03:41","date_gmt":"2017-08-20T16:03:41","guid":{"rendered":"http:\/\/headshop.nl\/?page_id=1001"},"modified":"2025-05-02T09:00:46","modified_gmt":"2025-05-02T09:00:46","slug":"shipping-psychedelics","status":"publish","type":"page","link":"https:\/\/www.headshop.nl\/fr\/shipping-psychedelics\/","title":{"rendered":"Exp\u00e9dition Methods"},"content":{"rendered":"<div id=\"gap-107981905\" class=\"gap-element clearfix\" style=\"display:block; height:auto;\">\n\t\t\n<style>\n#gap-107981905 {\n  padding-top: 70px;\n}\n<\/style>\n\t<\/div>\n\t\n\n<div class=\"row row-large\"  id=\"row-636414936\">\n\n\n\t<div id=\"col-86556643\" class=\"col small-12 large-12\"  >\n\t\t\t\t<div class=\"col-inner text-left\"  >\n\t\t\t\n\t\t\t\n\n<h1>Pouvez-vous livrer dans mon pays ?<\/h1>\n<p>Nous exp\u00e9dions vers la plupart des pays de l'UE. Vous trouverez ces pays dans le tableau ci-dessous. Nous exp\u00e9dions tous nos colis europ\u00e9ens par DHL, DPD ou PostNL, en fonction de la r\u00e9gion. Nous pouvons ainsi vous offrir le meilleur service possible. Vous recevrez toujours un code de suivi qui vous permettra de suivre votre colis de porte \u00e0 porte.<\/p>\n<table class=\"tblcal;\">\n<tbody>\n<tr>\n<th class=\"tblcall\">Pays<\/th>\n<th class=\"tblcalll\">Livraison<\/th>\n<th class=\"tblcallll\">Co\u00fbts<\/th>\n<th class=\"tblcalllll\" style=\"text-align: left;\">Livraison gratuite<\/th>\n<\/tr>\n<tr>\n<td>Autriche<\/td>\n<td>2 &#8211; 3<\/td>\n<td>\u20ac11,95<\/td>\n<td style=\"text-align: left;\">\u20ac125,-<\/td>\n<\/tr>\n<tr>\n<td>Belgique<\/td>\n<td>1 &#8211; 2<\/td>\n<td>\u20ac7,95<\/td>\n<td style=\"text-align: left;\">\u20ac125,-<\/td>\n<\/tr>\n<tr>\n<td>Bulgarie<\/td>\n<td>6 &#8211; 8<\/td>\n<td>\u20ac21,95<\/td>\n<td style=\"text-align: left;\">\u20ac125,-<\/td>\n<\/tr>\n<tr>\n<td>Croatie<\/td>\n<td>3 &#8211; 5<\/td>\n<td>\u20ac17,95<\/td>\n<td style=\"text-align: left;\">\u20ac125,-<\/td>\n<\/tr>\n<tr>\n<td>R\u00e9publique tch\u00e8que<\/td>\n<td>2 &#8211; 4<\/td>\n<td>\u20ac13,95<\/td>\n<td style=\"text-align: left;\">\u20ac125,-<\/td>\n<\/tr>\n<tr>\n<td>Estonie<\/td>\n<td>4 &#8211; 6<\/td>\n<td>\u20ac19,95<\/td>\n<td style=\"text-align: left;\">\u20ac125,-<\/td>\n<\/tr>\n<tr>\n<td>France<\/td>\n<td>2 &#8211; 3<\/td>\n<td>\u20ac10,95<\/td>\n<td style=\"text-align: left;\">\u20ac125,-<\/td>\n<\/tr>\n<tr>\n<td>Allemagne<\/td>\n<td>1 &#8211; 3<\/td>\n<td>\u20ac7,95<\/td>\n<td style=\"text-align: left;\">\u20ac125,-<\/td>\n<\/tr>\n<tr>\n<td>Gr\u00e8ce<\/td>\n<td>6 &#8211; 8<\/td>\n<td>\u20ac21,95<\/td>\n<td style=\"text-align: left;\">\u20ac125,-<\/td>\n<\/tr>\n<tr>\n<td>Irlande<\/td>\n<td>3 &#8211; 4<\/td>\n<td>\u20ac16,95<\/td>\n<td style=\"text-align: left;\">\u20ac125,-<\/td>\n<\/tr>\n<tr>\n<td>Italie<\/td>\n<td>2 &#8211; 4<\/td>\n<td>\u20ac18,95<\/td>\n<td style=\"text-align: left;\">\u20ac125,-<\/td>\n<\/tr>\n<tr>\n<td>Lettonie<\/td>\n<td>3 &#8211; 5<\/td>\n<td>\u20ac15,95<\/td>\n<td style=\"text-align: left;\">\u20ac125,-<\/td>\n<\/tr>\n<tr>\n<td>Lituanie<\/td>\n<td>3 &#8211; 5<\/td>\n<td>\u20ac22,95<\/td>\n<td style=\"text-align: left;\">\u20ac125,-<\/td>\n<\/tr>\n<tr>\n<td>Luxembourg<\/td>\n<td>1 &#8211; 2<\/td>\n<td>\u20ac11,95<\/td>\n<td style=\"text-align: left;\">\u20ac125,-<\/td>\n<\/tr>\n<tr>\n<td>Pays-Bas<\/td>\n<td>1 &#8211; 2<\/td>\n<td>\u20ac6,95<\/td>\n<td style=\"text-align: left;\">\u20ac125,-<\/td>\n<\/tr>\n<tr>\n<td>Pologne<\/td>\n<td>2 &#8211; 3<\/td>\n<td>\u20ac14,95<\/td>\n<td style=\"text-align: left;\">\u20ac125,-<\/td>\n<\/tr>\n<tr>\n<td>Portugal<\/td>\n<td>3 &#8211; 4<\/td>\n<td>\u20ac20,95<\/td>\n<td style=\"text-align: left;\">\u20ac125,-<\/td>\n<\/tr>\n<tr>\n<td>Roumanie<\/td>\n<td>3 &#8211; 5<\/td>\n<td>\u20ac17,95<\/td>\n<td style=\"text-align: left;\">\u20ac125,-<\/td>\n<\/tr>\n<tr>\n<td>Slovaquie<\/td>\n<td>3 &#8211; 5<\/td>\n<td>\u20ac17,95<\/td>\n<td style=\"text-align: left;\">\u20ac125,-<\/td>\n<\/tr>\n<tr>\n<td>Slov\u00e9nie<\/td>\n<td>2 &#8211; 3<\/td>\n<td>\u20ac17,95<\/td>\n<td style=\"text-align: left;\">\u20ac125,-<\/td>\n<\/tr>\n<tr>\n<td>Espagne<\/td>\n<td>2 &#8211; 3<\/td>\n<td>\u20ac14,95<\/td>\n<td style=\"text-align: left;\">\u20ac125,-<\/td>\n<\/tr>\n<\/tbody>\n<\/table>\n<p>* Les zones difficiles d'acc\u00e8s, comme les \u00eeles ou d'autres r\u00e9gions \u00e9loign\u00e9es, co\u00fbteront environ 20 euros de plus en raison des frais de transport suppl\u00e9mentaires.<\/p>\n<p>Note : Nous essayons d'exp\u00e9dier toutes les commandes dans un d\u00e9lai d'un jour ouvrable. Tous les d\u00e9lais de livraison sont estim\u00e9s et peuvent varier en fonction de la circulation et des jours f\u00e9ri\u00e9s.<\/p>\n\n\t\t<\/div>\n\t\t\t\t\t<\/div>\n\n\t\n\n<\/div>\n\n\t<section class=\"section\" id=\"section_1118321985\">\n\t\t<div class=\"section-bg fill\" >\n\t\t\t\t\t\t\t\t\t<div class=\"section-bg-overlay absolute fill\"><\/div>\n\t\t\t\n\t<div class=\"is-border\"\n\t\tstyle=\"border-width:0px 0px 0px 0px;\">\n\t<\/div>\n\n\t\t<\/div>\n\n\t\t\n\n\t\t<div class=\"section-content relative\">\n\t\t\t\n\n<div class=\"row row-large align-middle\"  id=\"row-1135386379\">\n\n\n\t<div id=\"col-539100533\" class=\"col medium-6 small-12 large-6\"  >\n\t\t\t\t<div class=\"col-inner text-left dark\"  >\n\t\t\t\n\t\t\t\n\n<h1>Exp\u00e9dition discr\u00e8te<\/h1>\n<p>Nous exp\u00e9dions tous nos colis europ\u00e9ens par DHL, DPD ou PostNL en fonction de la r\u00e9gion.<\/p>\n<p>Toutes nos commandes sont emball\u00e9es et exp\u00e9di\u00e9es discr\u00e8tement. Il n'y a AUCUNE r\u00e9f\u00e9rence \u00e0 l'identit\u00e9 de l'exp\u00e9diteur. Il n'y a \u00e9galement AUCUNE r\u00e9f\u00e9rence au contenu de la commande. Aucun logo ou texte mentionnant \"Headshop\" ne figure sur l'emballage.<\/p>\n\n\t\t<\/div>\n\t\t\t\t\t<\/div>\n\n\t\n\n\t<div id=\"col-2049661455\" class=\"col medium-6 small-12 large-6 small-col-first\"  >\n\t\t\t\t<div class=\"col-inner\"  >\n\t\t\t\n\t\t\t\n\n\t<div class=\"img has-hover x md-x lg-x y md-y lg-y\" id=\"image_1687590512\">\n\t\t\t\t\t\t\t\t<div class=\"img-inner image-cover dark\" style=\"padding-top:75%;\">\n\t\t\t<img loading=\"lazy\" decoding=\"async\" width=\"600\" height=\"400\" src=\"https:\/\/www.headshop.nl\/wp-content\/uploads\/2018\/05\/Discreet-Shipping-Tatanka.jpg\" class=\"attachment-original size-original\" alt=\"\" srcset=\"https:\/\/www.headshop.nl\/wp-content\/uploads\/2018\/05\/Discreet-Shipping-Tatanka.jpg 600w, https:\/\/www.headshop.nl\/wp-content\/uploads\/2018\/05\/Discreet-Shipping-Tatanka-420x280.jpg 420w, https:\/\/www.headshop.nl\/wp-content\/uploads\/2018\/05\/Discreet-Shipping-Tatanka-64x43.jpg 64w\" sizes=\"auto, (max-width: 600px) 100vw, 600px\">\t\t\t\t\t\t\n\t\t\t\t\t<\/div>\n\t\t\t\t\t\t\t\t\n<style>\n#image_1687590512 {\n  width: 100%;\n}\n<\/style>\n\t<\/div>\n\t\n\n\t<div id=\"gap-495617496\" class=\"gap-element clearfix\" style=\"display:block; height:auto;\">\n\t\t\n<style>\n#gap-495617496 {\n  padding-top: 30px;\n}\n<\/style>\n\t<\/div>\n\t\n\n\n\t\t<\/div>\n\t\t\t\t\t<\/div>\n\n\t\n\n<\/div>\n\n\t\t<\/div>\n\n\t\t\n<style>\n#section_1118321985 {\n  padding-top: 60px;\n  padding-bottom: 60px;\n}\n#section_1118321985 .section-bg-overlay {\n  background-color: #000000;\n}\n<\/style>\n\t<\/section>\n\t\n\t<div id=\"gap-1585985388\" class=\"gap-element clearfix\" style=\"display:block; height:auto;\">\n\t\t\n<style>\n#gap-1585985388 {\n  padding-top: 60px;\n}\n<\/style>\n\t<\/div>\n\t\n\n<div class=\"row row-large\"  id=\"row-1895530197\">\n\n\n\t<div id=\"col-258577311\" class=\"col medium-6 small-12 large-6\"  >\n\t\t\t\t<div class=\"col-inner text-left\"  >\n\t\t\t\n\t\t\t\n\n\t<div class=\"img has-hover x md-x lg-x y md-y lg-y\" id=\"image_339397533\">\n\t\t\t\t\t\t\t\t<div class=\"img-inner image-cover dark\" style=\"padding-top:75%;\">\n\t\t\t<img loading=\"lazy\" decoding=\"async\" width=\"500\" height=\"300\" src=\"https:\/\/www.headshop.nl\/wp-content\/uploads\/2018\/05\/Track-and-Trace-your-Package.jpg\" class=\"attachment-original size-original\" alt=\"\" srcset=\"https:\/\/www.headshop.nl\/wp-content\/uploads\/2018\/05\/Track-and-Trace-your-Package.jpg 500w, https:\/\/www.headshop.nl\/wp-content\/uploads\/2018\/05\/Track-and-Trace-your-Package-420x252.jpg 420w, https:\/\/www.headshop.nl\/wp-content\/uploads\/2018\/05\/Track-and-Trace-your-Package-64x38.jpg 64w\" sizes=\"auto, (max-width: 500px) 100vw, 500px\">\t\t\t\t\t\t\n\t\t\t\t\t<\/div>\n\t\t\t\t\t\t\t\t\n<style>\n#image_339397533 {\n  width: 100%;\n}\n<\/style>\n\t<\/div>\n\t\n\n\t<div id=\"gap-850920230\" class=\"gap-element clearfix\" style=\"display:block; height:auto;\">\n\t\t\n<style>\n#gap-850920230 {\n  padding-top: 30px;\n}\n<\/style>\n\t<\/div>\n\t\n\n\n\t\t<\/div>\n\t\t\t\t\t<\/div>\n\n\t\n\n\t<div id=\"col-2062517005\" class=\"col medium-6 small-12 large-6\"  >\n\t\t\t\t<div class=\"col-inner\"  >\n\t\t\t\n\t\t\t\n\n<h1>Suivi et tra\u00e7abilit\u00e9 des envois<\/h1>\n<p>Une fois que le transporteur a re\u00e7u votre colis, vous recevrez un e-mail contenant votre lien de suivi.<\/p>\n<p>Si vous avez manqu\u00e9 votre colis, le coursier essaiera normalement de le livrer \u00e0 nouveau plusieurs fois. Si le colis est livr\u00e9 \u00e0 un autre endroit, le coursier laissera une note indiquant l'adresse du bureau de poste le plus proche o\u00f9 vous pourrez le retirer. Dans des cas exceptionnels, le coursier livrera le colis \u00e0 vos voisins. Mais ne vous inqui\u00e9tez pas, gr\u00e2ce \u00e0 l'exp\u00e9dition discr\u00e8te, personne ne sait ce que contient le colis.<\/p>\n<p>Vous pouvez contacter l'entreprise de messagerie en lui communiquant votre num\u00e9ro de suivi pour \u00e9viter qu'elle ne nous renvoie votre colis. Normalement, un colis reste \u00e0 la poste pendant 1 \u00e0 2 semaines.<\/p>\n<p><strong>Vous n'avez pas re\u00e7u votre num\u00e9ro de suivi ?<\/strong> Veuillez v\u00e9rifier vos spams. Vous n'y \u00eates pas ? Contactez nous<strong>.<\/strong><\/p>\n\t<div id=\"gap-2035408898\" class=\"gap-element clearfix\" style=\"display:block; height:auto;\">\n\t\t\n<style>\n#gap-2035408898 {\n  padding-top: 30px;\n}\n<\/style>\n\t<\/div>\n\t\n\n\n\t\t<\/div>\n\t\t\t\t\t<\/div>\n\n\t\n\n<\/div>\n\n\t<section class=\"section\" id=\"section_418060533\">\n\t\t<div class=\"section-bg fill\" >\n\t\t\t\t\t\t\t\t\t<div class=\"section-bg-overlay absolute fill\"><\/div>\n\t\t\t\n\t<div class=\"is-border\"\n\t\tstyle=\"border-width:0px 0px 0px 0px;\">\n\t<\/div>\n\n\t\t<\/div>\n\n\t\t\n\n\t\t<div class=\"section-content relative\">\n\t\t\t\n\n<div class=\"row row-large align-middle\"  id=\"row-1440194060\">\n\n\n\t<div id=\"col-1858827291\" class=\"col medium-6 small-12 large-6\"  >\n\t\t\t\t<div class=\"col-inner dark\"  >\n\t\t\t\n\t\t\t\n\n<h1>Statut juridique dans mon pays<\/h1>\n<p>Tous nos produits sont naturels, des suppl\u00e9ments et l\u00e9gaux aux Pays-Bas. Vous ne pouvez commander que si vous avez plus de 18 ans. Vous \u00eates responsable du statut l\u00e9gal de nos produits dans votre pays. Veuillez vous informer sur les lois en vigueur dans votre pays avant d'effectuer un achat.<\/p>\n<p><strong>Important :<\/strong> Nous ne remboursons pas votre argent si les douanes ont saisi votre colis. Ils peuvent le saisir avant et apr\u00e8s son envoi dans votre pays. Cependant, vous pouvez toujours suivre votre colis pour savoir o\u00f9 il en est.<\/p>\n<p>Veuillez lire notre <span style=\"color: #749a00;\"><a style=\"color: #749a00;\" href=\"https:\/\/www.headshop.nl\/fr\/terms-and-conditions\/\" rel=\"noopener\" target=\"_blank\"><strong>Conditions d'utilisation.<\/strong><\/a><\/span><\/p>\n\n\t\t<\/div>\n\t\t\t\t\t<\/div>\n\n\t\n\n\t<div id=\"col-999576245\" class=\"col medium-6 small-12 large-6 small-col-first\"  >\n\t\t\t\t<div class=\"col-inner\"  >\n\t\t\t\n\t\t\t\n\n\t<div class=\"img has-hover x md-x lg-x y md-y lg-y\" id=\"image_2098400611\">\n\t\t\t\t\t\t\t\t<div class=\"img-inner image-cover dark\" style=\"padding-top:75%;\">\n\t\t\t<img loading=\"lazy\" decoding=\"async\" width=\"500\" height=\"341\" src=\"https:\/\/www.headshop.nl\/wp-content\/uploads\/2018\/05\/Tatanka-delivery.jpg\" class=\"attachment-original size-original\" alt=\"\" srcset=\"https:\/\/www.headshop.nl\/wp-content\/uploads\/2018\/05\/Tatanka-delivery.jpg 500w, https:\/\/www.headshop.nl\/wp-content\/uploads\/2018\/05\/Tatanka-delivery-420x286.jpg 420w, https:\/\/www.headshop.nl\/wp-content\/uploads\/2018\/05\/Tatanka-delivery-64x44.jpg 64w\" sizes=\"auto, (max-width: 500px) 100vw, 500px\">\t\t\t\t\t\t\n\t\t\t\t\t<\/div>\n\t\t\t\t\t\t\t\t\n<style>\n#image_2098400611 {\n  width: 100%;\n}\n<\/style>\n\t<\/div>\n\t\n\n\t<div id=\"gap-1711832263\" class=\"gap-element clearfix\" style=\"display:block; height:auto;\">\n\t\t\n<style>\n#gap-1711832263 {\n  padding-top: 30px;\n}\n<\/style>\n\t<\/div>\n\t\n\n\n\t\t<\/div>\n\t\t\t\t\t<\/div>\n\n\t\n\n<\/div>\n\n\t\t<\/div>\n\n\t\t\n<style>\n#section_418060533 {\n  padding-top: 60px;\n  padding-bottom: 60px;\n}\n#section_418060533 .section-bg-overlay {\n  background-color: #000000;\n}\n<\/style>\n\t<\/section>\n\t\n\t<div id=\"gap-258379063\" class=\"gap-element clearfix\" style=\"display:block; height:auto;\">\n\t\t\n<style>\n#gap-258379063 {\n  padding-top: 40px;\n}\n<\/style>\n\t<\/div>\n\t\n\n<div class=\"row row-large align-middle\"  id=\"row-647447801\">\n\n\n\t<div id=\"col-1223694948\" class=\"col medium-6 small-12 large-6\"  >\n\t\t\t\t<div class=\"col-inner\"  >\n\t\t\t\n\t\t\t\n\n\t<div class=\"img has-hover x md-x lg-x y md-y lg-y\" id=\"image_619603700\">\n\t\t\t\t\t\t\t\t<div class=\"img-inner image-cover dark\" style=\"padding-top:75%;\">\n\t\t\t<img loading=\"lazy\" decoding=\"async\" width=\"600\" height=\"340\" src=\"https:\/\/www.headshop.nl\/wp-content\/uploads\/2018\/05\/Shipping-after-Payment.jpg\" class=\"attachment-original size-original\" alt=\"\" srcset=\"https:\/\/www.headshop.nl\/wp-content\/uploads\/2018\/05\/Shipping-after-Payment.jpg 600w, https:\/\/www.headshop.nl\/wp-content\/uploads\/2018\/05\/Shipping-after-Payment-420x238.jpg 420w, https:\/\/www.headshop.nl\/wp-content\/uploads\/2018\/05\/Shipping-after-Payment-64x36.jpg 64w\" sizes=\"auto, (max-width: 600px) 100vw, 600px\">\t\t\t\t\t\t\n\t\t\t\t\t<\/div>\n\t\t\t\t\t\t\t\t\n<style>\n#image_619603700 {\n  width: 100%;\n}\n<\/style>\n\t<\/div>\n\t\n\n\t<div id=\"gap-1253119582\" class=\"gap-element clearfix\" style=\"display:block; height:auto;\">\n\t\t\n<style>\n#gap-1253119582 {\n  padding-top: 30px;\n}\n<\/style>\n\t<\/div>\n\t\n\n\n\t\t<\/div>\n\t\t\t\t\t<\/div>\n\n\t\n\n\t<div id=\"col-1491077861\" class=\"col medium-6 small-12 large-6\"  >\n\t\t\t\t<div class=\"col-inner text-left\"  >\n\t\t\t\n\t\t\t\n\n<h1><strong>Nous exp\u00e9dions apr\u00e8s r\u00e9ception du paiement.<\/strong><\/h1>\n<p>Veuillez noter que nous ne pouvons pr\u00e9parer les commandes qu'apr\u00e8s r\u00e9ception de votre paiement. Votre colis est pr\u00e9par\u00e9 dans les 24 heures suivant la confirmation du paiement.<\/p>\n<p>Certaines m\u00e9thodes de paiement, comme le virement bancaire, prennent jusqu'\u00e0 quelques jours. Si vous utilisez la m\u00e9thode de banque en ligne, nous recevons presque imm\u00e9diatement le paiement, ce qui nous permet d'exp\u00e9dier votre colis plus rapidement.<\/p>\n<a href=\"https:\/\/www.headshop.nl\/fr\/payment-methods\/\" class=\"button primary box-shadow-2 box-shadow-4-hover\" target=\"_blank\" rel=\"noopener\">\n\t\t<span>Options de paiement<\/span>\n\t<\/a>\n\n\n\n\t\t<\/div>\n\t\t\t\t\t<\/div>\n\n\t\n\n<\/div>\n\t<div id=\"gap-1536278022\" class=\"gap-element clearfix\" style=\"display:block; height:auto;\">\n\t\t\n<style>\n#gap-1536278022 {\n  padding-top: 30px;\n}\n<\/style>\n\t<\/div>\n\t\n\n\n\t<section class=\"section\" id=\"section_675885970\">\n\t\t<div class=\"section-bg fill\" >\n\t\t\t\t\t\t\t\t\t\n\t\t\t\n\n\t\t<\/div>\n\n\t\t\n\n\t\t<div class=\"section-content relative\">\n\t\t\t\n\n<div class=\"row align-middle align-center\"  id=\"row-872289\">\n\n\n\t<div id=\"col-78057321\" class=\"col medium-6 small-12 large-6\"  >\n\t\t\t\t<div class=\"col-inner text-left dark\"  >\n\t\t\t\n\t\t\t\n\n\t<div id=\"gap-1849778238\" class=\"gap-element clearfix\" style=\"display:block; height:auto;\">\n\t\t\n<style>\n#gap-1849778238 {\n  padding-top: 30px;\n}\n<\/style>\n\t<\/div>\n\t\n\n<p>Nous livrons presque partout dans l'UE. N\u00e9anmoins, nous sommes fiers de notre h\u00e9ritage n\u00e9erlandais. Voici quelques villes n\u00e9erlandaises qui font appel \u00e0 nos services et \u00e0 nos produits :<\/p>\n\n\t\t<\/div>\n\t\t\t\t\t<\/div>\n\n\t\n\n\t<div id=\"col-13139829\" class=\"col hide-for-small medium-6 small-12 large-6\"  >\n\t\t\t\t<div class=\"col-inner\"  >\n\t\t\t\n\t\t\t\n\n\n\t\t<\/div>\n\t\t\t\t\t<\/div>\n\n\t\n\n<\/div>\n<div class=\"row align-middle align-center\"  id=\"row-1519853620\">\n\n\n\t<div id=\"col-1378216090\" class=\"col medium-3 small-12 large-3\"  >\n\t\t\t\t<div class=\"col-inner text-left dark\"  >\n\t\t\t\n\t\t\t\n\n<p><a href=\"https:\/\/www.headshop.nl\/fr\/smartshop-alkmaar\/\">Alkmaar<\/a><br \/><a href=\"https:\/\/www.headshop.nl\/fr\/smartshop-almere\/\">Almere<\/a><br \/><a href=\"https:\/\/www.headshop.nl\/fr\/smartshop-amersfoort\/\">Amersfoort<\/a><br \/><a href=\"https:\/\/www.headshop.nl\/fr\/smartshop-apeldoorn\/\">Apeldoorn<\/a><br \/><a href=\"https:\/\/www.headshop.nl\/fr\/smartshop-arnhem\/\">Arnhem<\/a><br \/><a href=\"https:\/\/www.headshop.nl\/fr\/smartshop-bergen-op-zoom\/\">Bergen Op Zoom<\/a><br \/><a href=\"https:\/\/www.headshop.nl\/fr\/smartshop-breda\/\">Breda<\/a><br \/><a href=\"https:\/\/www.headshop.nl\/fr\/smartshop-delft\/\">Delft<\/a><br \/><a href=\"https:\/\/www.headshop.nl\/fr\/smartshop-den-bosch\/\">Den Bosch<\/a><br \/><a href=\"https:\/\/www.headshop.nl\/fr\/smartshop-den-haag\/\">La Haye<\/a><br \/><a href=\"https:\/\/www.headshop.nl\/fr\/smartshop-eindhoven\/\">Eindhoven<\/a><br \/><a href=\"https:\/\/www.headshop.nl\/fr\/smartshop-emmen\/\">Emmen<\/a><br \/><a href=\"https:\/\/www.headshop.nl\/fr\/smartshop-enschede\/\">Enschede<\/a><br \/><a href=\"https:\/\/www.headshop.nl\/fr\/smartshop-groningen\/\">Groningue<\/a><br \/><a href=\"https:\/\/www.headshop.nl\/fr\/smartshop-haarlem\/\">Haarlem<\/a><br \/><a href=\"https:\/\/www.headshop.nl\/fr\/smartshop-heerlen\/\">Heerlen<\/a><\/p>\n\n\t\t<\/div>\n\t\t\t\t\t<\/div>\n\n\t\n\n\t<div id=\"col-1708965793\" class=\"col medium-3 small-12 large-3\"  >\n\t\t\t\t<div class=\"col-inner text-left dark\"  >\n\t\t\t\n\t\t\t\n\n<p><a href=\"https:\/\/www.headshop.nl\/fr\/smartshop-hengelo\/\">Hengelo<\/a><br \/><a href=\"https:\/\/www.headshop.nl\/fr\/smartshop-hilversum\/\">Hilversum<\/a><br \/><a href=\"https:\/\/www.headshop.nl\/fr\/smartshop-hoorn\/\">Hoorn<\/a><br \/><a href=\"https:\/\/www.headshop.nl\/fr\/smartshop-leeuwarden\/\">Leeuwarden<\/a><br \/><a href=\"https:\/\/www.headshop.nl\/fr\/smartshop-leiden\/\">Leyde<\/a><br \/><a href=\"https:\/\/www.headshop.nl\/fr\/smartshop-maastricht\/\">Maastricht<\/a><br \/><a href=\"https:\/\/www.headshop.nl\/fr\/smartshop-nijmegen\/\">Nijmegen<\/a><br \/><a href=\"https:\/\/www.headshop.nl\/fr\/smartshop-oss\/\">Oss<\/a><br \/><a href=\"https:\/\/www.headshop.nl\/fr\/smartshop-roermond\/\">Roermond<\/a><br \/><a href=\"https:\/\/www.headshop.nl\/fr\/smartshop-rotterdam\/\">Rotterdam<\/a><br \/><a href=\"https:\/\/www.headshop.nl\/fr\/smartshop-tiel\/\">Tiel<\/a><br \/><a href=\"https:\/\/www.headshop.nl\/fr\/smartshop-tilburg\/\">Tilburg<\/a><br \/><a href=\"https:\/\/www.headshop.nl\/fr\/smartshop-utrecht\/\">Utrecht<\/a><br \/><a href=\"https:\/\/www.headshop.nl\/fr\/smartshop-venlo\/\">Venlo<\/a><br \/><a href=\"https:\/\/www.headshop.nl\/fr\/smartshop-vlaardingen\/\">Vlaardingen<\/a><br \/><a href=\"https:\/\/www.headshop.nl\/fr\/smartshop-zwolle\/\">Zwolle<\/a><\/p>\n\n\t\t<\/div>\n\t\t\t\t\t<\/div>\n\n\t\n\n\t<div id=\"col-1254093216\" class=\"col medium-6 small-12 large-6\"  >\n\t\t\t\t<div class=\"col-inner\"  >\n\t\t\t\n\t\t\t\n\n\t<div class=\"img has-hover x md-x lg-x y md-y lg-y\" id=\"image_90761643\">\n\t\t\t\t\t\t\t\t<div class=\"img-inner dark\" >\n\t\t\t<img loading=\"lazy\" decoding=\"async\" width=\"500\" height=\"434\" src=\"https:\/\/www.headshop.nl\/wp-content\/uploads\/2022\/02\/Europe-Headshop.png\" class=\"attachment-large size-large\" alt=\"Europe Headshop\" srcset=\"https:\/\/www.headshop.nl\/wp-content\/uploads\/2022\/02\/Europe-Headshop.png 500w, https:\/\/www.headshop.nl\/wp-content\/uploads\/2022\/02\/Europe-Headshop-380x330.png 380w, https:\/\/www.headshop.nl\/wp-content\/uploads\/2022\/02\/Europe-Headshop-420x365.png 420w, https:\/\/www.headshop.nl\/wp-content\/uploads\/2022\/02\/Europe-Headshop-64x56.png 64w\" sizes=\"auto, (max-width: 500px) 100vw, 500px\" \/>\t\t\t\t\t\t\n\t\t\t\t\t<\/div>\n\t\t\t\t\t\t\t\t\n<style>\n#image_90761643 {\n  width: 100%;\n}\n<\/style>\n\t<\/div>\n\t\n\n\n\t\t<\/div>\n\t\t\t\t\t<\/div>\n\n\t\n\n<\/div>\n\n\t\t<\/div>\n\n\t\t\n<style>\n#section_675885970 {\n  padding-top: 30px;\n  padding-bottom: 30px;\n  background-color: rgb(0,0,0);\n}\n<\/style>\n\t<\/section>","protected":false},"excerpt":{"rendered":"","protected":false},"author":807,"featured_media":0,"parent":0,"menu_order":0,"comment_status":"closed","ping_status":"closed","template":"page-blank.php","meta":{"footnotes":""},"class_list":["post-1001","page","type-page","status-publish","hentry"],"_links":{"self":[{"href":"https:\/\/www.headshop.nl\/fr\/wp-json\/wp\/v2\/pages\/1001","targetHints":{"allow":["GET"]}}],"collection":[{"href":"https:\/\/www.headshop.nl\/fr\/wp-json\/wp\/v2\/pages"}],"about":[{"href":"https:\/\/www.headshop.nl\/fr\/wp-json\/wp\/v2\/types\/page"}],"author":[{"embeddable":true,"href":"https:\/\/www.headshop.nl\/fr\/wp-json\/wp\/v2\/users\/807"}],"replies":[{"embeddable":true,"href":"https:\/\/www.headshop.nl\/fr\/wp-json\/wp\/v2\/comments?post=1001"}],"version-history":[{"count":2,"href":"https:\/\/www.headshop.nl\/fr\/wp-json\/wp\/v2\/pages\/1001\/revisions"}],"predecessor-version":[{"id":84295,"href":"https:\/\/www.headshop.nl\/fr\/wp-json\/wp\/v2\/pages\/1001\/revisions\/84295"}],"wp:attachment":[{"href":"https:\/\/www.headshop.nl\/fr\/wp-json\/wp\/v2\/media?parent=1001"}],"curies":[{"name":"wp","href":"https:\/\/api.w.org\/{rel}","templated":true}]}}