{"id":8837,"date":"2018-01-12T09:25:46","date_gmt":"2018-01-12T09:25:46","guid":{"rendered":"http:\/\/headshop.nl\/?post_type=product&#038;p=8837"},"modified":"2024-09-17T10:49:33","modified_gmt":"2024-09-17T10:49:33","slug":"vegetarian-transparent-capsules","status":"publish","type":"product","link":"https:\/\/www.headshop.nl\/es\/vegetarian-transparent-capsules\/","title":{"rendered":"Tapones vegetarianos - Talla 00"},"content":{"rendered":"<h2>Tapones vegetarianos - Talla 00<\/h2>\n<p><span style=\"color: #000000;\"> Elaborado con HPMC (hidroxil propil metil celulosa) 100% de origen vegetal, no contiene subproductos animales, EEB, conservantes, colorantes artificiales, almid\u00f3n, az\u00facar, ma\u00edz, trigo ni productos l\u00e1cteos.<\/span><\/p>","protected":false},"excerpt":{"rendered":"<p><span style=\"color: #000000;\">B\u00e1sicamente, \u00a1puedes rellenar esas c\u00e1psulas con lo que quieras! Es 100% vegetariano y transparente. Tama\u00f1o 00, disponible en 100 c\u00e1psulas o 1000 c\u00e1psulas.<br \/>\n<\/span><\/p>","protected":false},"featured_media":13053,"template":"","meta":[],"product_brand":[],"product_cat":[297,485,414],"product_tag":[],"class_list":{"0":"post-8837","1":"product","2":"type-product","3":"status-publish","4":"has-post-thumbnail","6":"product_cat-all-products","7":"product_cat-capsules","8":"product_cat-headshop","9":"product_shipping_class-creditcard-on","11":"first","12":"instock","13":"taxable","14":"shipping-taxable","15":"purchasable","16":"product-type-variable","17":"has-default-attributes"},"_links":{"self":[{"href":"https:\/\/www.headshop.nl\/es\/wp-json\/wp\/v2\/product\/8837","targetHints":{"allow":["GET"]}}],"collection":[{"href":"https:\/\/www.headshop.nl\/es\/wp-json\/wp\/v2\/product"}],"about":[{"href":"https:\/\/www.headshop.nl\/es\/wp-json\/wp\/v2\/types\/product"}],"wp:featuredmedia":[{"embeddable":true,"href":"https:\/\/www.headshop.nl\/es\/wp-json\/wp\/v2\/media\/13053"}],"wp:attachment":[{"href":"https:\/\/www.headshop.nl\/es\/wp-json\/wp\/v2\/media?parent=8837"}],"wp:term":[{"taxonomy":"product_brand","embeddable":true,"href":"https:\/\/www.headshop.nl\/es\/wp-json\/wp\/v2\/product_brand?post=8837"},{"taxonomy":"product_cat","embeddable":true,"href":"https:\/\/www.headshop.nl\/es\/wp-json\/wp\/v2\/product_cat?post=8837"},{"taxonomy":"product_tag","embeddable":true,"href":"https:\/\/www.headshop.nl\/es\/wp-json\/wp\/v2\/product_tag?post=8837"}],"curies":[{"name":"wp","href":"https:\/\/api.w.org\/{rel}","templated":true}]}}