{"id":8711,"date":"2018-01-09T15:17:44","date_gmt":"2018-01-09T15:17:44","guid":{"rendered":"http:\/\/headshop.nl\/?post_type=product&#038;p=8711"},"modified":"2024-09-17T10:49:38","modified_gmt":"2024-09-17T10:49:38","slug":"smoking-silver-kingsize-box","status":"publish","type":"product","link":"https:\/\/www.headshop.nl\/es\/smoking-silver-kingsize-box\/","title":{"rendered":"Smoking Plata, ultrafino"},"content":{"rendered":"<h2><span style=\"color: #000000; font-size: 95%;\">Smoking Papel de liar plateado, caja Kingsize.<\/span><\/h2>\n<p><span style=\"color: #000000;\">Cada hoja est\u00e1 hecha de papel de arroz puro con marca de agua para mayor seguridad y goma natural que se pega siempre. Un papelito doblado con las hojas te recuerda cu\u00e1ndo te est\u00e1s quedando sin ellas. Un paquete individual contiene 33 papeles de liar. La caja completa contiene 50 paquetes.<\/span><\/p>\n<p><span style=\"color: #000000;\"><strong>Tipo:<\/strong> Papel de arroz puro + 100% Goma vegetal natural<\/span><br \/>\n<span style=\"color: #000000;\"><strong> Papel:<\/strong> Ultraligero + Extraplano<\/span><br \/>\n<span style=\"color: #000000;\"><strong> Papel de liar:<\/strong> 33 hojas por paquete<\/span><br \/>\n<span style=\"color: #000000;\"><strong> Caja:<\/strong> Contiene 50 paquetes<\/span><br \/>\n<span style=\"color: #000000;\"><strong> Tama\u00f1o:<\/strong> 108 mm x 37 mm<\/span><br \/>\n<span style=\"color: #000000;\"><strong> Weight:<\/strong> 13 g\/m2<\/span><\/p>","protected":false},"excerpt":{"rendered":"<p><span style=\"color: #000000;\">Smoking Silver Extra Slim Rolling Papers son ultraligeros y de combusti\u00f3n lenta. Estos papeles de liar son f\u00e1ciles de enrollar. La anchura de cada papel es de s\u00f3lo 37 mm por lo que si te gusta fumar menos papel entonces Smoking Silver es para ti. Contiene 50 paquetes.<\/span><\/p>","protected":false},"featured_media":13283,"template":"","meta":[],"product_brand":[],"product_cat":[297,414,446,421],"product_tag":[],"class_list":{"0":"post-8711","1":"product","2":"type-product","3":"status-publish","4":"has-post-thumbnail","6":"product_cat-all-products","7":"product_cat-headshop","8":"product_cat-papers","9":"product_cat-rolling-papers","10":"product_shipping_class-creditcard-on","12":"first","13":"instock","14":"taxable","15":"shipping-taxable","16":"purchasable","17":"product-type-simple"},"_links":{"self":[{"href":"https:\/\/www.headshop.nl\/es\/wp-json\/wp\/v2\/product\/8711","targetHints":{"allow":["GET"]}}],"collection":[{"href":"https:\/\/www.headshop.nl\/es\/wp-json\/wp\/v2\/product"}],"about":[{"href":"https:\/\/www.headshop.nl\/es\/wp-json\/wp\/v2\/types\/product"}],"wp:featuredmedia":[{"embeddable":true,"href":"https:\/\/www.headshop.nl\/es\/wp-json\/wp\/v2\/media\/13283"}],"wp:attachment":[{"href":"https:\/\/www.headshop.nl\/es\/wp-json\/wp\/v2\/media?parent=8711"}],"wp:term":[{"taxonomy":"product_brand","embeddable":true,"href":"https:\/\/www.headshop.nl\/es\/wp-json\/wp\/v2\/product_brand?post=8711"},{"taxonomy":"product_cat","embeddable":true,"href":"https:\/\/www.headshop.nl\/es\/wp-json\/wp\/v2\/product_cat?post=8711"},{"taxonomy":"product_tag","embeddable":true,"href":"https:\/\/www.headshop.nl\/es\/wp-json\/wp\/v2\/product_tag?post=8711"}],"curies":[{"name":"wp","href":"https:\/\/api.w.org\/{rel}","templated":true}]}}