{"id":8706,"date":"2018-01-09T14:48:00","date_gmt":"2018-01-09T14:48:00","guid":{"rendered":"http:\/\/headshop.nl\/?post_type=product&#038;p=8706"},"modified":"2024-09-17T10:49:39","modified_gmt":"2024-09-17T10:49:39","slug":"smoking-hemp-kingsize-box","status":"publish","type":"product","link":"https:\/\/www.headshop.nl\/es\/smoking-hemp-kingsize-box\/","title":{"rendered":"Smoking Verde, C\u00e1\u00f1amo"},"content":{"rendered":"<h2><span style=\"color: #000000; font-size: 95%;\">Smoking Papel de liar de c\u00e1\u00f1amo verde, caja Kingsize.<\/span><\/h2>\n<p><span style=\"color: #000000;\">Cada una de las hojas est\u00e1 hecha de papel de c\u00e1\u00f1amo puro con marca de agua para mayor seguridad y goma natural que se pega siempre. Un papelito doblado con las hojas te recuerda cuando te est\u00e1s quedando sin ellas. Un paquete individual contiene 33 papeles de liar. La caja completa contiene 50 paquetes.<\/span><\/p>\n<p><span style=\"color: #000000;\"><strong> Tipo:<\/strong> Papel de combusti\u00f3n lenta de c\u00e1\u00f1amo puro<\/span><br \/>\n<span style=\"color: #000000;\"><strong> Rolling Papers:<\/strong> 33 hojas por paquete<\/span><br \/>\n<span style=\"color: #000000;\"><strong> Caja:<\/strong> Contiene 50 paquetes<\/span><br \/>\n<span style=\"color: #000000;\"><strong> Tama\u00f1o:<\/strong> 108 mm x 52 mm<\/span><br \/>\n<span style=\"color: #000000;\"><strong> Weight:<\/strong> 15 g\/m2<\/span><\/p>","protected":false},"excerpt":{"rendered":"<p><span style=\"color: #000000;\">Smoking C\u00e1\u00f1amo Verde Smoking Papers est\u00e1n hechos de 100% c\u00e1\u00f1amo puro y se quema muy lentamente y utiliza s\u00f3lo goma natural. Completamente libre de productos qu\u00edmicos Smoking c\u00e1\u00f1amo es una opci\u00f3n popular, siendo un poco m\u00e1s ancha son m\u00e1s f\u00e1ciles de rodar. Contiene 50 paquetes.<\/span><\/p>","protected":false},"featured_media":13229,"template":"","meta":[],"product_brand":[],"product_cat":[297,414,446,421],"product_tag":[],"class_list":{"0":"post-8706","1":"product","2":"type-product","3":"status-publish","4":"has-post-thumbnail","6":"product_cat-all-products","7":"product_cat-headshop","8":"product_cat-papers","9":"product_cat-rolling-papers","10":"product_shipping_class-creditcard-on","12":"first","13":"instock","14":"taxable","15":"shipping-taxable","16":"purchasable","17":"product-type-simple"},"_links":{"self":[{"href":"https:\/\/www.headshop.nl\/es\/wp-json\/wp\/v2\/product\/8706","targetHints":{"allow":["GET"]}}],"collection":[{"href":"https:\/\/www.headshop.nl\/es\/wp-json\/wp\/v2\/product"}],"about":[{"href":"https:\/\/www.headshop.nl\/es\/wp-json\/wp\/v2\/types\/product"}],"wp:featuredmedia":[{"embeddable":true,"href":"https:\/\/www.headshop.nl\/es\/wp-json\/wp\/v2\/media\/13229"}],"wp:attachment":[{"href":"https:\/\/www.headshop.nl\/es\/wp-json\/wp\/v2\/media?parent=8706"}],"wp:term":[{"taxonomy":"product_brand","embeddable":true,"href":"https:\/\/www.headshop.nl\/es\/wp-json\/wp\/v2\/product_brand?post=8706"},{"taxonomy":"product_cat","embeddable":true,"href":"https:\/\/www.headshop.nl\/es\/wp-json\/wp\/v2\/product_cat?post=8706"},{"taxonomy":"product_tag","embeddable":true,"href":"https:\/\/www.headshop.nl\/es\/wp-json\/wp\/v2\/product_tag?post=8706"}],"curies":[{"name":"wp","href":"https:\/\/api.w.org\/{rel}","templated":true}]}}