{"id":8697,"date":"2018-01-09T11:53:35","date_gmt":"2018-01-09T11:53:35","guid":{"rendered":"http:\/\/headshop.nl\/?post_type=product&#038;p=8697"},"modified":"2024-09-17T10:49:40","modified_gmt":"2024-09-17T10:49:40","slug":"smoking-gold","status":"publish","type":"product","link":"https:\/\/www.headshop.nl\/es\/smoking-gold\/","title":{"rendered":"Smoking Oro, ultrafino"},"content":{"rendered":"<h2><span style=\"color: #000000; font-size: 95%;\">Smoking Papel de liar dorado, Caja.<\/span><strong><br \/>\n<\/strong><\/h2>\n<p><span style=\"color: #000000;\">Cada papel individual es papel de arroz con marca de agua y utiliza goma natural. Un papelito doblado en las hojas te recordar\u00e1 cu\u00e1ndo te est\u00e1s quedando sin papel. Un paquete contiene 33 papeles. Una caja contiene 50 paquetes.<\/span><\/p>\n<p><span style=\"color: #000000;\"><strong>Tipo:<\/strong> Papel de Arroz Puro, Ultraligero Slim m\u00e1s Goma Natural<\/span><br \/>\n<span style=\"color: #000000;\"><strong> Papel de fumar:<\/strong> 33 papeles por paquete<\/span><br \/>\n<span style=\"color: #000000;\"><strong> Caja:<\/strong> Contiene 50 paquetes<\/span><br \/>\n<span style=\"color: #000000;\"><strong> Oficial:<\/strong> Certificado FSC<\/span><br \/>\n<span style=\"color: #000000;\"><strong> Tama\u00f1o:<\/strong> 108x44mm<\/span><br \/>\n<span style=\"color: #000000;\"><strong> Weight:<\/strong> 13 g\/m2<\/span><\/p>","protected":false},"excerpt":{"rendered":"<p><span style=\"color: #000000;\">Gold Smoking Kingsize Rolling Papers son ultraligeras y est\u00e1n hechas de papel de arroz puro. Usando goma natural cada hoja siempre se pega. Un paquete contiene 33 hojas. Una caja Kingsize contiene 50 paquetes.<br \/>\n<\/span><\/p>","protected":false},"featured_media":13227,"template":"","meta":[],"product_brand":[],"product_cat":[297,414,446,421],"product_tag":[],"class_list":{"0":"post-8697","1":"product","2":"type-product","3":"status-publish","4":"has-post-thumbnail","6":"product_cat-all-products","7":"product_cat-headshop","8":"product_cat-papers","9":"product_cat-rolling-papers","10":"product_shipping_class-creditcard-on","12":"first","13":"instock","14":"taxable","15":"shipping-taxable","16":"purchasable","17":"product-type-simple"},"_links":{"self":[{"href":"https:\/\/www.headshop.nl\/es\/wp-json\/wp\/v2\/product\/8697","targetHints":{"allow":["GET"]}}],"collection":[{"href":"https:\/\/www.headshop.nl\/es\/wp-json\/wp\/v2\/product"}],"about":[{"href":"https:\/\/www.headshop.nl\/es\/wp-json\/wp\/v2\/types\/product"}],"wp:featuredmedia":[{"embeddable":true,"href":"https:\/\/www.headshop.nl\/es\/wp-json\/wp\/v2\/media\/13227"}],"wp:attachment":[{"href":"https:\/\/www.headshop.nl\/es\/wp-json\/wp\/v2\/media?parent=8697"}],"wp:term":[{"taxonomy":"product_brand","embeddable":true,"href":"https:\/\/www.headshop.nl\/es\/wp-json\/wp\/v2\/product_brand?post=8697"},{"taxonomy":"product_cat","embeddable":true,"href":"https:\/\/www.headshop.nl\/es\/wp-json\/wp\/v2\/product_cat?post=8697"},{"taxonomy":"product_tag","embeddable":true,"href":"https:\/\/www.headshop.nl\/es\/wp-json\/wp\/v2\/product_tag?post=8697"}],"curies":[{"name":"wp","href":"https:\/\/api.w.org\/{rel}","templated":true}]}}