{"id":8690,"date":"2018-01-08T19:28:37","date_gmt":"2018-01-08T19:28:37","guid":{"rendered":"http:\/\/headshop.nl\/?post_type=product&#038;p=8690"},"modified":"2024-09-17T10:49:41","modified_gmt":"2024-09-17T10:49:41","slug":"smoking-brown","status":"publish","type":"product","link":"https:\/\/www.headshop.nl\/es\/smoking-brown\/","title":{"rendered":"Smoking Marr\u00f3n, ultrafino"},"content":{"rendered":"<h2><span style=\"color: #000000; font-size: 95%;\">Smoking Papel de liar marr\u00f3n, caja Kingsize.<\/span><strong><br \/>\n<\/strong><\/h2>\n<p><span style=\"color: #000000;\">Con este papel de liar, la empresa responde a las \u00faltimas tendencias en fumadores. El papel de liar no est\u00e1 blanqueado, es ultrafino y arde lentamente. Esto hace que fumar sea mucho m\u00e1s agradable. Una caja contiene 50 paquetes de papel de liar y cada paquete contiene 33 papeles de liar. La caja completa contiene 50 paquetes. Por lo tanto, este producto le durar\u00e1 mucho tiempo.<\/span><\/p>\n<p><span style=\"color: #000000;\"><strong> Tipo:<\/strong> Papel sin cloro y goma natural<\/span><br \/>\n<span style=\"color: #000000;\"><strong> Weight:<\/strong> 13 g\/m2<\/span><br \/>\n<span style=\"color: #000000;\"><strong> Oficial:<\/strong> Certificado FSC<\/span><br \/>\n<span style=\"color: #000000;\"><strong> Papel de liar:<\/strong> 33 hojas por paquete<\/span><br \/>\n<span style=\"color: #000000;\"><strong> Paquetes:<\/strong> La caja contiene 50 paquetes<\/span><\/p>","protected":false},"excerpt":{"rendered":"<p><span style=\"color: #000000;\">El papel marr\u00f3n sin blanquear Kingsize Slim Rolling Papers es una nueva incorporaci\u00f3n a la familia de la gama Smoking. El papel no est\u00e1 blanqueado, no contiene cloro y no tiene sabor, por lo que es perfecto para disfrutar de todo su aroma. Una caja Kingsize contiene 50 paquetes.<br \/>\n<\/span><\/p>","protected":false},"featured_media":13218,"template":"","meta":[],"product_brand":[],"product_cat":[297,414,446,421],"product_tag":[],"class_list":{"0":"post-8690","1":"product","2":"type-product","3":"status-publish","4":"has-post-thumbnail","6":"product_cat-all-products","7":"product_cat-headshop","8":"product_cat-papers","9":"product_cat-rolling-papers","10":"product_shipping_class-creditcard-on","12":"first","13":"instock","14":"taxable","15":"shipping-taxable","16":"purchasable","17":"product-type-simple"},"_links":{"self":[{"href":"https:\/\/www.headshop.nl\/es\/wp-json\/wp\/v2\/product\/8690","targetHints":{"allow":["GET"]}}],"collection":[{"href":"https:\/\/www.headshop.nl\/es\/wp-json\/wp\/v2\/product"}],"about":[{"href":"https:\/\/www.headshop.nl\/es\/wp-json\/wp\/v2\/types\/product"}],"wp:featuredmedia":[{"embeddable":true,"href":"https:\/\/www.headshop.nl\/es\/wp-json\/wp\/v2\/media\/13218"}],"wp:attachment":[{"href":"https:\/\/www.headshop.nl\/es\/wp-json\/wp\/v2\/media?parent=8690"}],"wp:term":[{"taxonomy":"product_brand","embeddable":true,"href":"https:\/\/www.headshop.nl\/es\/wp-json\/wp\/v2\/product_brand?post=8690"},{"taxonomy":"product_cat","embeddable":true,"href":"https:\/\/www.headshop.nl\/es\/wp-json\/wp\/v2\/product_cat?post=8690"},{"taxonomy":"product_tag","embeddable":true,"href":"https:\/\/www.headshop.nl\/es\/wp-json\/wp\/v2\/product_tag?post=8690"}],"curies":[{"name":"wp","href":"https:\/\/api.w.org\/{rel}","templated":true}]}}