{"id":8688,"date":"2018-01-08T19:13:05","date_gmt":"2018-01-08T19:13:05","guid":{"rendered":"http:\/\/headshop.nl\/?post_type=product&#038;p=8688"},"modified":"2025-07-28T06:34:34","modified_gmt":"2025-07-28T06:34:34","slug":"smoking-blue","status":"publish","type":"product","link":"https:\/\/www.headshop.nl\/es\/smoking-blue\/","title":{"rendered":"Smoking Azul, Kingsize"},"content":{"rendered":"<h2><span style=\"font-size: 95%; color: #000000;\">Smoking Papel de liar azul, caja Kingsize.<\/span><strong><br \/>\n<\/strong><\/h2>\n<p><span style=\"color: #000000;\">Smoking Los papeles azules son uno de los m\u00e1s populares que vendemos. Cada hoja est\u00e1 hecha de papel de arroz puro para mayor seguridad y goma natural que se pega siempre. Un papelito doblado con las hojas le recuerda cu\u00e1ndo se est\u00e1 acabando. <\/span><\/p>\n<p><span style=\"color: #000000;\"><strong>Tipo:<\/strong> Papel de arroz puro y goma natural<\/span><br \/>\n<span style=\"color: #000000;\"><strong>Rolling Papers:<\/strong> 33 hojas por paquete<\/span><br \/>\n<span style=\"color: #000000;\"><strong>Paquetes:<\/strong> 50 paquetes<\/span><br \/>\n<span style=\"color: #000000;\"><strong> Tama\u00f1o:<\/strong> 108 mm x 52 mm<\/span><br \/>\n<span style=\"color: #000000;\"><strong> Oficial:<\/strong> Certificado FSC<\/span><br \/>\n<span style=\"color: #000000;\"><strong> Transparencia:<\/strong> M\u00e1ximo<\/span><\/p>","protected":false},"excerpt":{"rendered":"<p><span style=\"color: #000000;\">Muy apreciado por los consumidores de marihuana, cada paquete de larga duraci\u00f3n del Smoking Azul contiene 33 hojas por paquete y tiene 50 paquetes en la caja kingsize. Esta versi\u00f3n tambi\u00e9n viene con la goma org\u00e1nica que es segura para lamer y sellar gracias al papel de arroz de alto grado.<\/span><\/p>","protected":false},"featured_media":13261,"template":"","meta":[],"product_brand":[],"product_cat":[297,414,627,446,421],"product_tag":[],"class_list":{"0":"post-8688","1":"product","2":"type-product","3":"status-publish","4":"has-post-thumbnail","6":"product_cat-all-products","7":"product_cat-headshop","8":"product_cat-headshop-top-10","9":"product_cat-papers","10":"product_cat-rolling-papers","11":"product_shipping_class-creditcard-on","13":"first","14":"instock","15":"taxable","16":"shipping-taxable","17":"purchasable","18":"product-type-simple"},"_links":{"self":[{"href":"https:\/\/www.headshop.nl\/es\/wp-json\/wp\/v2\/product\/8688","targetHints":{"allow":["GET"]}}],"collection":[{"href":"https:\/\/www.headshop.nl\/es\/wp-json\/wp\/v2\/product"}],"about":[{"href":"https:\/\/www.headshop.nl\/es\/wp-json\/wp\/v2\/types\/product"}],"wp:featuredmedia":[{"embeddable":true,"href":"https:\/\/www.headshop.nl\/es\/wp-json\/wp\/v2\/media\/13261"}],"wp:attachment":[{"href":"https:\/\/www.headshop.nl\/es\/wp-json\/wp\/v2\/media?parent=8688"}],"wp:term":[{"taxonomy":"product_brand","embeddable":true,"href":"https:\/\/www.headshop.nl\/es\/wp-json\/wp\/v2\/product_brand?post=8688"},{"taxonomy":"product_cat","embeddable":true,"href":"https:\/\/www.headshop.nl\/es\/wp-json\/wp\/v2\/product_cat?post=8688"},{"taxonomy":"product_tag","embeddable":true,"href":"https:\/\/www.headshop.nl\/es\/wp-json\/wp\/v2\/product_tag?post=8688"}],"curies":[{"name":"wp","href":"https:\/\/api.w.org\/{rel}","templated":true}]}}