{"id":8656,"date":"2018-01-08T14:12:55","date_gmt":"2018-01-08T14:12:55","guid":{"rendered":"http:\/\/headshop.nl\/?post_type=product&#038;p=8656"},"modified":"2024-09-17T10:49:45","modified_gmt":"2024-09-17T10:49:45","slug":"solinder-grinder-big","status":"publish","type":"product","link":"https:\/\/www.headshop.nl\/es\/solinder-grinder-big\/","title":{"rendered":"Solinder Grinder, Rojo"},"content":{"rendered":"<h2>Solinder Grinder, Rojo<\/h2>\n<p><span style=\"color: #000000;\">Imposible pasar por alto el Solinder de los \u00faltimos a\u00f1os: Un molinillo con el acabado perfecto que ofrece un molido de calidad incomparable. Su dise\u00f1o es un poco m\u00e1s sobrio que el de la Thorinder pero hace el mismo trabajo. Los dientes tienen forma de aleta de tibur\u00f3n al igual que su predecesora.<\/span><\/p>\n<p><span style=\"color: #000000;\">Compuesto de 4 partes, se suministra en una caja con una esp\u00e1tula para la recuperaci\u00f3n de las part\u00edculas.<\/span><\/p>\n<p><span style=\"color: #000000;\">\u00a0<\/span><\/p>","protected":false},"excerpt":{"rendered":"<p><span style=\"color: #000000;\">Este molinillo Solinder Red puede recordarle a algo por sus acabados impecables y su logotipo distintivo. Aqu\u00ed tienes el nuevo modelo de la marca. \u00a1El Solinder est\u00e1 fabricado en aluminio anodizado que te dejar\u00e1 sin palabras!<\/span><\/p>","protected":false},"featured_media":12393,"template":"","meta":[],"product_brand":[],"product_cat":[440,297,420,414,437],"product_tag":[],"class_list":{"0":"post-8656","1":"product","2":"type-product","3":"status-publish","4":"has-post-thumbnail","6":"product_cat-4-part-grinders","7":"product_cat-all-products","8":"product_cat-grinders","9":"product_cat-headshop","10":"product_cat-metal","11":"product_shipping_class-creditcard-on","13":"first","14":"instock","15":"taxable","16":"shipping-taxable","17":"purchasable","18":"product-type-simple"},"_links":{"self":[{"href":"https:\/\/www.headshop.nl\/es\/wp-json\/wp\/v2\/product\/8656","targetHints":{"allow":["GET"]}}],"collection":[{"href":"https:\/\/www.headshop.nl\/es\/wp-json\/wp\/v2\/product"}],"about":[{"href":"https:\/\/www.headshop.nl\/es\/wp-json\/wp\/v2\/types\/product"}],"wp:featuredmedia":[{"embeddable":true,"href":"https:\/\/www.headshop.nl\/es\/wp-json\/wp\/v2\/media\/12393"}],"wp:attachment":[{"href":"https:\/\/www.headshop.nl\/es\/wp-json\/wp\/v2\/media?parent=8656"}],"wp:term":[{"taxonomy":"product_brand","embeddable":true,"href":"https:\/\/www.headshop.nl\/es\/wp-json\/wp\/v2\/product_brand?post=8656"},{"taxonomy":"product_cat","embeddable":true,"href":"https:\/\/www.headshop.nl\/es\/wp-json\/wp\/v2\/product_cat?post=8656"},{"taxonomy":"product_tag","embeddable":true,"href":"https:\/\/www.headshop.nl\/es\/wp-json\/wp\/v2\/product_tag?post=8656"}],"curies":[{"name":"wp","href":"https:\/\/api.w.org\/{rel}","templated":true}]}}