{"id":8564,"date":"2018-01-05T14:47:41","date_gmt":"2018-01-05T14:47:41","guid":{"rendered":"http:\/\/headshop.nl\/?post_type=product&#038;p=8564"},"modified":"2025-01-29T13:04:59","modified_gmt":"2025-01-29T13:04:59","slug":"100-guarana-powder","status":"publish","type":"product","link":"https:\/\/www.headshop.nl\/es\/100-guarana-powder\/","title":{"rendered":"Guarana polvo"},"content":{"rendered":"<h2>\u00bfQu\u00e9 es Guarana?<\/h2>\n<p>Guarana (Paullinia Cupana) es una planta trepadora tropical originaria de la Amazonia, especialmente en Brasil. Las tribus ind\u00edgenas han utilizado sus peque\u00f1as bayas y semillas de color marr\u00f3n rojizo durante siglos, no s\u00f3lo como fuente de alimento sino por sus propiedades energ\u00e9ticas. Considerada un s\u00edmbolo cultural, la Guarana ha desempe\u00f1ado un papel vital en su modo de vida, a menudo utilizada para aumentar la energ\u00eda y el estado de alerta durante la caza y la guerra.<\/p>\n<p>La caracter\u00edstica m\u00e1s notable de Guarana es su contenido excepcionalmente alto de cafe\u00edna, de 4 a 6 veces m\u00e1s que el caf\u00e9. A diferencia del caf\u00e9, que proporciona un r\u00e1pido pico de energ\u00eda, Guarana libera cafe\u00edna gradualmente, proporcionando un impulso de energ\u00eda constante sin el choque. Esto hace que sea un excelente suplemento natural para aquellos que buscan vitalidad sostenida, apoyando el rendimiento mental y f\u00edsico.<\/p>\n<h2>Historia de Guarana<\/h2>\n<p>La Guarana tiene profundas ra\u00edces hist\u00f3ricas en el Amazonas, donde las tribus ind\u00edgenas han dependido de ella durante siglos. Conocida por sus propiedades estimulantes, la planta se utilizaba tradicionalmente durante las expediciones de caza y antes de las batallas para mejorar la resistencia y la concentraci\u00f3n. Las tribus mol\u00edan las bayas hasta convertirlas en un polvo fino o las mezclaban con agua para crear bebidas energizantes.<\/p>\n<p>M\u00e1s all\u00e1 de su uso tradicional, el Guarana tiene un significado cultural como parte esencial de los rituales tribales y de supervivencia. Con el tiempo, sus beneficios han ido adquiriendo un mayor reconocimiento, lo que ha llevado a su uso moderno en bebidas energ\u00e9ticas, suplementos diet\u00e9ticos y productos para la p\u00e9rdida de peso. El Indian Elements Guarana contin\u00faa esta tradici\u00f3n, proporcionando una soluci\u00f3n natural y eficaz para aumentar la energ\u00eda.<\/p>\n<h2>C\u00f3mo utilizar Guarana<\/h2>\n<p>La dosis recomendada de Indian Elements Guarana es <strong>1 gramo al d\u00eda<\/strong>Por lo que es una adici\u00f3n f\u00e1cil y conveniente a su rutina. Basta con mezclar el polvo en una bebida, batido o licuado. Su cafe\u00edna de liberaci\u00f3n lenta garantiza una energ\u00eda sostenida, una mejor concentraci\u00f3n y una mayor claridad mental durante todo el d\u00eda.<\/p>\n<p>Para obtener los mejores resultados, tome Guarana en el <strong>por la ma\u00f1ana o a primera hora de la tarde<\/strong> para no interferir con el sue\u00f1o. Es especialmente beneficioso para mantener la concentraci\u00f3n durante largas sesiones de trabajo o estudio. Los deportistas tambi\u00e9n pueden utilizar Guarana para mejorar la resistencia y reducir la fatiga durante actividades f\u00edsicas intensas.<\/p>\n<h2>Ingredientes del Guarana<\/h2>\n<p>Indian Elements Guarana contiene <strong>un solo ingrediente<\/strong>-la semilla molida del <strong>Paullinia Cupana<\/strong> planta. Este polvo puro y natural conserva todos los beneficios para la salud del Guarana, incluido su alto contenido en cafe\u00edna y antioxidantes que contribuyen al bienestar general.<\/p>\n<p>El Guarana tambi\u00e9n tiene propiedades supresoras del apetito, lo que lo convierte en una opci\u00f3n popular para el control del peso. Sus antioxidantes ayudan a combatir el estr\u00e9s oxidativo, contribuyendo a la vitalidad a largo plazo. Con su combinaci\u00f3n de cafe\u00edna y compuestos naturales, Guarana sirve como un potente suplemento para la energ\u00eda, la concentraci\u00f3n y la resistencia.<\/p>\n<h3>Advertencia<\/h3>\n<ul>\n<li>Para uso de particulares <strong>Mayores de 18 a\u00f1os<\/strong> s\u00f3lo.<\/li>\n<li>Mantener fuera del alcance de los ni\u00f1os.<\/li>\n<li>No recomendado para personas con afecciones card\u00edacas.<\/li>\n<li>Este producto es un suplemento diet\u00e9tico y debe utilizarse como tal.<\/li>\n<li>No compre si el precinto est\u00e1 roto.<\/li>\n<\/ul>","protected":false},"excerpt":{"rendered":"<p><span style=\"color: #000000;\">El polvo Guarana contiene cafe\u00edna, vitaminas B y C, taninos, colina, guaranina, teobromina y teofilina. Guarana es 5 veces m\u00e1s fuerte y dura m\u00e1s que la cafe\u00edna de los granos de caf\u00e9, proporcionando energ\u00eda sostenida.<\/span><\/p>","protected":false},"featured_media":82160,"template":"","meta":[],"product_brand":[],"product_cat":[297,455,389,457,814,407,384,456],"product_tag":[],"class_list":{"0":"post-8564","1":"product","2":"type-product","3":"status-publish","4":"has-post-thumbnail","6":"product_cat-all-products","7":"product_cat-healthshop","8":"product_cat-herbs","9":"product_cat-herbs-healthshop","10":"product_cat-indian-elements","11":"product_cat-medicinal-herbs","12":"product_cat-smartshop","13":"product_cat-supplements","15":"first","16":"instock","17":"taxable","18":"shipping-taxable","19":"purchasable","20":"product-type-variable","21":"has-default-attributes"},"_links":{"self":[{"href":"https:\/\/www.headshop.nl\/es\/wp-json\/wp\/v2\/product\/8564","targetHints":{"allow":["GET"]}}],"collection":[{"href":"https:\/\/www.headshop.nl\/es\/wp-json\/wp\/v2\/product"}],"about":[{"href":"https:\/\/www.headshop.nl\/es\/wp-json\/wp\/v2\/types\/product"}],"wp:featuredmedia":[{"embeddable":true,"href":"https:\/\/www.headshop.nl\/es\/wp-json\/wp\/v2\/media\/82160"}],"wp:attachment":[{"href":"https:\/\/www.headshop.nl\/es\/wp-json\/wp\/v2\/media?parent=8564"}],"wp:term":[{"taxonomy":"product_brand","embeddable":true,"href":"https:\/\/www.headshop.nl\/es\/wp-json\/wp\/v2\/product_brand?post=8564"},{"taxonomy":"product_cat","embeddable":true,"href":"https:\/\/www.headshop.nl\/es\/wp-json\/wp\/v2\/product_cat?post=8564"},{"taxonomy":"product_tag","embeddable":true,"href":"https:\/\/www.headshop.nl\/es\/wp-json\/wp\/v2\/product_tag?post=8564"}],"curies":[{"name":"wp","href":"https:\/\/api.w.org\/{rel}","templated":true}]}}