{"id":8561,"date":"2018-01-05T14:16:41","date_gmt":"2018-01-05T14:16:41","guid":{"rendered":"http:\/\/headshop.nl\/?post_type=product&#038;p=8561"},"modified":"2025-11-06T01:26:29","modified_gmt":"2025-11-06T01:26:29","slug":"ginkgo-biloba","status":"publish","type":"product","link":"https:\/\/www.headshop.nl\/es\/ginkgo-biloba\/","title":{"rendered":"Ginkgo Biloba"},"content":{"rendered":"<h2>\u00bfQu\u00e9 es Ginkgo Biloba?<\/h2>\n<p>El Ginkgo Biloba, com\u00fanmente conocido como \u00e1rbol del templo japon\u00e9s o nogal japon\u00e9s, es una de las especies arb\u00f3reas vivas m\u00e1s antiguas de la Tierra, con m\u00e1s de 270 millones de a\u00f1os. Originario de China, el Ginkgo Biloba se cultiva actualmente en todo el mundo por sus notables beneficios para la salud. A pesar de los nombres enga\u00f1osos, el \u00e1rbol produce semillas, no nueces, que son la fuente de sus cualidades medicinales.<\/p>\n<p>Conocido por su alto contenido en antioxidantes, especialmente flavonoides, ginkg\u00f3lidos y bilob\u00e1lidos, el Ginkgo Biloba ha sido un elemento b\u00e1sico en la medicina tradicional. Estos compuestos son conocidos por su capacidad para ayudar a proteger el organismo del estr\u00e9s oxidativo y mejorar la circulaci\u00f3n. En el bienestar moderno, se utiliza m\u00e1s com\u00fanmente para promover la salud cognitiva, apoyar la memoria y mejorar la concentraci\u00f3n. Indian Elements' Ginkgo Biloba ofrece un suplemento puro y eficaz, con lo que estos antiguos beneficios en una forma conveniente, f\u00e1cil de usar.<\/p>\n<h2>Historia de Ginkgo Biloba<\/h2>\n<p>El Ginkgo Biloba es famoso no s\u00f3lo por sus beneficios para la salud, sino tambi\u00e9n por su extraordinaria resistencia. Es la \u00fanica especie superviviente de un grupo de \u00e1rboles milenarios que existe desde la \u00e9poca de los dinosaurios. Los f\u00f3siles del Ginkgo Biloba datan de hace m\u00e1s de 270 millones de a\u00f1os, lo que lo convierte en una de las especies arb\u00f3reas m\u00e1s antiguas de la Tierra. Su capacidad para sobrevivir en diversos entornos le ha valido el estatus de s\u00edmbolo de longevidad y resistencia.<\/p>\n<p>Hist\u00f3ricamente, el Ginkgo Biloba se ha utilizado en la medicina tradicional durante siglos. Los antiguos m\u00e9dicos chinos lo valoraban por su capacidad para mejorar la memoria, promover la longevidad y favorecer la vitalidad general. Los usos medicinales del \u00e1rbol se extendieron por Asia Oriental y, en el siglo XVIII, el Ginkgo Biloba empez\u00f3 a ser reconocido en Europa. Hoy en d\u00eda, es ampliamente reconocido por sus beneficios en la mejora de la claridad mental y el apoyo a la circulaci\u00f3n sangu\u00ednea, por lo que es un suplemento popular para la salud cognitiva.<\/p>\n<h2>C\u00f3mo utilizar Ginkgo Biloba<\/h2>\n<p>El suplemento Indian Elements' Ginkgo Biloba est\u00e1 dise\u00f1ado para adaptarse f\u00e1cilmente a su rutina diaria. La dosis recomendada es de 1 gramo al d\u00eda, que puede mezclarse con agua, batidos u otras bebidas para mayor comodidad. Para obtener resultados \u00f3ptimos, lo mejor es tomar Ginkgo Biloba regularmente, ya que sus beneficios se acumulan con el tiempo.<\/p>\n<p>Aunque el Ginkgo Biloba se suele consumir en polvo o en c\u00e1psulas, tambi\u00e9n se puede tomar en infusi\u00f3n, lo que permite disfrutar de sus propiedades en una bebida caliente y relajante. Tenga en cuenta que, como cualquier suplemento, el uso constante es clave, y puede tomar alg\u00fan tiempo para notar efectos notables. Siga siempre la dosis recomendada y consulte a un profesional sanitario si padece alg\u00fan problema de salud o est\u00e1 tomando alg\u00fan medicamento.<\/p>\n<p>Indian Elements' Ginkgo Biloba es 100% natural, vegano y libre de aditivos, lo que lo convierte en una opci\u00f3n limpia y pura para mejorar su concentraci\u00f3n mental y su bienestar general.<\/p>\n<h2>Ingredientes del Ginkgo Biloba<\/h2>\n<p>Indian Elements' Ginkgo Biloba contiene s\u00f3lo un ingrediente clave: <strong>Ginkgo Biloba<\/strong>. Este ingrediente es rico en potentes compuestos como flavonoides, ginkg\u00f3lidos y bilob\u00e1lidos, que contribuyen a sus numerosos beneficios para la salud. Estas sustancias son conocidas por sus propiedades antioxidantes, que ayudan a proteger el organismo de los radicales libres y a reducir la inflamaci\u00f3n.<\/p>\n<p>Los ginkg\u00f3lidos y bilob\u00e1lidos del Ginkgo Biloba son especialmente eficaces para mejorar la circulaci\u00f3n sangu\u00ednea y favorecer la salud cognitiva. Estos compuestos ayudan a aumentar la concentraci\u00f3n mental, mejoran la memoria y favorecen la funci\u00f3n cerebral. Adem\u00e1s, Ginkgo Biloba se ha relacionado con una mejor salud del coraz\u00f3n, ya que puede ayudar con el flujo sangu\u00edneo y reducir el riesgo de coagulaci\u00f3n. Con su formulaci\u00f3n pura y natural, Indian Elements' Ginkgo Biloba asegura que usted est\u00e1 recibiendo todos los beneficios de esta poderosa hierba.<\/p>\n<p><strong>Advertencia:<\/strong><br \/>\nS\u00f3lo para adultos mayores de 18 a\u00f1os. Mantener fuera del alcance de los ni\u00f1os.<br \/>\nNo recomendado para personas con afecciones card\u00edacas o renales, hipertensi\u00f3n o hipotensi\u00f3n, diabetes o que tomen medicamentos, drogas o alcohol. Este es un suplemento diet\u00e9tico y debe utilizarse seg\u00fan las indicaciones. No comprar si el precinto est\u00e1 roto.<\/p>","protected":false},"excerpt":{"rendered":"<p>El Ginkgo Biloba, tambi\u00e9n conocido como \u00e1rbol del templo japon\u00e9s, es un potente superalimento repleto de antioxidantes que se ha utilizado durante miles de a\u00f1os para mejorar la salud. Conocido por promover una mejor circulaci\u00f3n, concentraci\u00f3n mental y memoria, este antiguo \u00e1rbol es ahora ampliamente reconocido como una forma natural de aumentar la funci\u00f3n cognitiva y la energ\u00eda. Indian Elements' Ginkgo Biloba se elabora a partir de hojas de Ginkgo 100% puras, ofreciendo un suplemento c\u00f3modo y natural para mejorar la concentraci\u00f3n y el bienestar general.<\/p>","protected":false},"featured_media":82163,"template":"","meta":[],"product_brand":[],"product_cat":[297,455,457,389,814,407,384,456],"product_tag":[],"class_list":{"0":"post-8561","1":"product","2":"type-product","3":"status-publish","4":"has-post-thumbnail","6":"product_cat-all-products","7":"product_cat-healthshop","8":"product_cat-herbs-healthshop","9":"product_cat-herbs","10":"product_cat-indian-elements","11":"product_cat-medicinal-herbs","12":"product_cat-smartshop","13":"product_cat-supplements","15":"first","16":"instock","17":"taxable","18":"shipping-taxable","19":"purchasable","20":"product-type-variable","21":"has-default-attributes"},"_links":{"self":[{"href":"https:\/\/www.headshop.nl\/es\/wp-json\/wp\/v2\/product\/8561","targetHints":{"allow":["GET"]}}],"collection":[{"href":"https:\/\/www.headshop.nl\/es\/wp-json\/wp\/v2\/product"}],"about":[{"href":"https:\/\/www.headshop.nl\/es\/wp-json\/wp\/v2\/types\/product"}],"wp:featuredmedia":[{"embeddable":true,"href":"https:\/\/www.headshop.nl\/es\/wp-json\/wp\/v2\/media\/82163"}],"wp:attachment":[{"href":"https:\/\/www.headshop.nl\/es\/wp-json\/wp\/v2\/media?parent=8561"}],"wp:term":[{"taxonomy":"product_brand","embeddable":true,"href":"https:\/\/www.headshop.nl\/es\/wp-json\/wp\/v2\/product_brand?post=8561"},{"taxonomy":"product_cat","embeddable":true,"href":"https:\/\/www.headshop.nl\/es\/wp-json\/wp\/v2\/product_cat?post=8561"},{"taxonomy":"product_tag","embeddable":true,"href":"https:\/\/www.headshop.nl\/es\/wp-json\/wp\/v2\/product_tag?post=8561"}],"curies":[{"name":"wp","href":"https:\/\/api.w.org\/{rel}","templated":true}]}}