{"id":84466,"date":"2025-05-13T07:32:36","date_gmt":"2025-05-13T07:32:36","guid":{"rendered":"https:\/\/www.headshop.nl\/?post_type=product&#038;p=84466"},"modified":"2025-12-28T13:26:20","modified_gmt":"2025-12-28T13:26:20","slug":"peyote-lophophora-williamsii","status":"publish","type":"product","link":"https:\/\/www.headshop.nl\/es\/peyote-lophophora-williamsii\/","title":{"rendered":"Peyote (Lophophora Williamsii)"},"content":{"rendered":"<h2 class=\"\" data-start=\"88\" data-end=\"117\">\u00bfQu\u00e9 es el Cactus Peyote?<\/h2>\n<p class=\"\" data-start=\"119\" data-end=\"444\">El cactus Peyote es una planta peque\u00f1a, redonda y sin espinas originaria de las regiones \u00e1ridas del norte de Me\u00e9xico y el sur de Estados Unidos. Es conocida por sus propiedades psicoactivas, debidas principalmente a su alto contenido en mescalina, un compuesto natural que induce alucinaciones v\u00edvidas, alteraciones de la percepci\u00f3n y experiencias sensoriales \u00fanicas.<\/p>\n<p class=\"\" data-start=\"446\" data-end=\"799\">Este cactus florece con delicadas flores rosas y crece muy lentamente, tardando entre 8 y 15 a\u00f1os en alcanzar la madurez. Su uso tiene profundas ra\u00edces espirituales entre las culturas ind\u00edgenas, y a menudo aparece en contextos religiosos y ceremoniales. El cactus suele consumirse por sus efectos psicoactivos, que pueden ser profundos y transformadores si se abordan con cuidado.<\/p>\n<p class=\"\" data-start=\"801\" data-end=\"1082\">A pesar de su potencial para la percepci\u00f3n personal, la Peyote debe utilizarse de forma responsable. La experiencia debe tener lugar en un entorno seguro y con la presencia de una persona sobria. Las personas con problemas de salud f\u00edsica o mental deben evitar su consumo debido a la intensidad de sus efectos.<\/p>\n<h2 class=\"\" data-start=\"1089\" data-end=\"1120\">Historia del Peyote Cactus<\/h2>\n<p class=\"\" data-start=\"1122\" data-end=\"1444\">El cactus Peyote ha sido un elemento central en las pr\u00e1cticas espirituales ind\u00edgenas durante siglos. Tribus como la Huichol y la Tarahumara lo han utilizado durante mucho tiempo en ceremonias para facilitar visiones y un sentido de conexi\u00f3n con lo divino. Consumido en comunidad, el Peyote fomentaba la introspecci\u00f3n, la curaci\u00f3n y la unidad.<\/p>\n<p class=\"\" data-start=\"1446\" data-end=\"1755\">Los exploradores europeos documentaron por primera vez el uso de la Peyote en el siglo XVI, aunque los conocimientos occidentales siguieron siendo limitados hasta el siglo XIX, cuando la mescalina fue estudiada por los cient\u00edficos. En el siglo XX, la Peyote gan\u00f3 atenci\u00f3n durante el movimiento contracultural y empez\u00f3 a aparecer fuera de los c\u00edrculos ind\u00edgenas.<\/p>\n<p class=\"\" data-start=\"1757\" data-end=\"2065\">A pesar de las restricciones legales en algunas zonas debido a su naturaleza psicoactiva, la Peyote sigue estando legalmente protegida para determinadas pr\u00e1cticas religiosas. Hoy en d\u00eda, se valora tanto por su herencia espiritual como por sus efectos psicol\u00f3gicos, aunque se insta a los usuarios modernos a honrar sus or\u00edgenes culturales y a utilizarla con reverencia.<\/p>\n<h2 class=\"\" data-start=\"2072\" data-end=\"2103\">C\u00f3mo utilizar el Peyote Cactus<\/h2>\n<p class=\"\" data-start=\"2105\" data-end=\"2364\">El consumo de Peyote requiere una preparaci\u00f3n cuidadosa y una conducta responsable. Puede consumirse fresco o seco, a menudo cortado en peque\u00f1os discos de unos 3-4,5 cm de ancho y 0,5 cm de grosor. Algunos usuarios prefieren prepararlo en infusi\u00f3n para hacer m\u00e1s agradable su sabor amargo.<\/p>\n<p class=\"\" data-start=\"2366\" data-end=\"2662\">Para obtener resultados \u00f3ptimos, tome Peyote con el est\u00f3mago vac\u00edo para mejorar la absorci\u00f3n. Los efectos suelen comenzar en 30-60 minutos, alcanzan su punto \u00e1lgido al cabo de 1-2 horas y pueden durar entre 8 y 15 horas. Dado que la experiencia puede ser intensa, es importante estar en un entorno familiar y tranquilo con un gu\u00eda sobrio presente.<\/p>\n<p class=\"\" data-start=\"2664\" data-end=\"2987\">Comience con una dosis baja, especialmente si es la primera vez que toma sustancias psicoactivas. Evite combinar Peyote con alcohol, otras drogas o medicamentos. No debe ser utilizado por menores, mujeres embarazadas o personas con problemas de salud. Despu\u00e9s de la experiencia, d\u00e9se tiempo para descansar y reflexionar a fin de integrar plenamente los conocimientos adquiridos.<\/p>\n<h2 dir=\"auto\">Lophophora williamsii como planta ornamental<\/h2>\n<p dir=\"auto\">La Lophophora williamsii, o peyote, como se la suele llamar, encanta a los coleccionistas con su forma \u00fanica de bot\u00f3n, su estructura robusta y su ritmo de crecimiento pausado, ideal para mejorar las colecciones de suculentas poco comunes. Presentamos este art\u00edculo en nuestro sitio no s\u00f3lo como ornamental decorativo, sino tambi\u00e9n como una opci\u00f3n polifac\u00e9tica que muestra su encanto est\u00e9tico desde la suave superficie verde azulada hasta los refinados bordes nudosos que aportan un toque art\u00edstico a estanter\u00edas, invernaderos o arreglos elegantes. Dise\u00f1adas para los mercados en los que est\u00e1 legalmente disponible, estas plantas cultivadas en laboratorio cumplen plenamente las leyes vigentes, evitando cualquier indicio de consumo o extracci\u00f3n, por lo que los compradores pueden simplemente disfrutar de ella como una cautivadora pieza de decoraci\u00f3n natural para sus espacios vitales o zonas al aire libre.<\/p>\n<h2 class=\"\" data-start=\"2994\" data-end=\"3029\">Ingredientes del Cactus Peyote<\/h2>\n<p class=\"\" data-start=\"3031\" data-end=\"3322\">El compuesto activo clave de la Peyote es la mescalina (3,4,5-trimetoxifenetilamina), un potente alucin\u00f3geno responsable de los efectos psicoactivos del cactus. La Mescalina produce intensas experiencias visuales y sensoriales, lo que la convierte en la raz\u00f3n principal del uso espiritual y recreativo de la planta.<\/p>\n<p class=\"\" data-start=\"3324\" data-end=\"3579\">Adem\u00e1s de mescalina, el Peyote contiene otros alcaloides naturales en peque\u00f1as cantidades, aunque sus efectos espec\u00edficos son menos conocidos. La potencia del cactus puede variar en funci\u00f3n de factores ambientales como el suelo y el clima.<\/p>\n<p class=\"\" data-start=\"3581\" data-end=\"3885\">El Peyote es un producto org\u00e1nico puro, sin aditivos artificiales. Su lento proceso de maduraci\u00f3n -hasta 15 a\u00f1os- permite que los compuestos activos se concentren, dando como resultado una sustancia potente. Debido a la potencia de la mescalina, debe tomarse con precauci\u00f3n, especialmente en el caso de personas con problemas de salud.<\/p>\n<p data-start=\"3892\" data-end=\"3928\"><strong>Advertencia<\/strong><\/p>\n<p class=\"\" data-start=\"3930\" data-end=\"4183\">La Peyote no es una sustancia casual: contiene mescalina, que puede provocar efectos psicol\u00f3gicos intensos, como alucinaciones, desorientaci\u00f3n y profundos cambios emocionales. \u00dasala s\u00f3lo en un entorno seguro, con una persona sobria que te ayude si es necesario.<\/p>\n<p class=\"\" data-start=\"4185\" data-end=\"4445\">No consuma Peyote si padece trastornos mentales como ansiedad, depresi\u00f3n o psicosis, o si tiene problemas de salud f\u00edsica como problemas cardiacos, diabetes o problemas respiratorios. Las mujeres embarazadas y los menores de edad deben evitarlo por completo.<\/p>\n<p class=\"\" data-start=\"4447\" data-end=\"4690\">Nunca mezcle Peyote con alcohol, medicamentos u otras sustancias psicoactivas. Hacerlo aumenta el riesgo de efectos secundarios peligrosos. Evite conducir o manejar maquinaria durante o despu\u00e9s de su uso, y gu\u00e1rdelo siempre de forma segura fuera del alcance de los ni\u00f1os.<\/p>\n<p class=\"\" data-start=\"4692\" data-end=\"4855\">Aunque la experiencia puede ser esclarecedora, el Peyote debe utilizarse con el m\u00e1ximo respeto y precauci\u00f3n. Un enfoque consciente garantiza un viaje m\u00e1s seguro y significativo.<\/p>","protected":false},"excerpt":{"rendered":"<p>El cactus Peyote, conocido cient\u00edficamente como <em data-start=\"43\" data-end=\"66\">Lophophora williamsii<\/em>es una peque\u00f1a planta sin espinas famosa por sus potentes efectos psicoactivos, debidos principalmente a su contenido natural de mescalina. Originario del norte de M\u00e9xico y del sur de Estados Unidos, este extraordinario cactus se ha utilizado durante siglos en ceremonias espirituales, proporcionando experiencias profundamente transformadoras y de expansi\u00f3n de la conciencia.<\/p>","protected":false},"featured_media":84472,"template":"","meta":[],"product_brand":[],"product_cat":[394,297,384],"product_tag":[],"class_list":{"0":"post-84466","1":"product","2":"type-product","3":"status-publish","4":"has-post-thumbnail","6":"product_cat-mescaline-cacti","7":"product_cat-all-products","8":"product_cat-smartshop","9":"product_shipping_class-group-7","11":"first","12":"instock","13":"taxable","14":"shipping-taxable","15":"purchasable","16":"product-type-variable","17":"has-default-attributes"},"_links":{"self":[{"href":"https:\/\/www.headshop.nl\/es\/wp-json\/wp\/v2\/product\/84466","targetHints":{"allow":["GET"]}}],"collection":[{"href":"https:\/\/www.headshop.nl\/es\/wp-json\/wp\/v2\/product"}],"about":[{"href":"https:\/\/www.headshop.nl\/es\/wp-json\/wp\/v2\/types\/product"}],"wp:featuredmedia":[{"embeddable":true,"href":"https:\/\/www.headshop.nl\/es\/wp-json\/wp\/v2\/media\/84472"}],"wp:attachment":[{"href":"https:\/\/www.headshop.nl\/es\/wp-json\/wp\/v2\/media?parent=84466"}],"wp:term":[{"taxonomy":"product_brand","embeddable":true,"href":"https:\/\/www.headshop.nl\/es\/wp-json\/wp\/v2\/product_brand?post=84466"},{"taxonomy":"product_cat","embeddable":true,"href":"https:\/\/www.headshop.nl\/es\/wp-json\/wp\/v2\/product_cat?post=84466"},{"taxonomy":"product_tag","embeddable":true,"href":"https:\/\/www.headshop.nl\/es\/wp-json\/wp\/v2\/product_tag?post=84466"}],"curies":[{"name":"wp","href":"https:\/\/api.w.org\/{rel}","templated":true}]}}