{"id":84400,"date":"2025-05-09T08:54:45","date_gmt":"2025-05-09T08:54:45","guid":{"rendered":"https:\/\/www.headshop.nl\/?post_type=product&#038;p=84400"},"modified":"2025-10-16T07:05:23","modified_gmt":"2025-10-16T07:05:23","slug":"cutting-bridgesii-25-29-cm","status":"publish","type":"product","link":"https:\/\/www.headshop.nl\/es\/cutting-bridgesii-25-29-cm\/","title":{"rendered":"Corte Bridgesii 25 - 29 cm"},"content":{"rendered":"<h2 dir=\"ltr\" data-pm-slice=\"1 1 []\">\u00bfQu\u00e9 son los puentes de corteii?<\/h2>\n<p dir=\"ltr\">El cactus Cutting Bridgesii, tambi\u00e9n conocido como <em>Echinopsis lageniformis<\/em> o antorcha boliviana, es un cactus columnar de r\u00e1pido crecimiento originario de Bolivia. Su piel verde azulada, sus largas espinas y su estructura estriada lo hacen visualmente cautivador y espiritualmente potente. Conocido por su alto contenido en mescalina, es uno de los cactus m\u00e1s potentes desde el punto de vista psicoactivo. <em>Trichocereus<\/em> especie. Como esqueje, puede propagarse o utilizarse para preparar dosis ceremoniales, induciendo estados visionarios, claridad emocional y profundas conexiones con uno mismo y la naturaleza. Herramienta vital para el trabajo interior consciente, el cactus Cutting Bridgesii gu\u00eda a los usuarios a trav\u00e9s de una profunda transformaci\u00f3n en contextos curativos tanto tradicionales como modernos.<\/p>\n<h2 dir=\"ltr\">Historia del corte de puentesii<\/h2>\n<p dir=\"ltr\">Arraigado en las regiones de gran altitud de Bolivia, el cactus Cutting Bridgesii ha sido venerado durante siglos por las culturas ind\u00edgenas andinas. Chamanes y curanderos lo utilizaban en ceremonias sagradas para buscar gu\u00eda espiritual, promover la curaci\u00f3n y conectar con el mundo de los esp\u00edritus. Comparable a la San Pedro y a la Peyote, se distingue por sus efectos intensos y visionarios. Este cactus, que debe su nombre al bot\u00e1nico del siglo XIX Thomas Bridges, se ha extendido por todo el mundo y ha adquirido importancia en las comunidades de medicina vegetal por su poder transformador y de lucidez. Como \"maestro\", ayuda a desmantelar barreras emocionales y fomenta la libertad personal, tendiendo un puente entre la sabidur\u00eda ancestral y la exploraci\u00f3n espiritual moderna.<\/p>\n<h2 dir=\"ltr\">C\u00f3mo utilizar los puentes de corteii<\/h2>\n<p dir=\"ltr\">El cactus Cutting Bridgesii se consume en entornos ceremoniales o terap\u00e9uticos para aprovechar sus propiedades visionarias. La preparaci\u00f3n consiste en quitar las espinas y la piel verde oscura, cortar la pulpa interior y cocerla a fuego lento durante horas para crear un t\u00e9 espeso y amargo. Este t\u00e9 se consume lentamente con intenci\u00f3n en un entorno tranquilo y propicio. Tambi\u00e9n se puede mezclar el cactus hervido para hacer una pasta o secarlo para su uso posterior. Los efectos comienzan en 1-2 horas con el est\u00f3mago vac\u00edo, alcanzando su punto \u00e1lgido a las 3-5 horas y durando de 10 a 14 horas, a menudo aportando introspecci\u00f3n, liberaci\u00f3n emocional, patrones visuales y unidad con la naturaleza. \u00dasala con un compa\u00f1ero de viaje de confianza, evita las distracciones e integra las percepciones a trav\u00e9s del diario y el descanso. Ac\u00e9rquese a ella con respeto, ya que su intensidad exige preparaci\u00f3n mental y f\u00edsica.<\/p>\n<h2 dir=\"ltr\">Ingredientes de Cutting Bridgesii<\/h2>\n<p dir=\"ltr\">El principal compuesto activo del cactus Cutting Bridgesii es la mescalina, un alcaloide psicod\u00e9lico utilizado en rituales durante milenios. Al afectar a los receptores de serotonina, la mescalina altera la percepci\u00f3n, intensifica las emociones y fomenta la conciencia espiritual. La concentraci\u00f3n de mescalina de este cactus es superior a la de otros cactus. <em>Trichocereus<\/em> lo que la hace ideal para uso ceremonial. Alcaloides menores como la anhalonidina y la tiramina refuerzan su perfil energ\u00e9tico. F\u00edsicamente, consiste en un tejido fibroso con alto contenido en agua, protegido por una piel cerosa y estriada. Su n\u00facleo rico en alcaloides tiene efectos espirituales y curativos, lo que convierte al cactus Cutting Bridgesii en un aliado sagrado para el crecimiento personal y la expansi\u00f3n de la conciencia.<\/p>\n<p dir=\"ltr\"><strong>Advertencia<\/strong><\/p>\n<p dir=\"ltr\">No consuma el cactus Cutting Bridgesii si est\u00e1 embarazada, en per\u00edodo de lactancia, si es menor de 18 a\u00f1os o si tiene problemas de salud mental, afecciones cardiacas o irregularidades en la tensi\u00f3n arterial. Evita mezclarla con alcohol, medicamentos u otras sustancias psicoactivas. Cons\u00famela s\u00f3lo en un entorno seguro y tranquilo, con la presencia de un acompa\u00f1ante sobrio. No conduzca ni maneje maquinaria bajo sus efectos. Trata el cactus Cutting Bridgesii como una medicina sagrada, no como una sustancia recreativa.<\/p>","protected":false},"excerpt":{"rendered":"<p dir=\"ltr\" data-pm-slice=\"1 1 []\">El cactus Bridgesii cortante es un aliado vegetal venerado y poderoso, apreciado por su profunda sabidur\u00eda espiritual y su energ\u00eda curativa transformadora. Utilizado en ceremonias cham\u00e1nicas y pr\u00e1cticas introspectivas, proporciona una v\u00eda profunda para el autoconocimiento, la purificaci\u00f3n energ\u00e9tica y la elevaci\u00f3n de la conciencia.<\/p>","protected":false},"featured_media":84403,"template":"","meta":[],"product_brand":[],"product_cat":[394,297,384],"product_tag":[],"class_list":{"0":"post-84400","1":"product","2":"type-product","3":"status-publish","4":"has-post-thumbnail","6":"product_cat-mescaline-cacti","7":"product_cat-all-products","8":"product_cat-smartshop","9":"product_shipping_class-group-7","11":"first","12":"instock","13":"taxable","14":"shipping-taxable","15":"purchasable","16":"product-type-variable","17":"has-default-attributes"},"_links":{"self":[{"href":"https:\/\/www.headshop.nl\/es\/wp-json\/wp\/v2\/product\/84400","targetHints":{"allow":["GET"]}}],"collection":[{"href":"https:\/\/www.headshop.nl\/es\/wp-json\/wp\/v2\/product"}],"about":[{"href":"https:\/\/www.headshop.nl\/es\/wp-json\/wp\/v2\/types\/product"}],"wp:featuredmedia":[{"embeddable":true,"href":"https:\/\/www.headshop.nl\/es\/wp-json\/wp\/v2\/media\/84403"}],"wp:attachment":[{"href":"https:\/\/www.headshop.nl\/es\/wp-json\/wp\/v2\/media?parent=84400"}],"wp:term":[{"taxonomy":"product_brand","embeddable":true,"href":"https:\/\/www.headshop.nl\/es\/wp-json\/wp\/v2\/product_brand?post=84400"},{"taxonomy":"product_cat","embeddable":true,"href":"https:\/\/www.headshop.nl\/es\/wp-json\/wp\/v2\/product_cat?post=84400"},{"taxonomy":"product_tag","embeddable":true,"href":"https:\/\/www.headshop.nl\/es\/wp-json\/wp\/v2\/product_tag?post=84400"}],"curies":[{"name":"wp","href":"https:\/\/api.w.org\/{rel}","templated":true}]}}