{"id":83209,"date":"2025-02-04T15:24:38","date_gmt":"2025-02-04T15:24:38","guid":{"rendered":"https:\/\/www.headshop.nl\/?post_type=product&#038;p=83209"},"modified":"2026-02-19T01:26:18","modified_gmt":"2026-02-19T01:26:18","slug":"love-caps-6-capsules","status":"publish","type":"product","link":"https:\/\/www.headshop.nl\/es\/love-caps-6-capsules\/","title":{"rendered":"Love Caps - 6 c\u00e1psulas"},"content":{"rendered":"<p><strong>Contenido:<\/strong> 6 c\u00e1psulas<br \/>\n<strong>Marca:<\/strong> Ultimate69<\/p>\n<p>Las Love Caps de Ultimate69 est\u00e1n dise\u00f1adas para a\u00f1adir ese toque extra de placer er\u00f3tico tanto para \u00e9l como para ella. Experimente la m\u00e1xima sensaci\u00f3n en pareja con estas nuevas c\u00e1psulas, elaboradas con extractos de hierbas cuidadosamente seleccionadas. Aumentan la libido, la energ\u00eda, la resistencia y proporcionan una ligera sensaci\u00f3n de hormigueo. Juntos alcanzar\u00e9is el cl\u00edmax definitivo. \u00a1Divi\u00e9rtete y disfruta de las Love Caps Ultimate 69!<\/p>\n<p><strong>Ingredientes:<\/strong><\/p>\n<p>150 mg de GABA, 100 mg de L-arginina, 100 mg de L-citrulina, 100 mg de extracto de maca negra, 50 mg de kanna, 50 mg de extracto de ginseng, 50 mg de extracto de damiana, 50 mg de extracto de pasiflora, 50 mg de taurina, 50 mg de extracto de cacao, 50 mg de vitamina C, 25 mg de extracto de melisa, 10 mg de niacina, 10 mg de zinc, 2 mg de piperina y almid\u00f3n de arroz como excipiente.<\/p>\n<p><strong>Dosificaci\u00f3n:<\/strong><\/p>\n<p>Tome las Love Caps una hora antes de la actividad sexual. Comience con 1 c\u00e1psula para experimentar el efecto y, si es necesario, tome una segunda c\u00e1psula despu\u00e9s de media hora. El n\u00famero m\u00e1ximo de c\u00e1psulas por persona y d\u00eda es de 2.<\/p>\n<p><strong>Advertencia:<\/strong><\/p>\n<p>Mantener fuera del alcance de los ni\u00f1os. Consulte a su m\u00e9dico antes de utilizarlo si est\u00e1 embarazada, en per\u00edodo de lactancia o tiene problemas de salud. Se trata de un suplemento diet\u00e9tico y debe utilizarse como tal.<\/p>\n<p><strong>Consejos de almacenamiento:<\/strong><\/p>\n<p>Gu\u00e1rdelo en un lugar fresco y oscuro.<\/p>","protected":false},"excerpt":{"rendered":"<p>Mejore su intimidad con las c\u00e1psulas Ultimate69 Love Caps, dise\u00f1adas tanto para \u00e9l como para ella. Elaboradas a partir de extractos de hierbas cuidadosamente seleccionados, aumentan la libido, la energ\u00eda y la resistencia al tiempo que proporcionan una ligera sensaci\u00f3n de hormigueo.<\/p>","protected":false},"featured_media":83213,"template":"","meta":[],"product_brand":[],"product_cat":[705,297,395,384],"product_tag":[],"class_list":{"0":"post-83209","1":"product","2":"type-product","3":"status-publish","4":"has-post-thumbnail","6":"product_cat-sex-shop","7":"product_cat-all-products","8":"product_cat-aphrodisiacs","9":"product_cat-smartshop","11":"first","12":"instock","13":"taxable","14":"shipping-taxable","15":"purchasable","16":"product-type-variable","17":"has-default-attributes"},"_links":{"self":[{"href":"https:\/\/www.headshop.nl\/es\/wp-json\/wp\/v2\/product\/83209","targetHints":{"allow":["GET"]}}],"collection":[{"href":"https:\/\/www.headshop.nl\/es\/wp-json\/wp\/v2\/product"}],"about":[{"href":"https:\/\/www.headshop.nl\/es\/wp-json\/wp\/v2\/types\/product"}],"wp:featuredmedia":[{"embeddable":true,"href":"https:\/\/www.headshop.nl\/es\/wp-json\/wp\/v2\/media\/83213"}],"wp:attachment":[{"href":"https:\/\/www.headshop.nl\/es\/wp-json\/wp\/v2\/media?parent=83209"}],"wp:term":[{"taxonomy":"product_brand","embeddable":true,"href":"https:\/\/www.headshop.nl\/es\/wp-json\/wp\/v2\/product_brand?post=83209"},{"taxonomy":"product_cat","embeddable":true,"href":"https:\/\/www.headshop.nl\/es\/wp-json\/wp\/v2\/product_cat?post=83209"},{"taxonomy":"product_tag","embeddable":true,"href":"https:\/\/www.headshop.nl\/es\/wp-json\/wp\/v2\/product_tag?post=83209"}],"curies":[{"name":"wp","href":"https:\/\/api.w.org\/{rel}","templated":true}]}}