{"id":82811,"date":"2025-01-10T13:41:45","date_gmt":"2025-01-10T13:41:45","guid":{"rendered":"https:\/\/www.headshop.nl\/?post_type=product&#038;p=82811"},"modified":"2025-05-23T09:10:10","modified_gmt":"2025-05-23T09:10:10","slug":"amnesia-haze-autoflower-soma-sacred-seeds","status":"publish","type":"product","link":"https:\/\/www.headshop.nl\/es\/amnesia-haze-autoflower-soma-sacred-seeds\/","title":{"rendered":"Amnesia Haze Autoflower - Soma Sacred Seeds"},"content":{"rendered":"<h2>\u00bfQu\u00e9 es Amnesia Haze Autoflower?<\/h2>\n<p>Amnesia Haze Autoflower es una variedad de cannabis que fusiona las mejores gen\u00e9ticas del sudeste asi\u00e1tico, la Haze jamaicana y las variedades Afghani-Hawaiian. Con una composici\u00f3n h\u00edbrida de 70% Sativa y 30% Indica, esta variedad ofrece un efecto equilibrado que es a la vez estimulante y relajante. Sus potentes efectos y vibrante sabor la han convertido en una de las favoritas entre los entusiastas del cannabis. Conocida por inducir energ\u00eda y euforia, la Amnesia Haze Autoflower es perfecta para situaciones sociales o actividades creativas.<\/p>\n<p>Con un tiempo de floraci\u00f3n de 9-10 semanas y un rendimiento de hasta 40 gramos por planta, esta variedad es adecuada tanto para cultivadores principiantes como experimentados. Su naturaleza autofloreciente simplifica el cultivo, requiriendo un esfuerzo m\u00ednimo y produciendo al mismo tiempo cogollos de alta calidad. La rica gen\u00e9tica de esta cepa y su historial de galardones, entre los que se incluyen m\u00faltiples victorias en la High Times Cannabis Cup, destacan su posici\u00f3n como una opci\u00f3n de cannabis de primera calidad.<\/p>\n<h2>Historia de Amnesia Haze Autoflower<\/h2>\n<p>La Amnesia Haze Autoflower tiene sus or\u00edgenes en la ic\u00f3nica Amnesia Haze, una variedad famosa por su gen\u00e9tica internacional y su calidad superior. Mediante la colaboraci\u00f3n con los principales criadores de autoflorecientes, Soma Sacred Seeds ha desarrollado esta versi\u00f3n autofloreciente, que conserva las cualidades de la Amnesia Haze original a la vez que ofrece un cultivo m\u00e1s sencillo.<\/p>\n<p>El legado de esta cepa incluye haber ganado la prestigiosa High Times Cannabis Cup en 2012 y varias otras competiciones de cannabis en los Pa\u00edses Bajos. Sus elogios la han consolidado como una de las mejores variedades del sector. La Amnesia Haze Autoflower tambi\u00e9n es un \u00e9xito de ventas en Barney's Breakfast Bar, un popular destino para los entusiastas del cannabis. Combinando gen\u00e9ticas del sudeste asi\u00e1tico, Haze jamaicana y Afghani-Hawaiian, destaca por su sabor y potencia excepcionales.<\/p>\n<h2>C\u00f3mo usar Amnesia Haze Autoflower<\/h2>\n<p>Amnesia Haze Autoflower ofrece versatilidad tanto para usuarios recreativos como medicinales. Los fumadores pueden disfrutarla en un porro, pipa o bong para saborear su humo suave y sabroso. El vapeo es otra excelente opci\u00f3n, que realza su vibrante perfil de terpenos. Conocida por sus efectos estimulantes y euf\u00f3ricos, esta variedad es ideal para actividades sociales, proyectos creativos o para relajarse con los amigos.<\/p>\n<p>Con fines medicinales, la Amnesia Haze Autoflower es valorada por sus propiedades para mejorar el estado de \u00e1nimo. Puede ayudar a aliviar el estr\u00e9s, la ansiedad y la depresi\u00f3n promoviendo una sensaci\u00f3n de calma y positividad. Sus efectos equilibrados la hacen adecuada para el uso diurno sin causar sedaci\u00f3n. Los cultivadores tambi\u00e9n se benefician de su facilidad de cultivo, ya que requiere un mantenimiento m\u00ednimo y produce cogollos de alta calidad en poco tiempo.<\/p>\n<h2>Ingredientes de Amnesia Haze Autoflower<\/h2>\n<p>Amnesia Haze Autoflower presenta una composici\u00f3n gen\u00e9tica h\u00edbrida, con 70% Sativa y 30% Indica. Este equilibrio garantiza efectos edificantes y energizantes de su lado Sativa, complementados con propiedades relajantes y calmantes de la gen\u00e9tica Indica. Su linaje incluye cepas del sudeste asi\u00e1tico, Haze jamaicana y Afghani-Hawaiian, cada una de las cuales aporta cualidades \u00fanicas a sus efectos y sabor.<\/p>\n<p>El perfil de terpenos de la cepa crea una compleja mezcla de sabores, que incluye notas terrosas, c\u00edtricas, dulces y picantes. Estos terpenos realzan tanto el sabor como el aroma, proporcionando una experiencia sensorial completa. Con un alto contenido de THC, la Amnesia Haze Autoflower ofrece efectos potentes y duraderos, lo que la convierte en una excelente elecci\u00f3n para aquellos que buscan una experiencia cann\u00e1bica de primera calidad. Su naturaleza autofloreciente simplifica a\u00fan m\u00e1s el cultivo, haci\u00e9ndola atractiva para los cultivadores que buscan plantas sin complicaciones con resultados excepcionales.<\/p>\n<p>&nbsp;<\/p>\n<p><strong>Advertencia<\/strong><\/p>\n<p>Como todas las variedades de cannabis, la Amnesia Haze Autoflower debe consumirse de forma responsable. Debido a su potencia, puede causar un aumento del ritmo card\u00edaco o mareos en algunos usuarios, en particular los nuevos en el cannabis. Empieza con una dosis peque\u00f1a y aj\u00fastala gradualmente seg\u00fan sea necesario. Cons\u00famelo en un entorno seguro y evita las actividades que requieran una atenci\u00f3n plena, como conducir o manejar maquinaria pesada, despu\u00e9s de consumirlo. Mantenga siempre los productos del cannabis fuera del alcance de los ni\u00f1os y los animales dom\u00e9sticos.<\/p>","protected":false},"excerpt":{"rendered":"<p>La Amnesia Haze Autoflower es una extraordinaria variedad de cannabis conocida por sus efectos \u00fanicos y potentes. Creada gracias a la colaboraci\u00f3n de los mejores criadores de autoflorecientes, esta cepa mezcla gen\u00e9ticas del sudeste asi\u00e1tico, Haze jamaicana y Afghani-Hawaiian, ofreciendo una experiencia cann\u00e1bica realmente \u00fanica. Con su galardonado legado y su excepcional perfil de sabor, la Amnesia Haze Autoflower es imprescindible para los entendidos.<\/p>","protected":false},"featured_media":82815,"template":"","meta":[],"product_brand":[],"product_cat":[949,297,466,465],"product_tag":[],"class_list":{"0":"post-82811","1":"product","2":"type-product","3":"status-publish","4":"has-post-thumbnail","6":"product_cat-soma-sacred-seeds","7":"product_cat-all-products","8":"product_cat-autoflowering-seeds","9":"product_cat-seedshop","11":"first","12":"instock","13":"taxable","14":"shipping-taxable","15":"purchasable","16":"product-type-variable","17":"has-default-attributes"},"_links":{"self":[{"href":"https:\/\/www.headshop.nl\/es\/wp-json\/wp\/v2\/product\/82811","targetHints":{"allow":["GET"]}}],"collection":[{"href":"https:\/\/www.headshop.nl\/es\/wp-json\/wp\/v2\/product"}],"about":[{"href":"https:\/\/www.headshop.nl\/es\/wp-json\/wp\/v2\/types\/product"}],"wp:featuredmedia":[{"embeddable":true,"href":"https:\/\/www.headshop.nl\/es\/wp-json\/wp\/v2\/media\/82815"}],"wp:attachment":[{"href":"https:\/\/www.headshop.nl\/es\/wp-json\/wp\/v2\/media?parent=82811"}],"wp:term":[{"taxonomy":"product_brand","embeddable":true,"href":"https:\/\/www.headshop.nl\/es\/wp-json\/wp\/v2\/product_brand?post=82811"},{"taxonomy":"product_cat","embeddable":true,"href":"https:\/\/www.headshop.nl\/es\/wp-json\/wp\/v2\/product_cat?post=82811"},{"taxonomy":"product_tag","embeddable":true,"href":"https:\/\/www.headshop.nl\/es\/wp-json\/wp\/v2\/product_tag?post=82811"}],"curies":[{"name":"wp","href":"https:\/\/api.w.org\/{rel}","templated":true}]}}