{"id":82781,"date":"2025-01-10T13:11:11","date_gmt":"2025-01-10T13:11:11","guid":{"rendered":"https:\/\/www.headshop.nl\/?post_type=product&#038;p=82781"},"modified":"2025-05-23T09:10:45","modified_gmt":"2025-05-23T09:10:45","slug":"lavender-soma-sacred-seeds","status":"publish","type":"product","link":"https:\/\/www.headshop.nl\/es\/lavender-soma-sacred-seeds\/","title":{"rendered":"Lavanda - Soma Sacred Seeds"},"content":{"rendered":"<h2>\u00bfQu\u00e9 es la lavanda?<\/h2>\n<p>Lavender es una llamativa variedad de cannabis c\u00e9lebre por su aspecto vibrante y su variada herencia gen\u00e9tica. Es el resultado de un cruce \u00fanico a tres bandas, que mezcla genes de Afganist\u00e1n, Hawai, Corea, EE.UU. y Europa. Esta combinaci\u00f3n crea una planta visualmente cautivadora con profundas tonalidades p\u00farpuras que pueden oscurecerse hasta casi el negro en las puntas de sus hojas.<\/p>\n<p>Los densos cogollos de Lavender desprenden un aroma especiado que recuerda al hach\u00eds afgano, lo que aumenta su ex\u00f3tico atractivo. La cepa es f\u00e1cil de manicurar, gracias a su alta proporci\u00f3n c\u00e1liz-hoja, lo que la convierte en una de las favoritas entre los cultivadores. Aunque no es tan alta como las variedades Haze, Lavender puede alcanzar una altura considerable con un per\u00edodo vegetativo prolongado. Esta vers\u00e1til cepa prospera tanto en interior como en exterior, ofreciendo una generosa producci\u00f3n de cogollos de alta calidad. Ya sea cultivada en un mar de verde o como una planta de m\u00faltiples ramas, Lavender ofrece una experiencia tan impresionante como su apariencia.<\/p>\n<h2>Historia de la lavanda<\/h2>\n<p>La rica historia de Lavender refleja su linaje gen\u00e9tico global, con influencias de Afganist\u00e1n, Hawai, Corea, EE.UU. y Europa. Esta mezcla de variedades regionales de cannabis da como resultado una cepa que captura los mejores rasgos de cada una, ofreciendo una experiencia excepcional.<\/p>\n<p>La gen\u00e9tica afgana confiere a la Lavender su distintivo aroma picante y a hach\u00eds, mientras que las influencias Hawaiian y estadounidense aumentan su potencia y atractivo. Con el tiempo, los rasgos \u00fanicos de Lavender se han refinado cuidadosamente, dando como resultado una planta vers\u00e1til y resistente. Prospera en diversas condiciones de cultivo, tanto en interior como en exterior, lo que la convierte en una de las favoritas de los cultivadores. La hermosa coloraci\u00f3n p\u00farpura de la cepa y su complejo perfil de sabor han consolidado su reputaci\u00f3n como una opci\u00f3n destacada en el mundo del cannabis, apreciada por sus efectos calmantes y su atractivo est\u00e9tico.<\/p>\n<h2>C\u00f3mo utilizar la lavanda<\/h2>\n<p>Lavender es una cepa vers\u00e1til que se adapta a varias preferencias, tanto si te gusta fumar, vaporizar o usar concentrados. Su sabor rico y especiado, que recuerda al hach\u00eds afgano, mejora la experiencia general, convirti\u00e9ndola en una de las favoritas de los entendidos del cannabis.<\/p>\n<p>Para los principiantes, es aconsejable empezar con una dosis peque\u00f1a para comprender sus efectos. Las propiedades calmantes de la lavanda la convierten en una excelente opci\u00f3n para tomar por la noche, ya que ayuda a aliviar el estr\u00e9s y la ansiedad y favorece la relajaci\u00f3n. Muchos usuarios la consideran eficaz para conciliar el sue\u00f1o, ya que proporciona tranquilidad y una sensaci\u00f3n de satisfacci\u00f3n. Tanto si busca una forma de relajarse tras un largo d\u00eda como si busca una compa\u00f1\u00eda tranquilizadora en una noche tranquila, la Lavanda ofrece una experiencia fiable y agradable adaptada a la relajaci\u00f3n.<\/p>\n<h2>Ingredientes de la lavanda<\/h2>\n<p>Los efectos y el sabor \u00fanicos de la Lavender son el resultado de su rica composici\u00f3n de cannabinoides y terpenos. Con un alto contenido de THC, Lavender proporciona un subid\u00f3n potente y relajante, perfecto para desconectar. Su perfil cannabinoide tambi\u00e9n incluye CBD, que potencia sus propiedades terap\u00e9uticas, como el alivio del estr\u00e9s y la relajaci\u00f3n.<\/p>\n<p>Los terpenos de la lavanda contribuyen significativamente a su sabor y aroma. El mirceno, el terpeno dominante, aporta matices terrosos y almizclados, mientras que el limoneno a\u00f1ade un toque c\u00edtrico. El cariofileno introduce un aroma picante y a pimienta que complementa su perfil general. Juntos, estos compuestos crean el distintivo sabor picante y terroso de la Lavender, que la convierte en una elecci\u00f3n destacada para quienes aprecian los sabores complejos y los efectos calmantes.<\/p>\n<p>&nbsp;<\/p>\n<p><strong>Advertencia:<\/strong><br \/>\nLa lavanda es una cepa potente, y sus efectos pueden ser intensos para los nuevos usuarios o aquellos con una baja tolerancia. Empieza con una peque\u00f1a cantidad para medir su impacto y evitar consumirla en exceso. Sus propiedades relajantes la hacen m\u00e1s adecuada para el consumo nocturno, ya que puede inducir somnolencia. Cons\u00famela de forma responsable, sobre todo cuando realices actividades que requieran concentraci\u00f3n, y respeta siempre las leyes y normativas locales sobre el cannabis.<\/p>","protected":false},"excerpt":{"rendered":"<p>Lavender es una llamativa y ex\u00f3tica variedad de cannabis con una rica historia gen\u00e9tica, que combina influencias de Afganist\u00e1n, Hawai, Corea, EE.UU. y Europa. Conocida por su intensa coloraci\u00f3n p\u00farpura y sus densos cogollos, esta cepa ofrece un aroma picante, similar al hach\u00eds afgano, y un efecto calmante y suave. Lavender prospera en climas templados, produciendo un rendimiento excepcional con un proceso de cultivo simplificado. Ideal para el uso nocturno, ofrece un efecto relajante y calmante que es perfecto para relajarse o inducir el sue\u00f1o.<\/p>","protected":false},"featured_media":82785,"template":"","meta":[],"product_brand":[],"product_cat":[949,297,467,465],"product_tag":[],"class_list":{"0":"post-82781","1":"product","2":"type-product","3":"status-publish","4":"has-post-thumbnail","6":"product_cat-soma-sacred-seeds","7":"product_cat-all-products","8":"product_cat-feminized-seeds","9":"product_cat-seedshop","11":"first","12":"instock","13":"taxable","14":"shipping-taxable","15":"purchasable","16":"product-type-variable","17":"has-default-attributes"},"_links":{"self":[{"href":"https:\/\/www.headshop.nl\/es\/wp-json\/wp\/v2\/product\/82781","targetHints":{"allow":["GET"]}}],"collection":[{"href":"https:\/\/www.headshop.nl\/es\/wp-json\/wp\/v2\/product"}],"about":[{"href":"https:\/\/www.headshop.nl\/es\/wp-json\/wp\/v2\/types\/product"}],"wp:featuredmedia":[{"embeddable":true,"href":"https:\/\/www.headshop.nl\/es\/wp-json\/wp\/v2\/media\/82785"}],"wp:attachment":[{"href":"https:\/\/www.headshop.nl\/es\/wp-json\/wp\/v2\/media?parent=82781"}],"wp:term":[{"taxonomy":"product_brand","embeddable":true,"href":"https:\/\/www.headshop.nl\/es\/wp-json\/wp\/v2\/product_brand?post=82781"},{"taxonomy":"product_cat","embeddable":true,"href":"https:\/\/www.headshop.nl\/es\/wp-json\/wp\/v2\/product_cat?post=82781"},{"taxonomy":"product_tag","embeddable":true,"href":"https:\/\/www.headshop.nl\/es\/wp-json\/wp\/v2\/product_tag?post=82781"}],"curies":[{"name":"wp","href":"https:\/\/api.w.org\/{rel}","templated":true}]}}