{"id":82776,"date":"2025-01-10T13:02:09","date_gmt":"2025-01-10T13:02:09","guid":{"rendered":"https:\/\/www.headshop.nl\/?post_type=product&#038;p=82776"},"modified":"2025-05-23T09:10:51","modified_gmt":"2025-05-23T09:10:51","slug":"new-york-city-diesel-soma-sacred-seeds","status":"publish","type":"product","link":"https:\/\/www.headshop.nl\/es\/new-york-city-diesel-soma-sacred-seeds\/","title":{"rendered":"New York City Diesel - Soma Sacred Seeds"},"content":{"rendered":"<h2>\u00bfQu\u00e9 es New York City Diesel?<\/h2>\n<p>New York City Diesel, com\u00fanmente conocida como NYC Diesel, es una variedad h\u00edbrida de cannabis con una composici\u00f3n Sativa 70% e Indica 30%. Esta mezcla \u00fanica ofrece una experiencia equilibrada que es a la vez vigorizante y relajante. Originaria de la ciudad de Nueva York, NYC Diesel se ha ganado una reputaci\u00f3n por sus rasgos distintivos y el galard\u00f3n de ser \"la mejor hierba\" seg\u00fan sus primeros defensores.<\/p>\n<p>Esta cepa es famosa por su inconfundible aroma, que recuerda al de los pomelos rojos maduros, y que llena cualquier espacio con una refrescante fragancia c\u00edtrica. M\u00e1s all\u00e1 de su delicioso aroma, NYC Diesel ofrece un sabor ex\u00f3tico que deja una impresi\u00f3n duradera. Su subid\u00f3n estimulante fomenta la creatividad y la concentraci\u00f3n, mientras que un matiz suave la hace adecuada tanto para el d\u00eda como para la noche. Con un periodo de floraci\u00f3n de 13 semanas, esta variedad recompensa a los cultivadores con generosas cosechas de cogollos de alta calidad.<\/p>\n<h2>Historia del gas\u00f3leo de Nueva York<\/h2>\n<p>El viaje de New York City Diesel comenz\u00f3 en la vibrante ciudad de Nueva York. Sus semillas fueron tra\u00eddas a la ciudad por un amigo de confianza con un gusto impecable por el cannabis. Gracias a sus or\u00edgenes \u00fanicos y a sus extraordinarias propiedades, NYC Diesel se convirti\u00f3 r\u00e1pidamente en una de las favoritas de los entusiastas del cannabis de todo el mundo.<\/p>\n<p>Una de las caracter\u00edsticas m\u00e1s llamativas de NYC Diesel es su aroma afrutado, que recuerda al de los pomelos rojos maduros. Esta caracter\u00edstica ha sido decisiva para su creciente popularidad tanto a nivel local como mundial. Con el tiempo, NYC Diesel se ha ganado un lugar entre las variedades de cannabis m\u00e1s buscadas, apreciada por su sabor ex\u00f3tico, efectos vigorizantes y rendimiento de alta calidad.<\/p>\n<h2>C\u00f3mo utilizar New York City Diesel<\/h2>\n<p>New York City Diesel ofrece opciones de consumo vers\u00e1tiles, por lo que es una de las favoritas entre los usuarios novatos y experimentados. Ya sea fumada, vaporizada o disfrutada en concentrados, esta cepa ofrece una experiencia \u00fanica caracterizada por su edificante subid\u00f3n Sativa y sus calmantes efectos Indica.<\/p>\n<p>Las propiedades energizantes de esta cepa la hacen ideal para actividades diurnas, como participar en proyectos creativos o socializar. Su ex\u00f3tico sabor a pomelo mejora la experiencia, ofreciendo un sabor refrescante y agradable. Para aquellos que buscan relajaci\u00f3n sin sedaci\u00f3n, NYC Diesel es tambi\u00e9n una gran elecci\u00f3n para la noche, proporcionando estimulaci\u00f3n mental junto con calma f\u00edsica. Se recomienda a los principiantes que empiecen con una dosis peque\u00f1a para medir su tolerancia antes de ajustar la ingesta.<\/p>\n<h2>Ingredientes del gas\u00f3leo de Nueva York<\/h2>\n<p>La magia de la New York City Diesel reside en su mezcla de cannabinoides y terpenos, que crean sus caracter\u00edsticos efectos y sabores. Esta cepa es conocida por su alto contenido en THC, que proporciona un subid\u00f3n euf\u00f3rico y estimulante. Su dominancia Sativa garantiza claridad y energ\u00eda, mientras que sus rasgos Indica aportan un equilibrio calmante.<\/p>\n<p>Los terpenos desempe\u00f1an un papel fundamental en el perfil sensorial de NYC Diesel. El terpeno dominante, el limoneno, es el responsable de su aroma c\u00edtrico a pomelo. El mirceno a\u00f1ade matices terrosos, mientras que el cariofileno aporta un toque picante. Juntos, estos compuestos crean un sabor y un aroma ex\u00f3ticos a la vez que proporcionan posibles beneficios terap\u00e9uticos, como el alivio del estr\u00e9s y la mejora del estado de \u00e1nimo.<\/p>\n<p><strong>Advertencia:<\/strong><br \/>\nNYC Diesel es una variedad potente y puede resultar abrumadora para los que la consumen por primera vez. Empieza con una peque\u00f1a cantidad para evaluar tu tolerancia. Debido a sus efectos energizantes, es mejor consumirla durante el d\u00eda o a primera hora de la noche para evitar alterar los patrones de sue\u00f1o. Cons\u00famela siempre de forma responsable y respeta la normativa local sobre el consumo de cannabis.<\/p>","protected":false},"excerpt":{"rendered":"<p>New York City Diesel es una variedad de cannabis famosa por su mezcla \u00fanica de caracter\u00edsticas Sativa e Indica. Conocida por su aroma a pomelo rojo maduro, su sabor ex\u00f3tico y su subid\u00f3n estimulante, NYC Diesel es perfecta para aquellos que buscan una experiencia creativa y energizante. Con sus or\u00edgenes de la Gran Manzana y su perfil vibrante, esta cepa ofrece un viaje memorable para los sentidos.<\/p>","protected":false},"featured_media":82780,"template":"","meta":[],"product_brand":[],"product_cat":[949,297,467,465],"product_tag":[],"class_list":{"0":"post-82776","1":"product","2":"type-product","3":"status-publish","4":"has-post-thumbnail","6":"product_cat-soma-sacred-seeds","7":"product_cat-all-products","8":"product_cat-feminized-seeds","9":"product_cat-seedshop","11":"first","12":"instock","13":"taxable","14":"shipping-taxable","15":"purchasable","16":"product-type-variable","17":"has-default-attributes"},"_links":{"self":[{"href":"https:\/\/www.headshop.nl\/es\/wp-json\/wp\/v2\/product\/82776","targetHints":{"allow":["GET"]}}],"collection":[{"href":"https:\/\/www.headshop.nl\/es\/wp-json\/wp\/v2\/product"}],"about":[{"href":"https:\/\/www.headshop.nl\/es\/wp-json\/wp\/v2\/types\/product"}],"wp:featuredmedia":[{"embeddable":true,"href":"https:\/\/www.headshop.nl\/es\/wp-json\/wp\/v2\/media\/82780"}],"wp:attachment":[{"href":"https:\/\/www.headshop.nl\/es\/wp-json\/wp\/v2\/media?parent=82776"}],"wp:term":[{"taxonomy":"product_brand","embeddable":true,"href":"https:\/\/www.headshop.nl\/es\/wp-json\/wp\/v2\/product_brand?post=82776"},{"taxonomy":"product_cat","embeddable":true,"href":"https:\/\/www.headshop.nl\/es\/wp-json\/wp\/v2\/product_cat?post=82776"},{"taxonomy":"product_tag","embeddable":true,"href":"https:\/\/www.headshop.nl\/es\/wp-json\/wp\/v2\/product_tag?post=82776"}],"curies":[{"name":"wp","href":"https:\/\/api.w.org\/{rel}","templated":true}]}}