{"id":82752,"date":"2025-01-10T08:27:54","date_gmt":"2025-01-10T08:27:54","guid":{"rendered":"https:\/\/www.headshop.nl\/?post_type=product&#038;p=82752"},"modified":"2025-10-16T07:04:35","modified_gmt":"2025-10-16T07:04:35","slug":"ecuadorian-sporeprint","status":"publish","type":"product","link":"https:\/\/www.headshop.nl\/es\/ecuadorian-sporeprint\/","title":{"rendered":"Ecuadorian Sporeprint"},"content":{"rendered":"<h2>\u00bfQu\u00e9 son las esporas Ecuadorian?<\/h2>\n<p>Ecuadorian Las impresiones de esporas son una herramienta esencial para el cultivo de setas m\u00e1gicas. Una impresi\u00f3n de esporas es una colecci\u00f3n de millones de esporas de hongos del sombrero de una seta, cuidadosamente impresas en un soporte como papel de aluminio o papel. Estas esporas contienen el modelo gen\u00e9tico necesario para cultivar nuevos hongos, lo que convierte a las impresiones de esporas en la piedra angular para los entusiastas que desean cultivar sus propias setas en casa.<\/p>\n<p>La Sporeprint Ecuadorian, procedente de las regiones de gran altitud de Ecuador, ofrece una oportunidad \u00fanica para explorar las caracter\u00edsticas robustas y fascinantes de esta cepa de hongos. Conocida por su resistencia y sus propiedades distintivas, esta huella de espora es una de las favoritas entre cultivadores e investigadores experimentados. Su sencillez y autenticidad la convierten en una elecci\u00f3n popular para quienes buscan conectar con el proceso de cultivo natural.<\/p>\n<h2>Historia de Ecuadorian Sporeprints<\/h2>\n<p>La variedad de setas m\u00e1gicas Ecuadorian est\u00e1 profundamente arraigada en la rica historia cultural y ecol\u00f3gica de Sudam\u00e9rica. Estos hongos prosperan en la regi\u00f3n andina, donde han sido venerados por las comunidades ind\u00edgenas durante siglos. Tradicionalmente, se utilizaban en ceremonias espirituales y curativas para conectar con los reinos superiores de la conciencia y comprender mejor el mundo natural.<\/p>\n<p>Con el tiempo, las esporas de estos hongos se recogieron y conservaron como esporas, garantizando que su linaje gen\u00e9tico pudiera estudiarse y cultivarse m\u00e1s all\u00e1 de su entorno nativo. En la actualidad, las Esporas Ecuadorian se valoran por su importancia cultural y su s\u00f3lido perfil gen\u00e9tico. Su historia es un testimonio de la duradera relaci\u00f3n entre los seres humanos y el mundo natural, que combina la tradici\u00f3n con las t\u00e9cnicas de cultivo modernas.<\/p>\n<h2>C\u00f3mo utilizar Ecuadorian Sporeprints<\/h2>\n<h3>Paso 1: Preparaci\u00f3n de la placa de Petri<\/h3>\n<p>Comience con una placa de Petri est\u00e9ril que contenga una soluci\u00f3n de agar. Puedes preparar el agar t\u00fa mismo o comprarlo ya preparado. Es importante abrir la placa en un entorno est\u00e9ril para evitar cualquier contaminaci\u00f3n.<\/p>\n<h3>Paso 2: A\u00f1adir las esporas<\/h3>\n<p>Utiliza una jeringa est\u00e9ril para extraer el l\u00edquido de esporas del vial. Si est\u00e1 trabajando con una huella de esporas, raspe suavemente algunas esporas de la huella y d\u00e9jelas caer sobre la superficie de agar de la placa de Petri.<\/p>\n<h3>Paso 3: Incubaci\u00f3n<\/h3>\n<p>Cierre la placa de Petri y col\u00f3quela en un entorno adecuado y controlado donde las esporas puedan crecer hasta convertirse en micelio sin ser molestadas. El periodo de incubaci\u00f3n puede variar de varios d\u00edas a semanas, dependiendo de las condiciones y del tipo de hongo.<\/p>\n<h3>Paso 4: Purificaci\u00f3n del micelio<\/h3>\n<p>Una vez que el micelio se ha desarrollado lo suficiente y cubre una gran parte de la placa Petri, es el momento de purificarlo. Seleccione cuidadosamente un trozo de micelio sano y completamente desarrollado para su uso posterior.<\/p>\n<h3>Paso 5: Cortar el micelio<\/h3>\n<p>Con un bistur\u00ed est\u00e9ril, corte una peque\u00f1a secci\u00f3n del micelio, de unos 6 x 6 mm. Este trozo servir\u00e1 como iniciador para un nuevo cultivo limpio.<\/p>\n<h3>Paso 6: Inoculaci\u00f3n del cultivo Medium<\/h3>\n<p>Transfiera el trozo de micelio cortado a un medio de cultivo nuevo, como una nueva placa de Petri con agar u otro medio adecuado para su posterior cultivo. Aseg\u00farese de manipular el nuevo medio en condiciones est\u00e9riles para mantener su integridad.<\/p>\n<p>El proceso requiere paciencia y precisi\u00f3n, pero la recompensa es la oportunidad de cultivar setas m\u00e1gicas Ecuadorian vibrantes y sanas. Cada paso aporta valiosos conocimientos sobre el fascinante mundo del cultivo de hongos, haciendo que el viaje sea tan satisfactorio como el resultado.<\/p>\n<h2>Ingredientes de Ecuadorian Sporeprints<\/h2>\n<p>Las Ecuadorian Sporeprints est\u00e1n compuestas en su totalidad por esporas de hongos recogidas del sombrero de una seta m\u00e1gica Ecuadorian madura. Estas esporas se recogen y conservan cuidadosamente para mantener su viabilidad y pureza. Aunque la esporeprint en s\u00ed no contiene sustancias psicoactivas, se utiliza para cultivar setas que producen de forma natural compuestos como la psilocibina y la psilocina.<\/p>\n<p>La psilocibina y la psilocina son los principales principios activos de las setas m\u00e1gicas. Estos compuestos son conocidos por su capacidad para alterar la percepci\u00f3n, mejorar la introspecci\u00f3n y facilitar experiencias profundas de conciencia. Sin embargo, estas sustancias s\u00f3lo est\u00e1n presentes en las setas maduras cultivadas a partir de la esporada, no en la esporada en s\u00ed.<\/p>\n<p>Mediante el uso de esporas de alta calidad como las de McSmart, los aficionados pueden asegurarse de que est\u00e1n comenzando su viaje de cultivo con una fuente pura y fiable de esporas, sentando las bases para el crecimiento exitoso de hongos.<\/p>\n<p><strong>Advertencia<\/strong><\/p>\n<p>Las setas m\u00e1gicas contienen compuestos naturales como la psilocibina y la psilocina, que son alucin\u00f3genos. Estas sustancias pueden provocar estados alterados de conciencia y alucinaciones. Guarde siempre las setas m\u00e1gicas fuera del alcance de los ni\u00f1os y sea consciente de sus efectos al consumirlas.<\/p>","protected":false},"excerpt":{"rendered":"<p>Explore el inconfundible mundo de la Sporeprint Ecuadorian de McSmart, una oferta de primera calidad creada para los entusiastas de la psicodelia. Ideal para aquellos que buscan examinar los intrincados patrones de la naturaleza, esta sporeprint te permite cultivar tus propias setas m\u00e1gicas y embarcarte en un profundo viaje a los misterios de la conciencia.<\/p>","protected":false},"featured_media":82754,"template":"","meta":[],"product_brand":[],"product_cat":[970,297,399,384],"product_tag":[978],"class_list":{"0":"post-82752","1":"product","2":"type-product","3":"status-publish","4":"has-post-thumbnail","6":"product_cat-magic-mushroom-spore-prints","7":"product_cat-all-products","8":"product_cat-shroomshop","9":"product_cat-smartshop","10":"product_tag-shrdeal","11":"product_shipping_class-group-7","13":"first","14":"instock","15":"taxable","16":"shipping-taxable","17":"purchasable","18":"product-type-variable","19":"has-default-attributes"},"_links":{"self":[{"href":"https:\/\/www.headshop.nl\/es\/wp-json\/wp\/v2\/product\/82752","targetHints":{"allow":["GET"]}}],"collection":[{"href":"https:\/\/www.headshop.nl\/es\/wp-json\/wp\/v2\/product"}],"about":[{"href":"https:\/\/www.headshop.nl\/es\/wp-json\/wp\/v2\/types\/product"}],"wp:featuredmedia":[{"embeddable":true,"href":"https:\/\/www.headshop.nl\/es\/wp-json\/wp\/v2\/media\/82754"}],"wp:attachment":[{"href":"https:\/\/www.headshop.nl\/es\/wp-json\/wp\/v2\/media?parent=82752"}],"wp:term":[{"taxonomy":"product_brand","embeddable":true,"href":"https:\/\/www.headshop.nl\/es\/wp-json\/wp\/v2\/product_brand?post=82752"},{"taxonomy":"product_cat","embeddable":true,"href":"https:\/\/www.headshop.nl\/es\/wp-json\/wp\/v2\/product_cat?post=82752"},{"taxonomy":"product_tag","embeddable":true,"href":"https:\/\/www.headshop.nl\/es\/wp-json\/wp\/v2\/product_tag?post=82752"}],"curies":[{"name":"wp","href":"https:\/\/api.w.org\/{rel}","templated":true}]}}