{"id":82744,"date":"2025-01-10T08:11:03","date_gmt":"2025-01-10T08:11:03","guid":{"rendered":"https:\/\/www.headshop.nl\/?post_type=product&#038;p=82744"},"modified":"2025-10-16T07:04:36","modified_gmt":"2025-10-16T07:04:36","slug":"mexican-sporeprint","status":"publish","type":"product","link":"https:\/\/www.headshop.nl\/es\/mexican-sporeprint\/","title":{"rendered":"Mexican Impresi\u00f3n espor\u00e1dica"},"content":{"rendered":"<h2>\u00bfQu\u00e9 son las esporas Mexican?<\/h2>\n<p>Mexican Los Sporeprints son productos de primera calidad creados para cultivar el ic\u00f3nico <em>Psilocybe cubensis<\/em> Cepa Mexican. Creadas por McSmart, estas impresiones de esporas contienen millones de esporas recogidas meticulosamente de setas Mexican maduras, proporcionando un punto de partida fiable y aut\u00e9ntico para el cultivo de setas.<\/p>\n<p>C\u00e9lebres por su importancia cultural e hist\u00f3rica, las setas Mexican han sido veneradas durante siglos por su papel en las experiencias espirituales y m\u00edsticas. Las esporas de estas impresiones se conservan en un medio est\u00e9ril, lo que garantiza su calidad y utilidad. Ideales para cultivadores e investigadores avanzados, las Esporeprints Mexican ofrecen una base excelente para cultivar setas o avanzar en los estudios micol\u00f3gicos.<\/p>\n<p>M\u00e1s que una herramienta de cultivo, el Mexican Sporeprint representa una puerta de entrada al extraordinario ciclo vital de los hongos. Ya sea para el crecimiento personal o la exploraci\u00f3n cient\u00edfica, este Sporeprint proporciona un recurso inestimable para comprender el fascinante mundo de los hongos.<\/p>\n<hr \/>\n<h2>Historia de Mexican Sporeprints<\/h2>\n<p>La historia del hongo Mexican se remonta a miles de a\u00f1os atr\u00e1s, profundamente entretejida en las tradiciones y rituales de las antiguas culturas Mesoamericanas. Los pueblos ind\u00edgenas, como los aztecas y los mazatecas, veneraban estos hongos por sus propiedades psicoactivas, y a menudo los utilizaban en ceremonias sagradas. Los llamaban <em>teonan\u00e1catl<\/em>que significa \"carne de los dioses\".<\/p>\n<p>A mediados del siglo XX, el trabajo de investigadores como R. Gordon Wasson reaviv\u00f3 el inter\u00e9s mundial por estas setas, destacando su importancia cultural, espiritual y psicoactiva. Este redescubrimiento condujo al desarrollo de t\u00e9cnicas modernas de cultivo, incluido el uso de esporas, lo que hizo que estos hongos fueran accesibles a entusiastas de todo el mundo.<\/p>\n<p>El Mexican Sporeprint encarna este rico legado, conectando a los cultivadores modernos con la profunda historia y la m\u00edstica del <em>Psilocybe cubensis<\/em> cepa Mexican. A trav\u00e9s del cultivo, los usuarios pueden honrar y explorar esta herencia perdurable.<\/p>\n<hr \/>\n<h2>C\u00f3mo utilizar Mexican Sporeprints<\/h2>\n<p><strong>Paso 1: Preparaci\u00f3n de la placa de Petri<\/strong><br \/>\nPrepare una placa de Petri est\u00e9ril con una soluci\u00f3n de agar, ya sea casera o comprada previamente. Abra la placa en un entorno est\u00e9ril para minimizar la contaminaci\u00f3n.<\/p>\n<p><strong>Paso 2: A\u00f1adir las esporas<\/strong><br \/>\nSi utiliza una huella de esporas, raspe suavemente un peque\u00f1o n\u00famero de esporas sobre la superficie de agar. Como alternativa, utilice una jeringa est\u00e9ril para aplicar el l\u00edquido de esporas.<\/p>\n<p><strong>Paso 3: Incubaci\u00f3n<\/strong><br \/>\nSelle la placa de Petri y col\u00f3quela en un entorno controlado para favorecer el crecimiento de los hongos. Las esporas germinar\u00e1n y se convertir\u00e1n en micelio a lo largo de varios d\u00edas o semanas, dependiendo de las condiciones.<\/p>\n<p><strong>Paso 4: Purificaci\u00f3n del micelio<\/strong><br \/>\nUna vez que el micelio haya crecido lo suficiente, seleccione una secci\u00f3n sana para garantizar un cultivo limpio para su posterior crecimiento.<\/p>\n<p><strong>Paso 5: Cortar el micelio<\/strong><br \/>\nCon un bistur\u00ed est\u00e9ril, corte una peque\u00f1a secci\u00f3n (aproximadamente 6 x 6 mm) del micelio. Este trozo servir\u00e1 de iniciador para un nuevo cultivo.<\/p>\n<p><strong>Paso 6: Inoculaci\u00f3n de un cultivo Medium<\/strong><br \/>\nTransfiera el trozo de micelio a un medio de crecimiento fresco, como una nueva placa de agar. Mantenga las condiciones de esterilidad para evitar la contaminaci\u00f3n durante el proceso.<\/p>\n<p>Con paciencia y precisi\u00f3n, puede cultivar setas Mexican vibrantes y sanas. Cada paso ofrece la oportunidad de aprender m\u00e1s sobre la biolog\u00eda de los hongos, lo que hace que el proceso sea tan gratificante como los resultados.<\/p>\n<hr \/>\n<h2>Ingredientes de Mexican Sporeprints<\/h2>\n<p>Una Sporeprint Mexican contiene millones de esporas de esporas maduras. <em>Psilocybe cubensis<\/em> Mexican hongos. Estas esporas se recogen cuidadosamente y se conservan en un medio est\u00e9ril para garantizar su pureza y viabilidad.<\/p>\n<p>Aunque la esporada en s\u00ed no contiene compuestos psicoactivos, las setas cultivadas a partir de estas esporas producen de forma natural psilocibina y psilocina, las sustancias activas responsables de sus efectos alucin\u00f3genos. Esto hace que la Mexican Sporeprint sea una excelente elecci\u00f3n para aquellos que buscan una fuente fiable de material gen\u00e9tico para el cultivo o la investigaci\u00f3n.<\/p>\n<hr \/>\n<p><strong>Advertencia<\/strong><\/p>\n<p>Las setas m\u00e1gicas Mexican contienen psilocibina y psilocina, potentes compuestos psicoactivos que pueden alterar la percepci\u00f3n e inducir alucinaciones. Util\u00edcelas de forma responsable y gu\u00e1rdelas fuera del alcance de los ni\u00f1os. Respete siempre los efectos de estas sustancias y cumpla las leyes y normativas locales relativas a su uso.<\/p>","protected":false},"excerpt":{"rendered":"<p>Ad\u00e9ntrese en el fascinante mundo de la Mexican Sporeprint de McSmart, dise\u00f1ada para entusiastas psicod\u00e9licos experimentados. Descubra los intrincados detalles y los rasgos distintivos de esta huella de espora de alta calidad, una piedra angular para el cultivo avanzado de setas y la investigaci\u00f3n micol\u00f3gica.<\/p>","protected":false},"featured_media":82746,"template":"","meta":[],"product_brand":[],"product_cat":[970,297,399,384],"product_tag":[978],"class_list":{"0":"post-82744","1":"product","2":"type-product","3":"status-publish","4":"has-post-thumbnail","6":"product_cat-magic-mushroom-spore-prints","7":"product_cat-all-products","8":"product_cat-shroomshop","9":"product_cat-smartshop","10":"product_tag-shrdeal","11":"product_shipping_class-group-7","13":"first","14":"instock","15":"taxable","16":"shipping-taxable","17":"purchasable","18":"product-type-variable","19":"has-default-attributes"},"_links":{"self":[{"href":"https:\/\/www.headshop.nl\/es\/wp-json\/wp\/v2\/product\/82744","targetHints":{"allow":["GET"]}}],"collection":[{"href":"https:\/\/www.headshop.nl\/es\/wp-json\/wp\/v2\/product"}],"about":[{"href":"https:\/\/www.headshop.nl\/es\/wp-json\/wp\/v2\/types\/product"}],"wp:featuredmedia":[{"embeddable":true,"href":"https:\/\/www.headshop.nl\/es\/wp-json\/wp\/v2\/media\/82746"}],"wp:attachment":[{"href":"https:\/\/www.headshop.nl\/es\/wp-json\/wp\/v2\/media?parent=82744"}],"wp:term":[{"taxonomy":"product_brand","embeddable":true,"href":"https:\/\/www.headshop.nl\/es\/wp-json\/wp\/v2\/product_brand?post=82744"},{"taxonomy":"product_cat","embeddable":true,"href":"https:\/\/www.headshop.nl\/es\/wp-json\/wp\/v2\/product_cat?post=82744"},{"taxonomy":"product_tag","embeddable":true,"href":"https:\/\/www.headshop.nl\/es\/wp-json\/wp\/v2\/product_tag?post=82744"}],"curies":[{"name":"wp","href":"https:\/\/api.w.org\/{rel}","templated":true}]}}