{"id":82404,"date":"2024-12-06T13:42:45","date_gmt":"2024-12-06T13:42:45","guid":{"rendered":"https:\/\/www.headshop.nl\/?post_type=product&#038;p=82404"},"modified":"2025-11-18T14:37:55","modified_gmt":"2025-11-18T14:37:55","slug":"all-in-one-kratom","status":"publish","type":"product","link":"https:\/\/www.headshop.nl\/es\/all-in-one-kratom\/","title":{"rendered":"Todo en uno Kratom"},"content":{"rendered":"<h2>\u00bfQu\u00e9 es Kratopia Todo en uno Kratom?<\/h2>\n<p>Kratopia All in One Kratom es una mezcla \u00fanica y equilibrada de diferentes tipos de Kratom, incluyendo las variedades Green, Red y White Vein, con la fuerza a\u00f1adida del Maeng Da. Esta mezcla cuidadosamente elaborada combina los beneficios de todos estos tipos de Kratom para proporcionar una amplia gama de efectos. Tanto si buscas energ\u00eda, relajaci\u00f3n o alivio del dolor, Kratopia All in One Kratom ofrece una experiencia adaptable, dependiendo de la condici\u00f3n personal del usuario y de la dosis.<\/p>\n<p>La formulaci\u00f3n de esta mezcla tiene en cuenta varios factores, como el entorno en el que se cultivan los \u00e1rboles Kratom, el momento de la cosecha y la forma en que se procesan las hojas. Cada elemento contribuye a los efectos finales que se pueden experimentar. Con una dosis adecuada, los usuarios pueden experimentar desde una estimulaci\u00f3n leve hasta una relajaci\u00f3n total, lo que la convierte en una opci\u00f3n vers\u00e1til para aquellos que buscan resultados diferentes en momentos diferentes.<\/p>\n<p>Kratopia All in One Kratom no es s\u00f3lo una mezcla de hojas; es una combinaci\u00f3n bien pensada que satisface tanto a usuarios principiantes como experimentados. Con su composici\u00f3n \u00fanica, puede ayudar a las personas a controlar el estr\u00e9s, mejorar los niveles de energ\u00eda o incluso aliviar el dolor, todo depende de c\u00f3mo se use.<\/p>\n<hr \/>\n<h2>Historia del Kratopia Todo en uno Kratom<\/h2>\n<p>La historia de la Kratopia All in One Kratom comienza con la larga tradici\u00f3n de uso de la Kratom en el sudeste asi\u00e1tico, donde se ha empleado durante siglos como remedio natural para diversas dolencias. La planta, conocida cient\u00edficamente como <em>Mitragyna speciosa<\/em>se ha utilizado por sus efectos estimulantes y analg\u00e9sicos. El Kratom se ha hecho m\u00e1s popular en los \u00faltimos a\u00f1os, sobre todo en los pa\u00edses occidentales, ya que la gente busca alternativas naturales para controlar el dolor, el estr\u00e9s y la fatiga.<\/p>\n<p>Kratopia, como marca, surgi\u00f3 de este creciente inter\u00e9s en Kratom, con el objetivo de crear una mezcla integral que maximice los beneficios de las diversas cepas de Kratom. Combinando Kratom de vena verde, roja y blanca junto con Maeng Da, Kratopia All in One Kratom ofrece un producto que proporciona una gran variedad de efectos. El objetivo de la empresa es proporcionar a los usuarios una experiencia Kratom equilibrada y de alta calidad, independientemente de su nivel de experiencia con productos Kratom.<\/p>\n<p>A lo largo de su desarrollo, Kratopia All in One Kratom se ha sometido a una cuidadosa formulaci\u00f3n para garantizar que ofrece resultados consistentes y fiables, con el equilibrio perfecto de efectos estimulantes y calmantes. Con el tiempo, la marca se ha forjado una reputaci\u00f3n por producir un producto que funciona para una amplia gama de usuarios.<\/p>\n<hr \/>\n<h2>C\u00f3mo utilizar Kratopia Todo en uno Kratom<\/h2>\n<p>El uso de Kratopia All in One Kratom es simple y directo. Para empezar, mida la dosis deseada, normalmente entre 4 y 5 gramos, dependiendo de su nivel de experiencia y los efectos deseados. Esto puede hacerse utilizando una peque\u00f1a balanza o una cuchara espec\u00edfica para Kratom para mayor precisi\u00f3n.<\/p>\n<p>Una vez que tenga su Kratom medido, la forma m\u00e1s com\u00fan de consumirlo es mezcl\u00e1ndolo en una taza de agua caliente o t\u00e9. Para obtener un sabor m\u00e1s suave y ayudar a enmascarar el sabor terroso del Kratom, puede a\u00f1adir un poco de miel u otro edulcorante. Revuelva bien y beba el t\u00e9 lentamente para permitir que los efectos comiencen a tener lugar.<\/p>\n<p>Los efectos de Kratopia Todo en Uno Kratom pueden variar en funci\u00f3n de su peso corporal individual, la sensibilidad y la dosis utilizada. Es importante empezar con una dosis peque\u00f1a si es la primera vez que toma Kratom o si no est\u00e1 seguro de c\u00f3mo responder\u00e1 su organismo. Recuerde, con Kratopia Todo en Uno Kratom, la experiencia es altamente personalizable - ajustar la dosis para encontrar el equilibrio adecuado para sus necesidades.<\/p>\n<hr \/>\n<h2>Ingredientes del Kratopia Todo en uno Kratom<\/h2>\n<p>El ingrediente principal de Kratopia All in One Kratom es <em>Mitragyna speciosa<\/em>es el nombre bot\u00e1nico de la Kratom. Esta planta es originaria del sudeste asi\u00e1tico, donde sus hojas se recolectan y secan para aprovechar sus diversas propiedades. La Kratopia All in One Kratom se fabrica combinando tres tipos principales de venas Kratom: Verde, Roja y Blanca, cada una de las cuales ofrece su propio conjunto \u00fanico de efectos.<\/p>\n<p>La Green Vein Kratom es conocida por sus efectos equilibrados, que proporcionan una leve estimulaci\u00f3n al tiempo que favorecen la concentraci\u00f3n y la energ\u00eda. La Kratom de Vena Roja, por su parte, es m\u00e1s calmante y suele utilizarse para aliviar el dolor y relajarse. La White Vein Kratom es conocida por sus propiedades energizantes y su capacidad para mejorar la claridad mental. La adici\u00f3n de Maeng Da Kratom, conocida por su potente fuerza y capacidad para potenciar los efectos de otras cepas, da a la mezcla un impulso adicional, haciendo de Kratopia All in One Kratom una mezcla poderosa.<\/p>\n<p>Estos ingredientes se obtienen y mezclan con precisi\u00f3n, lo que garantiza que cada lote de Kratopia All in One Kratom proporcione a los usuarios resultados uniformes y fiables.<\/p>\n<hr \/>\n<p><strong>Advertencia:<\/strong><\/p>\n<p>El uso de Kratopia All in One Kratom est\u00e1 restringido a mayores de 18 a\u00f1os. Mant\u00e9ngalo fuera del alcance de los ni\u00f1os. Kratom debe utilizarse con responsabilidad y moderaci\u00f3n. Siempre consulte con un profesional de la salud antes de comenzar cualquier nuevo suplemento, especialmente si est\u00e1 embarazada, amamantando o tiene alguna condici\u00f3n m\u00e9dica.<\/p>","protected":false},"excerpt":{"rendered":"<p>Kratopia All in One Kratom es una potente mezcla de Green, Red, y White Vein Kratom, realzada con un toque de Maeng Da. Esta vers\u00e1til mezcla ofrece una amplia gama de efectos, desde el alivio del dolor a subidones de energ\u00eda, relajaci\u00f3n y reducci\u00f3n del estr\u00e9s. Adapta tu experiencia con la dosis adecuada, ya que los efectos pueden variar seg\u00fan las circunstancias individuales.<\/p>","protected":false},"featured_media":82407,"template":"","meta":[],"product_brand":[],"product_cat":[817,297,389,390,407,405,384],"product_tag":[],"class_list":{"0":"post-82404","1":"product","2":"type-product","3":"status-publish","4":"has-post-thumbnail","6":"product_cat-kratopia","7":"product_cat-all-products","8":"product_cat-herbs","9":"product_cat-kratom","10":"product_cat-medicinal-herbs","11":"product_cat-relax-herbs","12":"product_cat-smartshop","13":"product_shipping_class-group-7","15":"first","16":"instock","17":"taxable","18":"shipping-taxable","19":"purchasable","20":"product-type-variable","21":"has-default-attributes"},"_links":{"self":[{"href":"https:\/\/www.headshop.nl\/es\/wp-json\/wp\/v2\/product\/82404","targetHints":{"allow":["GET"]}}],"collection":[{"href":"https:\/\/www.headshop.nl\/es\/wp-json\/wp\/v2\/product"}],"about":[{"href":"https:\/\/www.headshop.nl\/es\/wp-json\/wp\/v2\/types\/product"}],"wp:featuredmedia":[{"embeddable":true,"href":"https:\/\/www.headshop.nl\/es\/wp-json\/wp\/v2\/media\/82407"}],"wp:attachment":[{"href":"https:\/\/www.headshop.nl\/es\/wp-json\/wp\/v2\/media?parent=82404"}],"wp:term":[{"taxonomy":"product_brand","embeddable":true,"href":"https:\/\/www.headshop.nl\/es\/wp-json\/wp\/v2\/product_brand?post=82404"},{"taxonomy":"product_cat","embeddable":true,"href":"https:\/\/www.headshop.nl\/es\/wp-json\/wp\/v2\/product_cat?post=82404"},{"taxonomy":"product_tag","embeddable":true,"href":"https:\/\/www.headshop.nl\/es\/wp-json\/wp\/v2\/product_tag?post=82404"}],"curies":[{"name":"wp","href":"https:\/\/api.w.org\/{rel}","templated":true}]}}