{"id":82381,"date":"2024-12-06T12:29:39","date_gmt":"2024-12-06T12:29:39","guid":{"rendered":"https:\/\/www.headshop.nl\/?post_type=product&#038;p=82381"},"modified":"2025-10-31T08:52:13","modified_gmt":"2025-10-31T08:52:13","slug":"shiitake-extract-capsules","status":"publish","type":"product","link":"https:\/\/www.headshop.nl\/es\/shiitake-extract-capsules\/","title":{"rendered":"C\u00e1psulas de extracto de shiitake"},"content":{"rendered":"<h2>\u00bfQu\u00e9 son McMyco Shiitake Capsules?<\/h2>\n<p>McMyco Shiitake Capsules son un complemento alimenticio de alta calidad que contiene extracto de hongo Shiitake 100%, enriquecido con vitamina C y zinc para proporcionar un apoyo adicional al sistema inmunitario. Las c\u00e1psulas se elaboran a partir del cuerpo fruct\u00edfero del hongo Shiitake (Lentinula edodes), conocido por sus numerosos beneficios para la salud. Estos hongos no s\u00f3lo son apreciados en usos culinarios, sino que tambi\u00e9n son valorados en la medicina tradicional por su capacidad para promover el bienestar.<\/p>\n<p>Las c\u00e1psulas contienen un extracto de espectro completo, lo que significa que est\u00e1 dise\u00f1ado para preservar la amplia gama de compuestos beneficiosos que se encuentran en los hongos, como los betaglucanos y los polisac\u00e1ridos. Se cree que estos compuestos refuerzan la funci\u00f3n inmunitaria, mejoran la salud intestinal y reducen la inflamaci\u00f3n. Adem\u00e1s de estos ingredientes activos, cada c\u00e1psula est\u00e1 enriquecida con vitamina C, que ayuda a proteger las c\u00e9lulas del da\u00f1o oxidativo y contribuye a la absorci\u00f3n del hierro, y zinc, que favorece la funci\u00f3n cognitiva y la actividad normal del sistema inmunitario.<\/p>\n<hr \/>\n<h2>Historia de las setas shiitake<\/h2>\n<p>Los hongos shiitake tienen una larga historia en Asia Oriental, sobre todo en China y Jap\u00f3n, donde se cultivan desde hace m\u00e1s de mil a\u00f1os. El hongo shiitake, conocido como el \"rey de los hongos\", es famoso no s\u00f3lo por su rico sabor umami, sino tambi\u00e9n por sus propiedades medicinales. En la antigua China, se utilizaba para tratar diversas dolencias, desde deficiencias del sistema inmunitario hasta problemas digestivos. Estos hongos sol\u00edan reservarse a la \u00e9lite por sus supuestos poderes curativos.<\/p>\n<p>El cultivo del shiitake comenz\u00f3 en Jap\u00f3n, donde se cultivaba en troncos en los bosques, una pr\u00e1ctica que contin\u00faa hasta nuestros d\u00edas. Con el tiempo, los hongos shiitake se extendieron por todo el mundo, ganando popularidad tanto por su versatilidad culinaria como por sus potenciales beneficios para la salud. En la actualidad, los estudios cient\u00edficos respaldan muchos de los usos tradicionales del shiitake, incluida su capacidad para mejorar la funci\u00f3n inmunitaria, promover la salud intestinal y reducir la inflamaci\u00f3n.<\/p>\n<hr \/>\n<h2>C\u00f3mo utilizar McMyco Shiitake Capsules<\/h2>\n<p>Para obtener el m\u00e1ximo rendimiento de McMyco Shiitake Capsules, se recomienda tomar una c\u00e1psula dos veces al d\u00eda con una comida, acompa\u00f1ada de agua. Esta dosis permite que su cuerpo absorba adecuadamente los ingredientes activos para obtener el m\u00e1ximo beneficio. Tanto si desea reforzar su sistema inmunitario como mejorar su salud digestiva, la constancia es la clave. Las c\u00e1psulas son f\u00e1ciles de incorporar a su rutina diaria y pueden tomarse junto con otros suplementos para obtener unos beneficios \u00f3ptimos para la salud.<\/p>\n<p>Al utilizar las c\u00e1psulas, es importante seguir la dosis recomendada. Tomar m\u00e1s de la cantidad sugerida no proporcionar\u00e1 necesariamente beneficios adicionales y podr\u00eda provocar efectos secundarios innecesarios. T\u00f3melas siempre con una comida, ya que esto ayudar\u00e1 a mejorar la absorci\u00f3n de nutrientes. Si no est\u00e1 seguro de c\u00f3mo interactuar\u00e1 el suplemento con otros medicamentos o problemas de salud, es aconsejable que consulte con su m\u00e9dico.<\/p>\n<hr \/>\n<h2>Ingredientes del McMyco Shiitake Capsules<\/h2>\n<p>Cada c\u00e1psula de McMyco Shiitake contiene 400 mg de extracto de hongo Shiitake org\u00e1nico, derivado de 100% cuerpos fruct\u00edferos. Este extracto es de espectro completo, lo que significa que conserva toda la gama de compuestos beneficiosos que se encuentran en Shiitake, incluyendo 30% beta-glucanos y polisac\u00e1ridos, que se cree que apoyan la funci\u00f3n inmune y combatir la inflamaci\u00f3n. La f\u00f3rmula tambi\u00e9n est\u00e1 enriquecida con 15 mg de vitamina C y 10 mg de zinc. La vitamina C desempe\u00f1a un papel crucial en la s\u00edntesis de col\u00e1geno y protege contra el da\u00f1o oxidativo, mientras que el zinc contribuye al sistema inmunitario y a la funci\u00f3n cognitiva.<\/p>\n<p>Las c\u00e1psulas est\u00e1n elaboradas con ingredientes vegetarianos, lo que garantiza que sean adecuadas para una amplia gama de preferencias diet\u00e9ticas. Tambi\u00e9n contienen celulosa microcristalina como excipiente, lo que garantiza que las c\u00e1psulas se mantengan estables y sean f\u00e1ciles de digerir.<\/p>\n<hr \/>\n<p><strong>Advertencia<\/strong><br \/>\nMcMyco Shiitake Capsules son un suplemento diet\u00e9tico y deben utilizarse como tales. No superar la dosis diaria recomendada. Mantener fuera del alcance de los ni\u00f1os. No somos profesionales de la medicina y no podemos proporcionar diagn\u00f3sticos m\u00e9dicos, prescribir tratamientos ni ofrecer consejos m\u00e9dicos. Consulte a su m\u00e9dico antes de utilizar este producto si est\u00e1 embarazada, en per\u00edodo de lactancia o tiene alg\u00fan problema de salud.<\/p>","protected":false},"excerpt":{"rendered":"<p>McMyco Shiitake Capsules son un potente suplemento a base de extracto de hongo Shiitake 100%, enriquecido con Vitamina C y Zinc para el apoyo inmunol\u00f3gico. Estas c\u00e1psulas ofrecen una forma natural de mejorar la salud en general, promoviendo un sistema inmunitario m\u00e1s fuerte y una mejor salud intestinal. Con 30% beta-glucanos y polisac\u00e1ridos, estas c\u00e1psulas son una forma c\u00f3moda de disfrutar de los beneficios de las setas Shiitake.<\/p>","protected":false},"featured_media":87973,"template":"","meta":[],"product_brand":[],"product_cat":[813,297,455,462,399],"product_tag":[978],"class_list":{"0":"post-82381","1":"product","2":"type-product","3":"status-publish","4":"has-post-thumbnail","6":"product_cat-mcmyco","7":"product_cat-all-products","8":"product_cat-healthshop","9":"product_cat-medicinal-mushrooms-healthshop","10":"product_cat-shroomshop","11":"product_tag-shrdeal","13":"first","14":"instock","15":"taxable","16":"shipping-taxable","17":"purchasable","18":"product-type-variable","19":"has-default-attributes"},"_links":{"self":[{"href":"https:\/\/www.headshop.nl\/es\/wp-json\/wp\/v2\/product\/82381","targetHints":{"allow":["GET"]}}],"collection":[{"href":"https:\/\/www.headshop.nl\/es\/wp-json\/wp\/v2\/product"}],"about":[{"href":"https:\/\/www.headshop.nl\/es\/wp-json\/wp\/v2\/types\/product"}],"wp:featuredmedia":[{"embeddable":true,"href":"https:\/\/www.headshop.nl\/es\/wp-json\/wp\/v2\/media\/87973"}],"wp:attachment":[{"href":"https:\/\/www.headshop.nl\/es\/wp-json\/wp\/v2\/media?parent=82381"}],"wp:term":[{"taxonomy":"product_brand","embeddable":true,"href":"https:\/\/www.headshop.nl\/es\/wp-json\/wp\/v2\/product_brand?post=82381"},{"taxonomy":"product_cat","embeddable":true,"href":"https:\/\/www.headshop.nl\/es\/wp-json\/wp\/v2\/product_cat?post=82381"},{"taxonomy":"product_tag","embeddable":true,"href":"https:\/\/www.headshop.nl\/es\/wp-json\/wp\/v2\/product_tag?post=82381"}],"curies":[{"name":"wp","href":"https:\/\/api.w.org\/{rel}","templated":true}]}}