{"id":78389,"date":"2023-10-11T10:42:19","date_gmt":"2023-10-11T10:42:19","guid":{"rendered":"https:\/\/www.headshop.nl\/?post_type=product&#038;p=78389"},"modified":"2025-10-10T01:26:26","modified_gmt":"2025-10-10T01:26:26","slug":"smart-x","status":"publish","type":"product","link":"https:\/\/www.headshop.nl\/es\/smart-x\/","title":{"rendered":"Inteligente X"},"content":{"rendered":"<h2>\u00bfQu\u00e9 es Smart X?<\/h2>\n<p>Smart X es una revolucionaria pastilla para fiestas que lleva tu celebraci\u00f3n al siguiente nivel. Este producto contiene 6 c\u00e1psulas, cada una con una mezcla de potentes ingredientes naturales dise\u00f1ados para mejorar tu experiencia de fiesta. Smart X consta de 3 f\u00f3rmulas diferentes: 2 c\u00e1psulas rojas Speed X para una energ\u00eda turbo, 2 c\u00e1psulas rosas Sexy X para sensaciones euf\u00f3ricas, y 2 c\u00e1psulas naranjas Party X para el ambiente de fiesta holand\u00e9s definitivo. Cada c\u00e1psula est\u00e1 cuidadosamente elaborada con una mezcla de ingredientes para ayudar a aumentar la energ\u00eda, elevar el estado de \u00e1nimo y promover la euforia, asegurando un ambiente divertido y vibrante.<\/p>\n<p>Smart X est\u00e1 dise\u00f1ado para aquellos que quieren vivir la noche de fiesta definitiva con energ\u00eda y emoci\u00f3n. Las c\u00e1psulas ofrecen la flexibilidad de mezclar y combinar diferentes f\u00f3rmulas, lo que te permite crear una experiencia de fiesta personalizada. Tanto si buscas m\u00e1s energ\u00eda como un mayor placer, Smart X ofrece una soluci\u00f3n a medida para que tu noche sea inolvidable. Con suficientes c\u00e1psulas para compartir entre dos personas, es el compa\u00f1ero perfecto para cualquiera que busque pasar un rato incre\u00edble.<\/p>\n<h2>Historia de Smart X<\/h2>\n<p>Smart X se cre\u00f3 con el objetivo de ofrecer una experiencia de fiesta \u00fanica que combine los mejores aspectos de la energ\u00eda, la euforia y la diversi\u00f3n. El producto es una evoluci\u00f3n de la l\u00ednea de pastillas para fiestas DNX, muy popular entre los fiesteros desde hace a\u00f1os. La combinaci\u00f3n de Speed X, Sexy X, y Party X es el resultado de una extensa investigaci\u00f3n y experimentaci\u00f3n para crear la mezcla perfecta de ingredientes que puedan elevar el ambiente de fiesta.<\/p>\n<p>La historia de Smart X est\u00e1 profundamente arraigada en el deseo de proporcionar a los consumidores un producto seguro, agradable y potente. Sus ingredientes naturales se seleccionan cuidadosamente para potenciar tanto la energ\u00eda f\u00edsica como el bienestar mental, creando una experiencia inolvidable. Con el tiempo, Smart X se ha convertido en una de las opciones preferidas para aquellos que buscan una p\u00edldora de fiesta de primera calidad que ofrezca una mezcla equilibrada de euforia y energ\u00eda. Hoy en d\u00eda, es conocida por ser una de las mejores opciones entre los entusiastas de las fiestas que desean un est\u00edmulo que dure toda la noche.<\/p>\n<h2>C\u00f3mo utilizar Smart X<\/h2>\n<p>El uso de Smart X es sencillo y directo. Para experimentar los mejores resultados, se recomienda tomar la combinaci\u00f3n deseada de c\u00e1psulas de 30 a 45 minutos antes del efecto deseado con agua o zumo de frutas. La dosis diaria recomendada es de 3 c\u00e1psulas, y no debe superar la dosis diaria m\u00e1xima permitida.<\/p>\n<p>La flexibilidad de Smart X le permite mezclar y combinar las c\u00e1psulas seg\u00fan sus necesidades. Por ejemplo, combinar las c\u00e1psulas Sexy X rosas con las c\u00e1psulas Speed X rojas crea un equilibrio perfecto de energ\u00eda y euforia. Alternativamente, la mezcla de los tres colores - rojo, rosa y naranja - ofrece una experiencia intensa dise\u00f1ada para un ambiente de fiesta hardcore. Siempre escucha a tu cuerpo y empieza con una dosis m\u00e1s baja si eres nuevo en Smart X, y ajusta seg\u00fan sea necesario para tus preferencias personales.<\/p>\n<h2>Ingredientes de Smart X<\/h2>\n<p>Smart X contiene una potente combinaci\u00f3n de ingredientes cuidadosamente seleccionados por su capacidad para mejorar tu experiencia en la fiesta. La c\u00e1psula roja Speed X incluye DL-Fenilalanina, Eviodiamina, cafe\u00edna y citrus aurantium para proporcionar un potente impulso de energ\u00eda. La c\u00e1psula rosa Sexy X contiene ingredientes como Damiana, Gaba, Ginkgo Biloba, extracto de Kanna, y flor de la pasi\u00f3n, que trabajan juntos para promover la euforia, la relajaci\u00f3n y la claridad mental. La c\u00e1psula naranja Party X contiene Black Maca, extracto de Kanna y zinc, dise\u00f1ados para ayudar a elevar el estado de \u00e1nimo y la resistencia.<\/p>\n<p>Cada uno de estos ingredientes desempe\u00f1a un papel fundamental en la obtenci\u00f3n de los efectos deseados, como el aumento de la energ\u00eda, la elevaci\u00f3n del estado de \u00e1nimo y la intensificaci\u00f3n del placer. Estos ingredientes naturales se mezclan en proporciones precisas para garantizar una experiencia equilibrada y eficaz. La formulaci\u00f3n de Smart X ha sido desarrollada con cuidado para ofrecer resultados consistentes y potentes, d\u00e1ndote la confianza para disfrutar de tu fiesta sin preocuparte por la calidad o seguridad del producto.<\/p>\n<p><strong>Advertencias:<\/strong><\/p>\n<p>Smart X no debe utilizarse como sustituto de una dieta variada. Mant\u00e9ngase fuera del alcance de los ni\u00f1os. S\u00f3lo se permite su uso a mayores de 18 a\u00f1os. Evite combinarlo con medicamentos u otros estimulantes, especialmente en el caso de personas con presi\u00f3n arterial alta o baja, afecciones card\u00edacas, trastornos tiroideos, enfermedades renales, depresi\u00f3n, nerviosismo, dolencias f\u00edsicas o mentales, o si se utilizan inhibidores de la MAO. Tenga cuidado con el consumo excesivo de alcohol. En caso de duda, consulte a un profesional sanitario.<\/p>","protected":false},"excerpt":{"rendered":"<p>\u00a1Desata la experiencia de fiesta definitiva con Smart X! Esta revolucionaria p\u00edldora de fiesta combina energ\u00eda, euforia y sensaciones de fiesta inigualables en una mezcla m\u00e1gica de seis c\u00e1psulas naturales. Tanto si buscas energ\u00eda turboalimentada, una experiencia sensual euf\u00f3rica o la aut\u00e9ntica vibraci\u00f3n holandesa Party, Smart X lo tiene todo. Perfecto para compartir con un amigo o pareja, este set te da la libertad de mezclar y combinar para conseguir tu combo de fiesta ideal. Opta por un Hardcore Sex Party combinando rosa, rojo y naranja, y experimenta el m\u00e1ximo placer. Con Smart X, cada fiesta es una aventura inolvidable. Mezcla, combina y disfruta con Smart X: \u00a1tu billete a la alegr\u00eda de las fiestas sin fin!<\/p>","protected":false},"featured_media":78397,"template":"","meta":[],"product_brand":[],"product_cat":[408,386,384,412],"product_tag":[],"class_list":{"0":"post-78389","1":"product","2":"type-product","3":"status-publish","4":"has-post-thumbnail","6":"product_cat-dnx","7":"product_cat-party-pills","8":"product_cat-smartshop","9":"product_cat-trippy-pills","11":"first","12":"instock","13":"taxable","14":"shipping-taxable","15":"purchasable","16":"product-type-variable","17":"has-default-attributes"},"_links":{"self":[{"href":"https:\/\/www.headshop.nl\/es\/wp-json\/wp\/v2\/product\/78389","targetHints":{"allow":["GET"]}}],"collection":[{"href":"https:\/\/www.headshop.nl\/es\/wp-json\/wp\/v2\/product"}],"about":[{"href":"https:\/\/www.headshop.nl\/es\/wp-json\/wp\/v2\/types\/product"}],"wp:featuredmedia":[{"embeddable":true,"href":"https:\/\/www.headshop.nl\/es\/wp-json\/wp\/v2\/media\/78397"}],"wp:attachment":[{"href":"https:\/\/www.headshop.nl\/es\/wp-json\/wp\/v2\/media?parent=78389"}],"wp:term":[{"taxonomy":"product_brand","embeddable":true,"href":"https:\/\/www.headshop.nl\/es\/wp-json\/wp\/v2\/product_brand?post=78389"},{"taxonomy":"product_cat","embeddable":true,"href":"https:\/\/www.headshop.nl\/es\/wp-json\/wp\/v2\/product_cat?post=78389"},{"taxonomy":"product_tag","embeddable":true,"href":"https:\/\/www.headshop.nl\/es\/wp-json\/wp\/v2\/product_tag?post=78389"}],"curies":[{"name":"wp","href":"https:\/\/api.w.org\/{rel}","templated":true}]}}