{"id":77217,"date":"2021-08-09T12:30:58","date_gmt":"2021-08-09T12:30:58","guid":{"rendered":"https:\/\/www.headshop.nl\/?post_type=product&#038;p=77217"},"modified":"2026-02-08T13:26:32","modified_gmt":"2026-02-08T13:26:32","slug":"mcmicrodose-starterkit","status":"publish","type":"product","link":"https:\/\/www.headshop.nl\/es\/mcmicrodose-starterkit\/","title":{"rendered":"McMicrodose Starterkit"},"content":{"rendered":"<h2>McMicrodose Starterkit Trufas m\u00e1gicas para Microdosing<\/h2>\n<p>McMicrodose Starter El kit contiene un blister con trufas Mexicana dosificadas de 6x 1 gramo. Las trufas contienen psilocibina natural y han sido especialmente seleccionadas por sus propiedades para la mejor microdosificaci\u00f3n. El Kit Starter es ideal para aquellos que quieren familiarizarse con la microdosificaci\u00f3n de trufas.<\/p>\n<p>Si ya tienes experiencia con la microdosificaci\u00f3n, puedes cambiar a: <a href=\"https:\/\/www.headshop.nl\/es\/mcmicrodose-magic-truffles\/\">McMicrodose 2\u00d75 gramos o 2\u00d710 gramos<\/a>. Estos productos ofrecen la posibilidad de basar la microdosificaci\u00f3n m\u00e1s en las necesidades personales.<\/p>","protected":false},"excerpt":{"rendered":"<p>McMicrodose es un producto de vanguardia para aquellos que quieren explorar el excitante y beneficioso mundo de los psicod\u00e9licos manteni\u00e9ndose de forma segura por debajo del umbral perceptivo. Toma McMicrodose tanto como una vez al d\u00eda (los microdosificadores var\u00edan en cu\u00e1ntos d\u00edas a la semana se microdosifican) para ti o \u00a1comp\u00e1rtelo con tus amigos! El Microdosing est\u00e1 siendo investigado cient\u00edficamente, pero como cualquier otra sustancia psicoactiva, no debe tomarse sin la educaci\u00f3n y orientaci\u00f3n adecuadas de profesionales experimentados.<\/p>","protected":false},"featured_media":77225,"template":"","meta":[],"product_brand":[],"product_cat":[401,297,831,402,925,812,706,398,399,384],"product_tag":[978],"class_list":{"0":"post-77217","1":"product","2":"type-product","3":"status-publish","4":"has-post-thumbnail","6":"product_cat-microdosing","7":"product_cat-all-products","8":"product_cat-beginner-magic-truffles","9":"product_cat-magic-truffles","10":"product_cat-mcmicrodose","11":"product_cat-mcsmart-truffles","12":"product_cat-microdosing-truffles","13":"product_cat-mushrooms","14":"product_cat-shroomshop","15":"product_cat-smartshop","16":"product_tag-shrdeal","17":"product_shipping_class-group-7","19":"first","20":"instock","21":"taxable","22":"shipping-taxable","23":"purchasable","24":"product-type-variable","25":"has-default-attributes"},"_links":{"self":[{"href":"https:\/\/www.headshop.nl\/es\/wp-json\/wp\/v2\/product\/77217","targetHints":{"allow":["GET"]}}],"collection":[{"href":"https:\/\/www.headshop.nl\/es\/wp-json\/wp\/v2\/product"}],"about":[{"href":"https:\/\/www.headshop.nl\/es\/wp-json\/wp\/v2\/types\/product"}],"wp:featuredmedia":[{"embeddable":true,"href":"https:\/\/www.headshop.nl\/es\/wp-json\/wp\/v2\/media\/77225"}],"wp:attachment":[{"href":"https:\/\/www.headshop.nl\/es\/wp-json\/wp\/v2\/media?parent=77217"}],"wp:term":[{"taxonomy":"product_brand","embeddable":true,"href":"https:\/\/www.headshop.nl\/es\/wp-json\/wp\/v2\/product_brand?post=77217"},{"taxonomy":"product_cat","embeddable":true,"href":"https:\/\/www.headshop.nl\/es\/wp-json\/wp\/v2\/product_cat?post=77217"},{"taxonomy":"product_tag","embeddable":true,"href":"https:\/\/www.headshop.nl\/es\/wp-json\/wp\/v2\/product_tag?post=77217"}],"curies":[{"name":"wp","href":"https:\/\/api.w.org\/{rel}","templated":true}]}}