{"id":76820,"date":"2023-12-11T10:39:20","date_gmt":"2023-12-11T10:39:20","guid":{"rendered":"https:\/\/www.headshop.nl\/?post_type=product&#038;p=76820"},"modified":"2026-02-08T01:26:18","modified_gmt":"2026-02-08T01:26:18","slug":"sugashrooms","status":"publish","type":"product","link":"https:\/\/www.headshop.nl\/es\/sugashrooms\/","title":{"rendered":"SugaShrooms"},"content":{"rendered":"<h2 class=\"\" dir=\"auto\">\u00bfQu\u00e9 son las trufas m\u00e1gicas Sugashrooms?<\/h2>\n<p class=\"break-words\" dir=\"auto\">Las trufas m\u00e1gicas Sugashrooms son esclerocios, formados por hilos de micelio subterr\u00e1neos que almacenan nutrientes para el futuro crecimiento de las setas en condiciones como temperaturas m\u00e1s fr\u00edas y mayor humedad. Cuando se consumen, estas trufas ofrecen una experiencia alucin\u00f3gena con im\u00e1genes vibrantes y una mayor percepci\u00f3n sensorial, y cada caja de 15 gramos est\u00e1 dise\u00f1ada para un viaje inmersivo y colorido de un solo usuario.<\/p>\n<p class=\"break-words\" dir=\"auto\">Conocidas por sus efectos intensos y on\u00edricos, las Trufas M\u00e1gicas Sugashrooms est\u00e1n ganando popularidad entre los adultos mayores de 18 a\u00f1os que buscan la autoexploraci\u00f3n y la mejora sensorial. Almacenadas entre 2 \u00b0C y 4 \u00b0C, mantienen la potencia para una experiencia segura y controlada, ofreciendo una escapada m\u00edstica en un entorno de confianza para aquellos que persiguen una aventura psicod\u00e9lica transformadora.<\/p>\n<h2 class=\"\" dir=\"auto\">Historia de las trufas m\u00e1gicas Sugashrooms<\/h2>\n<p class=\"break-words\" dir=\"auto\">Los or\u00edgenes de las trufas m\u00e1gicas Sugashrooms se remontan a las antiguas culturas de Am\u00e9rica Central y del Sur, donde los hongos con psilocibina se utilizaban en ceremonias espirituales para acceder a reinos m\u00edsticos y fomentar la autoconciencia. En el siglo XX, los esclerocios cobraron importancia en regiones como los Pa\u00edses Bajos como alternativa legal a las setas restringidas, y las Sugashrooms se desarrollaron por sus efectos potentes y visualmente impactantes.<\/p>\n<p class=\"break-words\" dir=\"auto\">Las modernas t\u00e9cnicas de cultivo garantizan una calidad constante, combinando la antigua reverencia por los psicod\u00e9licos con la innovaci\u00f3n contempor\u00e1nea. Hoy en d\u00eda, estas trufas se celebran por su papel en el crecimiento personal y la creatividad, reflejando un cambio cultural hacia los psicod\u00e9licos y ofreciendo a los usuarios un viaje vibrante y alegre a los paisajes caleidosc\u00f3picos de la mente.<\/p>\n<h2 class=\"\" dir=\"auto\">C\u00f3mo utilizar las trufas m\u00e1gicas Sugashrooms<\/h2>\n<p class=\"break-words\" dir=\"auto\">Para una experiencia segura, consume Sugashrooms Magic Truffles en un entorno familiar y tranquilo, empezando con la mitad de una caja de 15 gramos y evaluando los efectos al cabo de 30-45 minutos antes de tomar m\u00e1s. Los efectos alcanzan su punto \u00e1lgido en 1-3 horas y desaparecen al cabo de 5-6 horas; consumir con el est\u00f3mago vac\u00edo, masticando bien o mezclando con t\u00e9 o sopa, y conservar a 2\u00b0C-4\u00b0C en un lugar oscuro.<\/p>\n<p class=\"break-words\" dir=\"auto\">Evite combinarlo con alcohol, medicamentos o drogas, y no lo consuma si est\u00e1 embarazada, es menor de 18 a\u00f1os o padece afecciones como depresi\u00f3n o problemas cardiacos; est\u00e1 prohibido conducir o manejar maquinaria. Los adultos con buena salud pueden disfrutar de un viaje vibrante y sensorial si se mantienen hidratados, se relajan y siguen las pautas de dosificaci\u00f3n para un viaje seguro y encantador.<\/p>\n<h2 class=\"\" dir=\"auto\">Ingredientes de las trufas m\u00e1gicas Sugashrooms<\/h2>\n<p class=\"break-words\" dir=\"auto\">Las Trufas M\u00e1gicas Sugashrooms contienen psilocibina, que se convierte en psilocina en el cuerpo, alterando los niveles de serotonina para producir efectos alucin\u00f3genos, junto con nutrientes como 110,5 kcal, 13,2g de carbohidratos, 5,3g de prote\u00ednas, 0,4g de grasa y 16,7g de fibra diet\u00e9tica por 100g. Tambi\u00e9n aportan 210 mg de potasio, 169,3 mg de f\u00f3sforo, 12,5 mg de calcio, 13,6 mg de sodio, 0,7 mg de hierro y 10 UI de vitamina D, que contribuyen a la energ\u00eda y las funciones corporales.<\/p>\n<p class=\"break-words\" dir=\"auto\">Formadas de forma natural por esclerocios, estas trufas combinan compuestos psicoactivos con oligoelementos para ofrecer una experiencia hol\u00edstica que mejora la percepci\u00f3n sensorial y emocional. El consumo responsable garantiza que los usuarios se beneficien de su apoyo nutricional y de sus efectos v\u00edvidos y caleidosc\u00f3picos, respetando al mismo tiempo la potencia de la psilocibina.<\/p>\n<p dir=\"auto\"><strong>Advertencia<\/strong><\/p>\n<p class=\"break-words\" dir=\"auto\">Las Trufas M\u00e1gicas Sugashrooms contienen psilocibina y psilocina, potentes alucin\u00f3genos que alteran significativamente la percepci\u00f3n e inducen v\u00edvidas alucinaciones, por lo que requieren un uso prudente en un entorno controlado. Mant\u00e9ngase fuera del alcance de los ni\u00f1os y ev\u00edtese en caso de embarazo, problemas de salud mental o enfermedades como la diabetes o la hipertensi\u00f3n.<\/p>\n<p class=\"break-words\" dir=\"auto\">La combinaci\u00f3n con otras sustancias aumenta los riesgos, y el consumo responsable es esencial para la seguridad. Los usuarios deben seguir unas directrices y garantizar un estado mental y f\u00edsico adecuado para experimentar con seguridad los efectos transformadores de estas trufas.<\/p>","protected":false},"excerpt":{"rendered":"<p>Sum\u00e9rgete en el m\u00edstico mundo de SugaShrooms, nuestras encantadoras trufas m\u00e1gicas que prometen un caleidoscopio de vibrantes experiencias. Perfectamente equilibradas tanto para principiantes aventureros como para psiconautas experimentados, estas trufas son nuestra segunda variedad m\u00e1s potente y ofrecen un viaje potente pero manejable. Abrace una sinfon\u00eda de colores y emociones, mientras SugaShrooms le gu\u00eda a trav\u00e9s de una aventura inolvidable en el misticismo y la alegr\u00eda pura. Experimente hoy mismo la creaci\u00f3n m\u00e1s m\u00e1gica de la naturaleza y transforme su perspectiva.<\/p>","protected":false},"featured_media":76852,"template":"","meta":[],"product_brand":[],"product_cat":[402,297,812,706,398,399,626,384,832],"product_tag":[978],"class_list":{"0":"post-76820","1":"product","2":"type-product","3":"status-publish","4":"has-post-thumbnail","6":"product_cat-magic-truffles","7":"product_cat-all-products","8":"product_cat-mcsmart-truffles","9":"product_cat-microdosing-truffles","10":"product_cat-mushrooms","11":"product_cat-shroomshop","12":"product_cat-shroomshop-top-10","13":"product_cat-smartshop","14":"product_cat-strong-magic-truffles","15":"product_tag-shrdeal","16":"product_shipping_class-group-7","18":"first","19":"instock","20":"taxable","21":"shipping-taxable","22":"purchasable","23":"product-type-variable","24":"has-default-attributes"},"_links":{"self":[{"href":"https:\/\/www.headshop.nl\/es\/wp-json\/wp\/v2\/product\/76820","targetHints":{"allow":["GET"]}}],"collection":[{"href":"https:\/\/www.headshop.nl\/es\/wp-json\/wp\/v2\/product"}],"about":[{"href":"https:\/\/www.headshop.nl\/es\/wp-json\/wp\/v2\/types\/product"}],"wp:featuredmedia":[{"embeddable":true,"href":"https:\/\/www.headshop.nl\/es\/wp-json\/wp\/v2\/media\/76852"}],"wp:attachment":[{"href":"https:\/\/www.headshop.nl\/es\/wp-json\/wp\/v2\/media?parent=76820"}],"wp:term":[{"taxonomy":"product_brand","embeddable":true,"href":"https:\/\/www.headshop.nl\/es\/wp-json\/wp\/v2\/product_brand?post=76820"},{"taxonomy":"product_cat","embeddable":true,"href":"https:\/\/www.headshop.nl\/es\/wp-json\/wp\/v2\/product_cat?post=76820"},{"taxonomy":"product_tag","embeddable":true,"href":"https:\/\/www.headshop.nl\/es\/wp-json\/wp\/v2\/product_tag?post=76820"}],"curies":[{"name":"wp","href":"https:\/\/api.w.org\/{rel}","templated":true}]}}