{"id":60100,"date":"2023-01-16T12:03:29","date_gmt":"2023-01-16T12:03:29","guid":{"rendered":"https:\/\/www.headshop.nl\/?post_type=product&#038;p=60100"},"modified":"2025-05-23T09:24:20","modified_gmt":"2025-05-23T09:24:20","slug":"cbd-cannabis-leaves-strawberry","status":"publish","type":"product","link":"https:\/\/www.headshop.nl\/es\/cbd-cannabis-leaves-strawberry\/","title":{"rendered":"CBD Hojas de Cannabis Fresa"},"content":{"rendered":"<p><strong>CBD Cannabis Leaves Fresa:<\/strong><br \/>\n\u00a1Las Hojas de Cannabis Fresa de Dr. Candy contienen deliciosos caramelos que est\u00e1n provistos de la sustancia CBD! El cannabidiol (CBD) desempe\u00f1a un papel principal como principio activo en estas hojas de cannabis de gominola. La sustancia CBD se extrae de la planta de c\u00e1\u00f1amo\/cannabis y tiene un efecto positivo sobre el cuerpo y la mente. El cannabidiol puede reducir los niveles de ansiedad o estr\u00e9s en el cuerpo y contiene posibles propiedades antiinflamatorias. La planta de cannabis est\u00e1 repleta de sustancias valiosas, como terpenos, flavonoides y cannabinoides. Estas sustancias pueden tener una influencia positiva tanto en el cuerpo como en la mente. El espectro completo de la planta de c\u00e1\u00f1amo tambi\u00e9n incluye las sustancias Cannabinol (CBN), Cannabigerol (CBG) y Cannabichromene (CBC). El cannabinol puede tener un efecto positivo sobre el sue\u00f1o y el descanso. Tambi\u00e9n puede ayudar con las n\u00e1useas. El cannabigerol es un componente indispensable de los cannabinoides y contiene muchas propiedades antibacterianas. El cannabicromeno puede aliviar el dolor.<\/p>\n<p>El Cannabis Leaves Strawberry es perfecto para tomar entre comidas. Cada una de las hojas de cannabis contiene 10 mg de CBD. Estos caramelos no te colocar\u00e1n ni te drogar\u00e1n. La sustancia THC, responsable de la sensaci\u00f3n psicod\u00e9lica del cannabis, no est\u00e1 presente en estos caramelos. Durante la extracci\u00f3n del CBD y otras sustancias espec\u00edficas de la planta, la sustancia THC se pierde. Esto significa que estos caramelos no tienen efectos psicod\u00e9licos. As\u00ed que puedes consumirlos en cualquier lugar y en cualquier momento.<\/p>\n<p><strong>Uso:<\/strong><br \/>\nEl CBD act\u00faa en el cuerpo cuando se ha creado un espejo. Siempre recomendamos empezar con dos hojas de CBD al d\u00eda en la primera semana, y luego ampliarlo seg\u00fan se desee. Al tomar una hoja de cannabis cada d\u00eda se acumula un nivel de CBD en la sangre, y sobre todo entonces los efectos positivos se hacen muy notables.<\/p>\n<p><strong>Ingredientes:<\/strong><br \/>\nCBD, Glucosa, Az\u00facar Colorante natural, Gelatina, \u00c1cido c\u00edtrico.<\/p>\n<p><strong>Consejos de almacenamiento:<\/strong><br \/>\nGuarde este producto de Dr. Candy en un lugar fresco y oscuro, como un armario de cocina, y mant\u00e9ngalo fuera del alcance de los ni\u00f1os.<\/p>\n<p><strong>Advertencia:<\/strong><br \/>\nEste producto no es apto para mujeres embarazadas ni ni\u00f1os.<\/p>","protected":false},"excerpt":{"rendered":"<p>El caramelo CBD Cannabis Leaves Strawberry pertenece a la colecci\u00f3n de caramelos de Dr. Candy y contiene CBD. Disfruta de la dulzura y aprovecha los muchos beneficios que el CBD tiene para el cuerpo y la mente. Perfecto para entre horas o simplemente porque es sabroso. Dr. Candy es la marca cuando se trata de caramelos de CBD, pru\u00e9balos ahora.<\/p>","protected":false},"featured_media":58146,"template":"","meta":[],"product_brand":[],"product_cat":[839,297,847],"product_tag":[],"class_list":{"0":"post-60100","1":"product","2":"type-product","3":"status-publish","4":"has-post-thumbnail","6":"product_cat-dr-candy","7":"product_cat-all-products","8":"product_cat-edibles-2","10":"first","11":"instock","12":"taxable","13":"shipping-taxable","14":"purchasable","15":"product-type-variable","16":"has-default-attributes"},"_links":{"self":[{"href":"https:\/\/www.headshop.nl\/es\/wp-json\/wp\/v2\/product\/60100","targetHints":{"allow":["GET"]}}],"collection":[{"href":"https:\/\/www.headshop.nl\/es\/wp-json\/wp\/v2\/product"}],"about":[{"href":"https:\/\/www.headshop.nl\/es\/wp-json\/wp\/v2\/types\/product"}],"wp:featuredmedia":[{"embeddable":true,"href":"https:\/\/www.headshop.nl\/es\/wp-json\/wp\/v2\/media\/58146"}],"wp:attachment":[{"href":"https:\/\/www.headshop.nl\/es\/wp-json\/wp\/v2\/media?parent=60100"}],"wp:term":[{"taxonomy":"product_brand","embeddable":true,"href":"https:\/\/www.headshop.nl\/es\/wp-json\/wp\/v2\/product_brand?post=60100"},{"taxonomy":"product_cat","embeddable":true,"href":"https:\/\/www.headshop.nl\/es\/wp-json\/wp\/v2\/product_cat?post=60100"},{"taxonomy":"product_tag","embeddable":true,"href":"https:\/\/www.headshop.nl\/es\/wp-json\/wp\/v2\/product_tag?post=60100"}],"curies":[{"name":"wp","href":"https:\/\/api.w.org\/{rel}","templated":true}]}}