{"id":60094,"date":"2023-01-16T12:03:25","date_gmt":"2023-01-16T12:03:25","guid":{"rendered":"https:\/\/www.headshop.nl\/?post_type=product&#038;p=60094"},"modified":"2025-05-23T09:24:32","modified_gmt":"2025-05-23T09:24:32","slug":"cbd-sleep-well-gummies","status":"publish","type":"product","link":"https:\/\/www.headshop.nl\/es\/cbd-sleep-well-gummies\/","title":{"rendered":"CBD Dormir Bien Gummies"},"content":{"rendered":"<p><strong>CBD Sleep well Gummies:<\/strong><br \/>\nLos problemas para dormir son comunes y tienen un gran impacto negativo en tu vida diaria. Si sufres de noches de insomnio, entonces deber\u00edas Dr. Candy CBD Sleep Well Gummies con CBD y melatonina. El CBD es conocido por sus propiedades sedantes y analg\u00e9sicas. 1TP375La melatonina es una sustancia que tu cuerpo produce de forma natural, desempe\u00f1a un papel en la regulaci\u00f3n del ritmo sue\u00f1o-vigilia.<\/p>\n<p>Hay pocas cosas m\u00e1s frustrantes que tener problemas para dormir. Durante el d\u00eda te sientes somnoliento, desconcentrado e irritado porque no has dormido lo suficiente. Pero cuando te metes en la cama por la noche y quieres disfrutar de un sue\u00f1o tranquilo, te quedas despierto con los ojos abiertos. Puede que tu mente no deje de dar vueltas o que no consigas relajarte f\u00edsicamente. Algunas personas se quedan dormidas, pero se despiertan de repente en mitad de la noche. Cuanto m\u00e1s intentas conciliar el sue\u00f1o, menos lo consigues.<\/p>\n<p>Los trastornos del sue\u00f1o pueden deberse a muchas causas. Por ejemplo, el estr\u00e9s y la ansiedad pueden ser el motivo de que te desveles, un ritmo diurno y nocturno alterado o incluso el dolor. Afortunadamente, el CBD y la melatonina pueden ayudar con muchas de estas dolencias. Ambas son sustancias naturales que ayudan al cuerpo y a la mente a relajarse, facilitando conciliar el sue\u00f1o y dormir mejor. Cada Gominola Dormir Bien contiene 10mg de CBD y 0,3mg de melatonina.<\/p>\n<p><strong>Uso:<\/strong><br \/>\nEl CBD funciona en el cuerpo cuando se ha creado un espejo. Este espejo se construye tomando Cannabidiol todos los d\u00edas. Siempre recomendamos empezar la primera semana con una o m\u00e1s gominolas al d\u00eda e ir aumentando si se desea. El CBD tiene muchas propiedades positivas. Una sobredosis de CBD es muy improbable. Sin embargo, no recomendamos tomar m\u00e1s de 100 mg de CBD al d\u00eda.<\/p>\n<p><strong>Consejos de almacenamiento:<\/strong><br \/>\nGuarde este producto de Dr. Candy en un lugar fresco y oscuro, como un armario de cocina, y mant\u00e9ngalo fuera del alcance de los ni\u00f1os.<\/p>\n<p><strong>Ingredientes:<\/strong><br \/>\nGlucosa, az\u00facar, colorantes y aromas naturales, gelatina, \u00e1cido c\u00edtrico, CBD, Melatonina<\/p>\n<p><strong>Advertencia:<\/strong><br \/>\nEste producto no es apto para mujeres embarazadas ni ni\u00f1os.<\/p>","protected":false},"excerpt":{"rendered":"<p>El caramelo CBD Sleep Well Gummies pertenece a la colecci\u00f3n de caramelos de Dr. Candy y contiene CBD. Disfruta de la dulzura y aprovecha los muchos beneficios que el CBD tiene para el cuerpo y la mente. Perfecto para entre horas o simplemente porque es sabroso. Dr. Candy es la marca cuando se trata de caramelos de CBD, pru\u00e9balos ahora.<\/p>","protected":false},"featured_media":58142,"template":"","meta":[],"product_brand":[],"product_cat":[839,297,847],"product_tag":[],"class_list":{"0":"post-60094","1":"product","2":"type-product","3":"status-publish","4":"has-post-thumbnail","6":"product_cat-dr-candy","7":"product_cat-all-products","8":"product_cat-edibles-2","10":"first","11":"instock","12":"taxable","13":"shipping-taxable","14":"purchasable","15":"product-type-variable","16":"has-default-attributes"},"_links":{"self":[{"href":"https:\/\/www.headshop.nl\/es\/wp-json\/wp\/v2\/product\/60094","targetHints":{"allow":["GET"]}}],"collection":[{"href":"https:\/\/www.headshop.nl\/es\/wp-json\/wp\/v2\/product"}],"about":[{"href":"https:\/\/www.headshop.nl\/es\/wp-json\/wp\/v2\/types\/product"}],"wp:featuredmedia":[{"embeddable":true,"href":"https:\/\/www.headshop.nl\/es\/wp-json\/wp\/v2\/media\/58142"}],"wp:attachment":[{"href":"https:\/\/www.headshop.nl\/es\/wp-json\/wp\/v2\/media?parent=60094"}],"wp:term":[{"taxonomy":"product_brand","embeddable":true,"href":"https:\/\/www.headshop.nl\/es\/wp-json\/wp\/v2\/product_brand?post=60094"},{"taxonomy":"product_cat","embeddable":true,"href":"https:\/\/www.headshop.nl\/es\/wp-json\/wp\/v2\/product_cat?post=60094"},{"taxonomy":"product_tag","embeddable":true,"href":"https:\/\/www.headshop.nl\/es\/wp-json\/wp\/v2\/product_tag?post=60094"}],"curies":[{"name":"wp","href":"https:\/\/api.w.org\/{rel}","templated":true}]}}