{"id":60080,"date":"2023-01-16T12:03:13","date_gmt":"2023-01-16T12:03:13","guid":{"rendered":"https:\/\/www.headshop.nl\/?post_type=product&#038;p=60080"},"modified":"2025-05-23T09:25:05","modified_gmt":"2025-05-23T09:25:05","slug":"cbd-gummy-bears-mix","status":"publish","type":"product","link":"https:\/\/www.headshop.nl\/es\/cbd-gummy-bears-mix\/","title":{"rendered":"Mezcla de gominolas de CBD"},"content":{"rendered":"<p><strong>Mezcla de ositos de goma con CBD:<\/strong><br \/>\nLas Gominolas CBD Sabor Mixto de Dr. Candy son unos deliciosos caramelos con CBD, que proviene de la planta de cannabis\/ c\u00e1\u00f1amo. El cannabidiol (CBD) es el ingrediente activo de estas gominolas. La sustancia CBD se extrae del c\u00e1\u00f1amo y tiene un efecto positivo en el cuerpo y la mente. El cannabidiol puede reducir los niveles de ansiedad o estr\u00e9s en el cuerpo y tiene propiedades antiinflamatorias. La planta de cannabis est\u00e1 repleta de grandes compuestos, como terpenos, flavonoides y cannabinoides. Las CBD Gummy Bears de Dr. Candy son caramelos con una mezcla de diferentes sabores frutales. Perfectos para tomar entre horas.<\/p>\n<p>Las gominolas de CBD contienen 5mg de CBD cada una. No te colocar\u00e1n ni te drogar\u00e1n. La sustancia THC, responsable de la sensaci\u00f3n psicod\u00e9lica del cannabis, no est\u00e1 presente en estos caramelos. Durante la extracci\u00f3n del CBD y otras sustancias \u00fatiles de la planta, la sustancia THC se pierde. Esto significa que estos caramelos no tienen efectos psicod\u00e9licos. As\u00ed que puedes consumir estos caramelos en cualquier lugar y en cualquier momento. \u00a1Descubre el poder de CBD Bears Mixed Flavor!<\/p>\n<p><strong>Uso:<\/strong><br \/>\nEl CBD funciona en el cuerpo cuando se ha creado un espejo. Este espejo se construye tomando Cannabidiol todos los d\u00edas. Siempre recomendamos empezar la primera semana con uno o dos dulces al d\u00eda e ir ampliando si se desea. El CBD tiene muchas propiedades positivas. Una sobredosis de CBD es muy improbable. Sin embargo, no recomendamos tomar m\u00e1s de 100 mg de CBD al d\u00eda.<\/p>\n<p><strong>Ingredientes:<\/strong><br \/>\nCBD, Glucosa, Az\u00facar Colorante natural, Gelatina, \u00c1cido c\u00edtrico.<\/p>\n<p><strong>Consejos de almacenamiento:<\/strong><br \/>\nGuarde este producto de Dr. Candy en un lugar fresco y oscuro, como un armario de cocina, y mant\u00e9ngalo fuera del alcance de los ni\u00f1os.<\/p>\n<p><strong>Advertencia:<\/strong><br \/>\nEste producto no es apto para mujeres embarazadas ni ni\u00f1os.<\/p>","protected":false},"excerpt":{"rendered":"<p>Los caramelos CBD Gummy Bears mix pertenecen a la colecci\u00f3n de caramelos de Dr. Candy y contienen CBD. Disfruta de la dulzura y aprovecha los muchos beneficios que el CBD tiene para el cuerpo y la mente. Perfecto para entre horas o simplemente porque es sabroso. Dr. Candy es la marca cuando se trata de caramelos de CBD, pru\u00e9balos ahora.<\/p>","protected":false},"featured_media":58158,"template":"","meta":[],"product_brand":[],"product_cat":[839,297,847],"product_tag":[],"class_list":{"0":"post-60080","1":"product","2":"type-product","3":"status-publish","4":"has-post-thumbnail","6":"product_cat-dr-candy","7":"product_cat-all-products","8":"product_cat-edibles-2","10":"first","11":"instock","12":"taxable","13":"shipping-taxable","14":"purchasable","15":"product-type-variable","16":"has-default-attributes"},"_links":{"self":[{"href":"https:\/\/www.headshop.nl\/es\/wp-json\/wp\/v2\/product\/60080","targetHints":{"allow":["GET"]}}],"collection":[{"href":"https:\/\/www.headshop.nl\/es\/wp-json\/wp\/v2\/product"}],"about":[{"href":"https:\/\/www.headshop.nl\/es\/wp-json\/wp\/v2\/types\/product"}],"wp:featuredmedia":[{"embeddable":true,"href":"https:\/\/www.headshop.nl\/es\/wp-json\/wp\/v2\/media\/58158"}],"wp:attachment":[{"href":"https:\/\/www.headshop.nl\/es\/wp-json\/wp\/v2\/media?parent=60080"}],"wp:term":[{"taxonomy":"product_brand","embeddable":true,"href":"https:\/\/www.headshop.nl\/es\/wp-json\/wp\/v2\/product_brand?post=60080"},{"taxonomy":"product_cat","embeddable":true,"href":"https:\/\/www.headshop.nl\/es\/wp-json\/wp\/v2\/product_cat?post=60080"},{"taxonomy":"product_tag","embeddable":true,"href":"https:\/\/www.headshop.nl\/es\/wp-json\/wp\/v2\/product_tag?post=60080"}],"curies":[{"name":"wp","href":"https:\/\/api.w.org\/{rel}","templated":true}]}}