{"id":60076,"date":"2023-01-16T12:03:09","date_gmt":"2023-01-16T12:03:09","guid":{"rendered":"https:\/\/www.headshop.nl\/?post_type=product&#038;p=60076"},"modified":"2025-05-23T09:25:16","modified_gmt":"2025-05-23T09:25:16","slug":"cbd-love-gummies","status":"publish","type":"product","link":"https:\/\/www.headshop.nl\/es\/cbd-love-gummies\/","title":{"rendered":"Gominolas CBD Love"},"content":{"rendered":"<p><strong>CBD Love Gummies:<\/strong><\/p>\n<p>Con estas gominolas CBD Love Gummies llevar\u00e1s tu rendimiento sexual al siguiente nivel. Los afrodis\u00edacos er\u00f3ticos en forma de coraz\u00f3n son aptos para todo el mundo. Enciende el fuego interior como nunca antes y proporciona una noche llena de pasi\u00f3n que no olvidar\u00e1s pronto. Tome 1 \u00f3 2 gominolas y deje que el amor, la pasi\u00f3n y la fogosidad hagan el resto. Sorprenda a su pareja y \u00a1disfrute!<\/p>\n<p>Las sabrosas Gominolas del Amor contienen varios ingredientes activos, entre ellos nada menos que 4 mg de CBD. Tambi\u00e9n contienen Damiana (Turnera Diffusa) y Muira Puama (Ptychopetalum olacoides). Estas dos hierbas legendarias son conocidas como potentes afrodis\u00edacos y se las conoce como \"la viagra del Amazonas\". Gracias a su dulce sabor a fresa, \u00a1te chupar\u00e1s los dedos (o los de tu pareja)!<\/p>\n<p><strong>Uso:<\/strong><br \/>\nEl CBD funciona en el cuerpo cuando se ha creado un espejo. Este espejo se construye tomando Cannabidiol todos los d\u00edas. Siempre recomendamos empezar la primera semana con una o m\u00e1s gominolas al d\u00eda e ir aumentando si se desea. El CBD tiene muchas propiedades positivas. Una sobredosis de CBD es muy improbable. Sin embargo, no recomendamos tomar m\u00e1s de 100 mg de CBD al d\u00eda.<\/p>\n<p><strong>Consejos de almacenamiento:<\/strong><br \/>\nGuarde este producto de Dr. Candy en un lugar fresco y oscuro, como un armario de cocina, y mant\u00e9ngalo fuera del alcance de los ni\u00f1os.<\/p>\n<p><strong>Ingredientes por gominola:<\/strong><br \/>\n4 mg de CBD, 100 mg de Damiana (Turnera Diffusa) y 100 mg de Muira Puama (Ptychopetalum olacoides)<\/p>\n<p><strong>Advertencia:<\/strong><br \/>\nEste producto no es apto para mujeres embarazadas ni ni\u00f1os.<\/p>","protected":false},"excerpt":{"rendered":"<p>El caramelo CBD Love Gummies pertenece a la colecci\u00f3n de caramelos de Dr. Candy y contiene CBD. Disfruta de la dulzura y aprovecha los muchos beneficios que el CBD tiene para el cuerpo y la mente. Perfecto para entre horas o simplemente porque es sabroso. Dr. Candy es la marca cuando se trata de caramelos de CBD, pru\u00e9balos ahora.<\/p>","protected":false},"featured_media":58154,"template":"","meta":[],"product_brand":[],"product_cat":[839,297,847],"product_tag":[],"class_list":{"0":"post-60076","1":"product","2":"type-product","3":"status-publish","4":"has-post-thumbnail","6":"product_cat-dr-candy","7":"product_cat-all-products","8":"product_cat-edibles-2","10":"first","11":"instock","12":"taxable","13":"shipping-taxable","14":"purchasable","15":"product-type-variable","16":"has-default-attributes"},"_links":{"self":[{"href":"https:\/\/www.headshop.nl\/es\/wp-json\/wp\/v2\/product\/60076","targetHints":{"allow":["GET"]}}],"collection":[{"href":"https:\/\/www.headshop.nl\/es\/wp-json\/wp\/v2\/product"}],"about":[{"href":"https:\/\/www.headshop.nl\/es\/wp-json\/wp\/v2\/types\/product"}],"wp:featuredmedia":[{"embeddable":true,"href":"https:\/\/www.headshop.nl\/es\/wp-json\/wp\/v2\/media\/58154"}],"wp:attachment":[{"href":"https:\/\/www.headshop.nl\/es\/wp-json\/wp\/v2\/media?parent=60076"}],"wp:term":[{"taxonomy":"product_brand","embeddable":true,"href":"https:\/\/www.headshop.nl\/es\/wp-json\/wp\/v2\/product_brand?post=60076"},{"taxonomy":"product_cat","embeddable":true,"href":"https:\/\/www.headshop.nl\/es\/wp-json\/wp\/v2\/product_cat?post=60076"},{"taxonomy":"product_tag","embeddable":true,"href":"https:\/\/www.headshop.nl\/es\/wp-json\/wp\/v2\/product_tag?post=60076"}],"curies":[{"name":"wp","href":"https:\/\/api.w.org\/{rel}","templated":true}]}}