{"id":60074,"date":"2023-01-16T12:02:52","date_gmt":"2023-01-16T12:02:52","guid":{"rendered":"https:\/\/www.headshop.nl\/?post_type=product&#038;p=60074"},"modified":"2025-05-23T09:25:22","modified_gmt":"2025-05-23T09:25:22","slug":"cbd-lollys-cannabis","status":"publish","type":"product","link":"https:\/\/www.headshop.nl\/es\/cbd-lollys-cannabis\/","title":{"rendered":"CBD Lolly's Cannabis"},"content":{"rendered":"<p><strong>CBD Lollipop Cannabis:<\/strong><br \/>\nEl caramelo de CBD Cannabis de Dr.Candy es una golosina con un toque \u00fanico. El cannabidiol o CBD es una sustancia que se encuentra en la planta del c\u00e1\u00f1amo. Esta sustancia contiene muchas propiedades positivas. El CBD no es la sustancia que te coloca o coloca. Sin embargo, despu\u00e9s de fumar un porro, el CBD Lollypop puede potenciar la sensaci\u00f3n de coloc\u00f3n. Esto se debe a que, adem\u00e1s del CBD, tambi\u00e9n est\u00e1n presentes otras sustancias espec\u00edficas de la planta, como el CBN. El cannabinol (CBN) act\u00faa como un potente sedante. Las cantidades en este chupa-chups est\u00e1n lejos de ser suficientes para sentir nada de esto a menos que lo combines con THC. La fusi\u00f3n de estas dos sustancias puede tener un potente efecto. Los caramelos de CBD se utilizan por su sabor y sus efectos \u00fanicos. El sabor de una gota de aceite de CBD es fuerte y a veces se experimenta como desagradable, \u00a1los caramelos pueden ofrecer la soluci\u00f3n!<\/p>\n<p>Los chupachups de Cannabis CBD de Dr. Candy contienen nada menos que 10 mg. CBD. Por supuesto ofrecemos estos chupachups en varios sabores como cola, manzana, pi\u00f1a, naranja, pi\u00f1a colada y cannabis. As\u00ed que hay algo para todos los gustos.<\/p>\n<p>Las piruletas de Dr.Candy no contienen az\u00facar, por lo que tambi\u00e9n son adecuadas si sigues una dieta sin az\u00facar. El edulcorante elegido es Isomalt. \u00bfQuieres consumir CBD pero est\u00e1s cansado del desagradable sabor de las gotas de CBD? Entonces, \u00a1pide r\u00e1pidamente estas deliciosas piruletas de Dr.Candy!<\/p>\n<p><strong>Uso:<\/strong><br \/>\nEl CBD act\u00faa en el cuerpo cuando hay un espejo. Siempre recomendamos empezar con un m\u00e1ximo de 1 o 2 piruletas de CBD al d\u00eda durante la primera semana. Al consumir una piruleta cada d\u00eda, se acumula un nivel de CBD en la sangre. El CBD tiene propiedades fuertes. Una sobredosis de CBD es muy improbable. Sin embargo, no recomendamos tomar m\u00e1s de 100 mg de CBD al d\u00eda.<\/p>\n<p><strong>Ingredientes:<\/strong><br \/>\nCBD, Isomalt (E953), Colorante natural<\/p>\n<p><strong>Consejos de almacenamiento:<\/strong><br \/>\nGuarde este producto de Dr. Candy en un lugar fresco y oscuro, como un armario de cocina, y mant\u00e9ngalo fuera del alcance de los ni\u00f1os.<\/p>\n<p><strong>Advertencia:<\/strong><br \/>\nEste producto no es apto para mujeres embarazadas ni ni\u00f1os.<\/p>","protected":false},"excerpt":{"rendered":"<p>El caramelo de cannabis CBD Lolly's pertenece a la colecci\u00f3n de caramelos de Dr. Candy y contiene CBD. Disfruta de la dulzura y aprovecha los muchos beneficios que el CBD tiene para el cuerpo y la mente. Perfecto para entre horas o simplemente porque es sabroso. Dr. Candy es la marca cuando se trata de caramelos de CBD, pru\u00e9balos ahora.<\/p>","protected":false},"featured_media":58164,"template":"","meta":[],"product_brand":[],"product_cat":[839,297,847],"product_tag":[],"class_list":{"0":"post-60074","1":"product","2":"type-product","3":"status-publish","4":"has-post-thumbnail","6":"product_cat-dr-candy","7":"product_cat-all-products","8":"product_cat-edibles-2","10":"first","11":"instock","12":"taxable","13":"shipping-taxable","14":"purchasable","15":"product-type-variable","16":"has-default-attributes"},"_links":{"self":[{"href":"https:\/\/www.headshop.nl\/es\/wp-json\/wp\/v2\/product\/60074","targetHints":{"allow":["GET"]}}],"collection":[{"href":"https:\/\/www.headshop.nl\/es\/wp-json\/wp\/v2\/product"}],"about":[{"href":"https:\/\/www.headshop.nl\/es\/wp-json\/wp\/v2\/types\/product"}],"wp:featuredmedia":[{"embeddable":true,"href":"https:\/\/www.headshop.nl\/es\/wp-json\/wp\/v2\/media\/58164"}],"wp:attachment":[{"href":"https:\/\/www.headshop.nl\/es\/wp-json\/wp\/v2\/media?parent=60074"}],"wp:term":[{"taxonomy":"product_brand","embeddable":true,"href":"https:\/\/www.headshop.nl\/es\/wp-json\/wp\/v2\/product_brand?post=60074"},{"taxonomy":"product_cat","embeddable":true,"href":"https:\/\/www.headshop.nl\/es\/wp-json\/wp\/v2\/product_cat?post=60074"},{"taxonomy":"product_tag","embeddable":true,"href":"https:\/\/www.headshop.nl\/es\/wp-json\/wp\/v2\/product_tag?post=60074"}],"curies":[{"name":"wp","href":"https:\/\/api.w.org\/{rel}","templated":true}]}}