{"id":46305,"date":"2022-07-11T12:07:16","date_gmt":"2022-07-11T12:07:16","guid":{"rendered":"https:\/\/www.headshop.nl\/?post_type=product&#038;p=46305"},"modified":"2025-02-14T14:31:35","modified_gmt":"2025-02-14T14:31:35","slug":"after-e","status":"publish","type":"product","link":"https:\/\/www.headshop.nl\/es\/after-e\/","title":{"rendered":"After E"},"content":{"rendered":"<h2 data-pm-slice=\"1 1 []\">After E - El \u00faltimo soporte Recovery de XTC y MDMA<\/h2>\n<h2>\u00bfQu\u00e9 es After E?<\/h2>\n<p>After E es un suplemento diet\u00e9tico cuidadosamente formulado y dise\u00f1ado para apoyar la recuperaci\u00f3n de su cuerpo despu\u00e9s de una intensa noche de fiesta. Esta combinaci\u00f3n \u00fanica de un multivitam\u00ednico, una c\u00e1psula de guaran\u00e1 y dos c\u00e1psulas de L-tript\u00f3fano ayuda a restaurar los nutrientes esenciales, eliminar toxinas m\u00e1s r\u00e1pidamente y devolver sus niveles de vitaminas y minerales a su estado \u00f3ptimo. Tomando After E al d\u00eda siguiente, combinado con una hidrataci\u00f3n suficiente, puede ayudar al proceso de recuperaci\u00f3n natural de su cuerpo.<\/p>\n<h2>Historia del After E<\/h2>\n<p>El desarrollo de After E surge de la creciente necesidad de una soluci\u00f3n fiable para favorecer la recuperaci\u00f3n tras un esfuerzo excesivo. A lo largo de los a\u00f1os, las industrias de la salud y el bienestar se han centrado en la creaci\u00f3n de suplementos que ayuden a restablecer el equilibrio natural del organismo. After E se formul\u00f3 bas\u00e1ndose en investigaciones cient\u00edficas sobre los beneficios de ingredientes clave como el guaran\u00e1 y el L-tript\u00f3fano, reconocidos desde hace tiempo por sus propiedades reconstituyentes. Mediante la combinaci\u00f3n de estos componentes con vitaminas esenciales, After E proporciona una soluci\u00f3n de recuperaci\u00f3n todo en uno que se alinea con los estilos de vida modernos preocupados por la salud.<\/p>\n<h2>C\u00f3mo utilizar After E<\/h2>\n<p>Para obtener los mejores resultados, tome After E al d\u00eda siguiente de una noche de fiesta con 1 a 4 vasos de agua. El suplemento est\u00e1 dise\u00f1ado para ser tomado como una sola porci\u00f3n, que consiste en una multivitamina, una c\u00e1psula de guaran\u00e1, y dos c\u00e1psulas de L-tript\u00f3fano. La hidrataci\u00f3n es clave cuando se utiliza After E, ya que ayuda a eliminar toxinas y apoyar los procesos metab\u00f3licos del cuerpo. Aunque After E es muy eficaz en la reposici\u00f3n de nutrientes, mantener una dieta equilibrada y descansar lo suficiente mejorar\u00e1 a\u00fan m\u00e1s la recuperaci\u00f3n.<\/p>\n<h2>Ingredientes del After E<\/h2>\n<p>After E contiene una potente mezcla de nutrientes esenciales para apoyar la recuperaci\u00f3n de su cuerpo. El multivitam\u00ednico proporciona vitaminas y minerales vitales para reponer los niveles agotados. Guarana, una fuente natural de cafe\u00edna, ayuda a promover el estado de alerta y reducir la fatiga. El L-tript\u00f3fano, un amino\u00e1cido esencial, desempe\u00f1a un papel crucial en la producci\u00f3n de serotonina, que puede mejorar el estado de \u00e1nimo y la relajaci\u00f3n. Estos ingredientes trabajan juntos para ofrecer una soluci\u00f3n completa de recuperaci\u00f3n, haciendo de After E un suplemento imprescindible para aquellos que quieren apoyar su bienestar.<\/p>\n<p><strong>Advertencia<\/strong> Se trata de un suplemento diet\u00e9tico y debe utilizarse como tal. No utilice After E como sustituto de una dieta variada. La porci\u00f3n recomendada es todo el contenido del envase. No exceda la dosis diaria recomendada. Si padece alguna enfermedad subyacente o est\u00e1 tomando medicaci\u00f3n, consulte a un profesional sanitario antes de utilizarlo.<\/p>\n<p>&nbsp;<\/p>","protected":false},"excerpt":{"rendered":"<div class=\"product-short-description\">\n<p>\u00bfTe sientes cansado y deca\u00eddo despu\u00e9s de una fiesta por haber bebido demasiado o por haber tomado demasiadas drogas como MDMA o XTC? After-E est\u00e1 lleno de vitaminas y amino\u00e1cidos que recuperar\u00e1n tu estado de \u00e1nimo y tu cuerpo a la normalidad.<\/p>\n<\/div>","protected":false},"featured_media":46319,"template":"","meta":[],"product_brand":[],"product_cat":[460,297,461,455,463,456,464],"product_tag":[],"class_list":{"0":"post-46305","1":"product","2":"type-product","3":"status-publish","4":"has-post-thumbnail","6":"product_cat-recovery","7":"product_cat-all-products","8":"product_cat-detox","9":"product_cat-healthshop","10":"product_cat-sport","11":"product_cat-supplements","12":"product_cat-vitamins","14":"first","15":"instock","16":"taxable","17":"shipping-taxable","18":"purchasable","19":"product-type-variable","20":"has-default-attributes"},"_links":{"self":[{"href":"https:\/\/www.headshop.nl\/es\/wp-json\/wp\/v2\/product\/46305","targetHints":{"allow":["GET"]}}],"collection":[{"href":"https:\/\/www.headshop.nl\/es\/wp-json\/wp\/v2\/product"}],"about":[{"href":"https:\/\/www.headshop.nl\/es\/wp-json\/wp\/v2\/types\/product"}],"wp:featuredmedia":[{"embeddable":true,"href":"https:\/\/www.headshop.nl\/es\/wp-json\/wp\/v2\/media\/46319"}],"wp:attachment":[{"href":"https:\/\/www.headshop.nl\/es\/wp-json\/wp\/v2\/media?parent=46305"}],"wp:term":[{"taxonomy":"product_brand","embeddable":true,"href":"https:\/\/www.headshop.nl\/es\/wp-json\/wp\/v2\/product_brand?post=46305"},{"taxonomy":"product_cat","embeddable":true,"href":"https:\/\/www.headshop.nl\/es\/wp-json\/wp\/v2\/product_cat?post=46305"},{"taxonomy":"product_tag","embeddable":true,"href":"https:\/\/www.headshop.nl\/es\/wp-json\/wp\/v2\/product_tag?post=46305"}],"curies":[{"name":"wp","href":"https:\/\/api.w.org\/{rel}","templated":true}]}}