{"id":46109,"date":"2022-07-04T10:45:41","date_gmt":"2022-07-04T10:45:41","guid":{"rendered":"https:\/\/www.headshop.nl\/?post_type=product&#038;p=46109"},"modified":"2025-05-23T09:28:39","modified_gmt":"2025-05-23T09:28:39","slug":"cola-nut-capsules","status":"publish","type":"product","link":"https:\/\/www.headshop.nl\/es\/cola-nut-capsules\/","title":{"rendered":"Cola Nut Capsules"},"content":{"rendered":"<h2>\u00bfQu\u00e9 son Cola Nut Capsules?<\/h2>\n<p>Cola Nut Capsules son un <strong>suplemento energ\u00e9tico natural<\/strong> elaborado a partir de las semillas del <strong>Cola Nitida<\/strong> tambi\u00e9n conocida como Kolanoot. Este \u00e1rbol tropical, emparentado con el cacao, crece hasta <strong>20 metros de altura<\/strong> en las selvas tropicales de \u00c1frica. Las semillas son naturalmente ricas en <strong>cafe\u00edna<\/strong>, proporcionando los efectos estimulantes que se encuentran en las c\u00e1psulas Cola Nut. Similar al caf\u00e9, este <strong>estimulante natural<\/strong> ayuda a <strong>combate la fatiga, mejora la concentraci\u00f3n y aumenta la agudeza mental<\/strong>.<\/p>\n<p>Cada c\u00e1psula aporta <strong>controlada y c\u00f3moda<\/strong> dosis de Cola Nut, ofreciendo una <strong>energ\u00eda limpia y natural<\/strong> sin los az\u00facares a\u00f1adidos que se encuentran en muchas bebidas energ\u00e9ticas. Los beneficios de Cola Nut incluyen <strong>mayor resistencia, mayor concentraci\u00f3n y menor cansancio<\/strong>de la UE, lo que lo convierte en un excelente complemento para su <strong>rutina diaria de bienestar<\/strong>.<\/p>\n<h2>Historia del Cola Nut<\/h2>\n<p>Cola Nut ha sido un <strong>alimento b\u00e1sico cultural y medicinal<\/strong> en \u00c1frica durante siglos. Tradicionalmente, las tribus africanas <strong>masticaba las semillas<\/strong> para mantener la energ\u00eda durante <strong>viajes largos o tareas f\u00edsicamente exigentes<\/strong>. Era apreciado por su capacidad para <strong>aumentar la resistencia, mejorar la concentraci\u00f3n y reducir la fatiga<\/strong>.<\/p>\n<p>El Cola Nut obtuvo reconocimiento mundial cuando se convirti\u00f3 en un <strong>ingrediente clave de la f\u00f3rmula original de Coca-Cola<\/strong>contribuyendo a que la bebida <strong>contenido natural de cafe\u00edna<\/strong>. Aunque los refrescos modernos utilizan ahora cafe\u00edna sint\u00e9tica, la Cola Nut sigue siendo un ingrediente popular en <strong>suplementos de hierbas y productos energ\u00e9ticos<\/strong>. Su capacidad natural para <strong>estimular y mejorar la concentraci\u00f3n<\/strong> sigue convirti\u00e9ndola en una codiciada alternativa a las fuentes de energ\u00eda artificiales.<\/p>\n<h2>C\u00f3mo utilizar Cola Nut Capsules<\/h2>\n<p>Para obtener mejores resultados, <strong>tomar dos c\u00e1psulas con un vaso de agua<\/strong> una vez al d\u00eda. Para evitar alteraciones del sue\u00f1o, se recomienda <strong>consumir Cola Nut c\u00e1psulas por la ma\u00f1ana o a primera hora de la tarde<\/strong> debido a su <strong>alto contenido en cafe\u00edna<\/strong>. Esta dosificaci\u00f3n controlada garantiza una <strong>liberaci\u00f3n constante de energ\u00eda<\/strong> sin un consumo excesivo de cafe\u00edna.<\/p>\n<p>Si es la primera vez que toma Cola Nut o es sensible a la cafe\u00edna, considere la posibilidad de <strong>empezar con una dosis m\u00e1s baja<\/strong> para medir la respuesta de su organismo. Como cualquier suplemento, <strong>uso coherente<\/strong> es fundamental para disfrutar de todas sus ventajas, entre ellas <strong>mayor concentraci\u00f3n, energ\u00eda sostenida y claridad mental durante todo el d\u00eda<\/strong>.<\/p>\n<p>Adem\u00e1s de aumentar la energ\u00eda, la Cola Nut tambi\u00e9n puede contribuir a <strong>gesti\u00f3n del peso<\/strong>. Su contenido en cafe\u00edna puede ayudar a <strong>aumentar el metabolismo y suprimir el apetito<\/strong>lo que lo convierte en un complemento \u00fatil para <strong>dieta equilibrada y estilo de vida activo<\/strong>.<\/p>\n<h2>Ingredientes de Cola Nut Capsules<\/h2>\n<p>Cada <strong>Indian Elements Cola Nut C\u00e1psula<\/strong> contiene un \u00fanico y potente ingrediente: <strong>Cola Nitida<\/strong>. Este ingrediente natural procede de las semillas del <strong>Planta Cola Nitida<\/strong>originario de <strong>\u00c1frica tropical<\/strong>. Las semillas son ricas en <strong>cafe\u00edna<\/strong>que es el <strong>compuesto activo primario<\/strong> responsable del Cola Nut <strong>efectos estimulantes<\/strong>.<\/p>\n<p>La cafe\u00edna act\u00faa <strong>estimular el sistema nervioso central<\/strong>ayudando a <strong>aumenta el estado de alerta, mejora la concentraci\u00f3n y combate la fatiga<\/strong>. Adem\u00e1s, Cola Nut contiene <strong>otros compuestos beneficiosos<\/strong> que pueden apoyar <strong>niveles de energ\u00eda y metabolismo<\/strong>. Esto lo convierte en un <strong>alternativa natural y eficaz<\/strong> a los estimulantes sint\u00e9ticos que se encuentran en las bebidas energ\u00e9ticas comerciales.<\/p>\n<p>Indian Elements Cola Nut Capsules son <strong>100% natural, apto para veganos y sin aditivos ni conservantes artificiales<\/strong>para que reciba un <strong>producto puro y de alta calidad<\/strong> que admite un <strong>estilo de vida limpio y saludable<\/strong>.<\/p>\n<p><strong>Advertencia<\/strong><\/p>\n<ul>\n<li><strong>S\u00f3lo para mayores de 18 a\u00f1os.<\/strong><\/li>\n<li><strong>Mantener fuera del alcance de los ni\u00f1os.<\/strong><\/li>\n<li>No utilice Cola Nut en combinaci\u00f3n con <strong>Inhibidores de la MAO<\/strong>.<\/li>\n<li>No recomendado para personas con <strong>enfermedades renales o card\u00edacas, tensi\u00f3n arterial alta o baja, o diabetes<\/strong>.<\/li>\n<li>Evitar su uso bajo los efectos de <strong>medicamentos, drogas o alcohol<\/strong>.<\/li>\n<li>Consulte siempre a un <strong>proveedor sanitario<\/strong> antes de empezar a tomar cualquier suplemento nuevo.<\/li>\n<li>Este producto es un <strong>complemento alimenticio<\/strong> y debe utilizarse como parte de un <strong>dieta equilibrada<\/strong>.<\/li>\n<li><strong>No utilizar si el precinto est\u00e1 roto.<\/strong><\/li>\n<\/ul>","protected":false},"excerpt":{"rendered":"<p>Las c\u00e1psulas Cola Nut de Indian Elements le proporcionan un impulso de energ\u00eda totalmente natural. Este efecto es creado por la cafe\u00edna contenida en esta hierba. El suplemento puede, entre otras cosas, mejorar la concentraci\u00f3n y combatir la fatiga. \u00bfQuiere perder peso? Aqu\u00ed tambi\u00e9n, Cola Nut puede proporcionar apoyo de varias maneras. Perder peso puede ir un poco m\u00e1s r\u00e1pido y tambi\u00e9n ser\u00e1 m\u00e1s f\u00e1cil de mantener.<\/p>","protected":false},"featured_media":82097,"template":"","meta":[],"product_brand":[],"product_cat":[814,297,455,389,457,407,384,463,456],"product_tag":[],"class_list":{"0":"post-46109","1":"product","2":"type-product","3":"status-publish","4":"has-post-thumbnail","6":"product_cat-indian-elements","7":"product_cat-all-products","8":"product_cat-healthshop","9":"product_cat-herbs","10":"product_cat-herbs-healthshop","11":"product_cat-medicinal-herbs","12":"product_cat-smartshop","13":"product_cat-sport","14":"product_cat-supplements","16":"first","17":"instock","18":"taxable","19":"shipping-taxable","20":"purchasable","21":"product-type-variable","22":"has-default-attributes"},"_links":{"self":[{"href":"https:\/\/www.headshop.nl\/es\/wp-json\/wp\/v2\/product\/46109","targetHints":{"allow":["GET"]}}],"collection":[{"href":"https:\/\/www.headshop.nl\/es\/wp-json\/wp\/v2\/product"}],"about":[{"href":"https:\/\/www.headshop.nl\/es\/wp-json\/wp\/v2\/types\/product"}],"wp:featuredmedia":[{"embeddable":true,"href":"https:\/\/www.headshop.nl\/es\/wp-json\/wp\/v2\/media\/82097"}],"wp:attachment":[{"href":"https:\/\/www.headshop.nl\/es\/wp-json\/wp\/v2\/media?parent=46109"}],"wp:term":[{"taxonomy":"product_brand","embeddable":true,"href":"https:\/\/www.headshop.nl\/es\/wp-json\/wp\/v2\/product_brand?post=46109"},{"taxonomy":"product_cat","embeddable":true,"href":"https:\/\/www.headshop.nl\/es\/wp-json\/wp\/v2\/product_cat?post=46109"},{"taxonomy":"product_tag","embeddable":true,"href":"https:\/\/www.headshop.nl\/es\/wp-json\/wp\/v2\/product_tag?post=46109"}],"curies":[{"name":"wp","href":"https:\/\/api.w.org\/{rel}","templated":true}]}}