{"id":46107,"date":"2022-07-04T10:45:36","date_gmt":"2022-07-04T10:45:36","guid":{"rendered":"https:\/\/www.headshop.nl\/?post_type=product&#038;p=46107"},"modified":"2025-05-23T09:28:45","modified_gmt":"2025-05-23T09:28:45","slug":"absinth-capsules","status":"publish","type":"product","link":"https:\/\/www.headshop.nl\/es\/absinth-capsules\/","title":{"rendered":"Absinth Capsules"},"content":{"rendered":"<h2>\u00bfQu\u00e9 es Absinth?<\/h2>\n<p>La Absinth, elaborada a partir de la Artemisia Absinthium (tambi\u00e9n conocida como Alsemkruid o Absinthe), es una hierba famosa por sus usos hist\u00f3ricos y medicinales. Esta planta es conocida por su caracter\u00edstico sabor amargo, y aunque es m\u00e1s famosa como ingrediente de la bebida alcoh\u00f3lica Absinthe, sus beneficios van mucho m\u00e1s all\u00e1. La hierba favorece una digesti\u00f3n sana estimulando el apetito y promoviendo la salud gastrointestinal. Adem\u00e1s, la Absinth es conocida por sus efectos calmantes y relajantes. La historia de la planta est\u00e1 repleta de relatos de civilizaciones antiguas que la utilizaban con diversos fines medicinales y, en la actualidad, es muy apreciada por sus propiedades naturales. Conocida por su potencial para estimular la creatividad, la Absinth se ha relacionado incluso con efectos alucin\u00f3genos cuando se combina con alcohol, lo que la hizo popular entre los artistas en el pasado. Hoy en d\u00eda, se aprecia por sus beneficios hol\u00edsticos, incluida su capacidad para ayudar a la relajaci\u00f3n y la claridad mental.<\/p>\n<h2>Historia del Absinth<\/h2>\n<p>El Absinth tiene una larga historia que se remonta a la antig\u00fcedad. Los griegos y los romanos fueron de los primeros en reconocer sus cualidades medicinales, utiliz\u00e1ndolo para tratar diversas dolencias y promover la salud. En esa \u00e9poca, los viajeros sol\u00edan poner Absinth en sus zapatos para aliviar el dolor de pies y prevenir infecciones. Con el paso de los siglos, el Absinth se hizo m\u00e1s conocido, sobre todo en el siglo XIX, cuando se convirti\u00f3 en el ingrediente principal de la bebida alcoh\u00f3lica Absinthe. El Absinthe era famoso por sus propiedades estimulantes, y se dec\u00eda que muchos artistas de renombre, como Van Gogh y Picasso, lo consum\u00edan por sus supuestos efectos potenciadores de la creatividad. Sin embargo, la reputaci\u00f3n de la hierba se vio empa\u00f1ada por la preocupaci\u00f3n que suscitaban sus efectos psicoactivos, lo que dio lugar a un periodo de prohibiciones. Estas prohibiciones se levantaron cuando se determin\u00f3 que la hierba no era tan t\u00f3xica como se cre\u00eda en un principio. En la actualidad, el Absinth se considera un suplemento natural con diversos beneficios, que sigue cautivando a personas de todo el mundo.<\/p>\n<h2>C\u00f3mo utilizar Absinth<\/h2>\n<p>El uso de Absinth es sencillo, pero es importante utilizarlo con precauci\u00f3n. La dosis recomendada es de 1 gramo al d\u00eda, que puede consumirse en diversas formas, como infusiones, c\u00e1psulas o tinturas. El sabor amargo del Absinth es beneficioso para la digesti\u00f3n, la estimulaci\u00f3n del apetito y la salud gastrointestinal en general. Tambi\u00e9n ofrece una sensaci\u00f3n relajante, por lo que es una gran opci\u00f3n para relajarse al final de un largo d\u00eda. Sin embargo, es esencial no consumir Absinth en exceso, ya que puede provocar efectos alucinatorios, sobre todo si se combina con alcohol. Para aquellos que buscan relajarse o aumentar la creatividad, Absinth puede ser un suplemento \u00fatil para apoyar estos objetivos. Evite siempre actividades como conducir bajo sus efectos y limite su consumo a dosis ocasionales. Aseg\u00farate de seguir las pautas de dosificaci\u00f3n recomendadas y observa c\u00f3mo responde tu cuerpo a esta hierba.<\/p>\n<h2>Ingredientes del Absinth<\/h2>\n<p>El ingrediente clave de Indian Elements' Absinth es la Artemisia Absinthium, tambi\u00e9n conocida como Alsemkruid o Absinthe. Esta hierba es rica en compuestos naturales, incluidas sustancias amargas que estimulan la digesti\u00f3n, aumentan el apetito y favorecen la salud gastrointestinal. La Absinth tambi\u00e9n contiene tuyona, que antes se consideraba perjudicial, pero que ahora se sabe que contribuye a los efectos psicoactivos de la hierba. Hist\u00f3ricamente, se asociaba sobre todo a la bebida Absinthe, pero sus beneficios para la salud van mucho m\u00e1s all\u00e1. Se sabe que el amargor de la hierba calma el est\u00f3mago, alivia las molestias digestivas y crea una sensaci\u00f3n de relajaci\u00f3n. El Absinthe de Indian Elements se obtiene cuidadosamente para garantizar la conservaci\u00f3n de las potentes propiedades de la planta. Este producto natural y vegano es un complemento perfecto para su rutina de bienestar, ya que contribuye al bienestar f\u00edsico y mental.<\/p>\n<p><strong>Advertencia<\/strong><br \/>\nPara uso exclusivo de mayores de 18 a\u00f1os. Mant\u00e9ngase fuera del alcance de los ni\u00f1os.<br \/>\nEvite el uso regular de este producto. No conduzca ni maneje maquinaria bajo la influencia de Absinth. Las personas con afecciones card\u00edacas o renales, hipertensi\u00f3n o hipotensi\u00f3n, diabetes o que est\u00e9n tomando medicamentos no deben utilizar esta hierba. Absinth no es una droga medicinal; es un suplemento diet\u00e9tico y debe utilizarse en consecuencia. No comprar si el precinto est\u00e1 roto.<\/p>","protected":false},"excerpt":{"rendered":"<p>Las c\u00e1psulas Absinth de Indian Elements contienen un extracto de la hierba Ajenjo. Esta planta ha adquirido un estatus casi m\u00edtico a lo largo de los siglos. Conocemos la hierba principalmente por la infame bebida alcoh\u00f3lica Absinth, que fue popular entre varios pintores famosos. Sin embargo, la hierba del ajenjo se utiliza de muchas otras formas hasta nuestros d\u00edas. Tiene algunas propiedades especiales.<\/p>","protected":false},"featured_media":82100,"template":"","meta":[],"product_brand":[],"product_cat":[814,297,455,389,457,407,384,463,456],"product_tag":[],"class_list":{"0":"post-46107","1":"product","2":"type-product","3":"status-publish","4":"has-post-thumbnail","6":"product_cat-indian-elements","7":"product_cat-all-products","8":"product_cat-healthshop","9":"product_cat-herbs","10":"product_cat-herbs-healthshop","11":"product_cat-medicinal-herbs","12":"product_cat-smartshop","13":"product_cat-sport","14":"product_cat-supplements","16":"first","17":"instock","18":"taxable","19":"shipping-taxable","20":"purchasable","21":"product-type-variable","22":"has-default-attributes"},"_links":{"self":[{"href":"https:\/\/www.headshop.nl\/es\/wp-json\/wp\/v2\/product\/46107","targetHints":{"allow":["GET"]}}],"collection":[{"href":"https:\/\/www.headshop.nl\/es\/wp-json\/wp\/v2\/product"}],"about":[{"href":"https:\/\/www.headshop.nl\/es\/wp-json\/wp\/v2\/types\/product"}],"wp:featuredmedia":[{"embeddable":true,"href":"https:\/\/www.headshop.nl\/es\/wp-json\/wp\/v2\/media\/82100"}],"wp:attachment":[{"href":"https:\/\/www.headshop.nl\/es\/wp-json\/wp\/v2\/media?parent=46107"}],"wp:term":[{"taxonomy":"product_brand","embeddable":true,"href":"https:\/\/www.headshop.nl\/es\/wp-json\/wp\/v2\/product_brand?post=46107"},{"taxonomy":"product_cat","embeddable":true,"href":"https:\/\/www.headshop.nl\/es\/wp-json\/wp\/v2\/product_cat?post=46107"},{"taxonomy":"product_tag","embeddable":true,"href":"https:\/\/www.headshop.nl\/es\/wp-json\/wp\/v2\/product_tag?post=46107"}],"curies":[{"name":"wp","href":"https:\/\/api.w.org\/{rel}","templated":true}]}}