{"id":46089,"date":"2022-07-04T10:41:47","date_gmt":"2022-07-04T10:41:47","guid":{"rendered":"https:\/\/www.headshop.nl\/?post_type=product&#038;p=46089"},"modified":"2025-05-23T09:28:49","modified_gmt":"2025-05-23T09:28:49","slug":"valerian","status":"publish","type":"product","link":"https:\/\/www.headshop.nl\/es\/valerian\/","title":{"rendered":"Valerian Capsules"},"content":{"rendered":"<h2>\u00bfQu\u00e9 son los tapones Valerian?<\/h2>\n<p>Valerian Caps es un suplemento diet\u00e9tico elaborado a partir de la planta Valerian (Valeriana Officinalis), conocida por sus efectos calmantes y tranquilizantes sobre el organismo. Estas c\u00e1psulas est\u00e1n espec\u00edficamente dise\u00f1adas para ayudar a reducir el estr\u00e9s, aliviar la ansiedad y mejorar la calidad del sue\u00f1o. El Valerian se ha utilizado durante siglos como remedio natural para promover la relajaci\u00f3n, aliviar la tensi\u00f3n nerviosa y favorecer un sue\u00f1o reparador. La planta Valerian tambi\u00e9n es beneficiosa para aliviar los calambres musculares, dolores de cabeza y dolor, por lo que estas c\u00e1psulas vers\u00e1til para diversos problemas de salud comunes. Valerian Caps son una manera f\u00e1cil y natural de introducir los beneficios calmantes de Valerian en su rutina, ayudando a encontrar alivio del estr\u00e9s, la tensi\u00f3n y trastornos del sue\u00f1o.<\/p>\n<h2>Historia de las tapas Valerian<\/h2>\n<p>El Valerian (Valeriana Officinalis) tiene una larga historia, que se remonta a civilizaciones antiguas como Grecia y Roma, donde se utilizaba para tratar el insomnio y las afecciones nerviosas. Sus efectos calmantes fueron bien reconocidos, y los curanderos en estos tiempos prescrib\u00edan Valerian para ayudar a aliviar la ansiedad, reducir el estr\u00e9s y promover un mejor sue\u00f1o. A lo largo de los siglos, el Valerian sigui\u00f3 siendo un remedio herbal muy utilizado para diversas dolencias. Hoy en d\u00eda, los estudios modernos confirman la eficacia de Valerian en el apoyo a la relajaci\u00f3n y mejorar el sue\u00f1o, y sigue siendo un suplemento natural popular. Indian Elements ha aprovechado los beneficios de esta antigua hierba en su Valerian Caps, proporcionando una forma c\u00f3moda y moderna de experimentar sus efectos calmantes, ya sea para aliviar el estr\u00e9s o para dormir mejor. Las cualidades calmantes de la planta Valerian siguen haciendo de ella una parte esencial de la medicina herbal.<\/p>\n<h2>C\u00f3mo utilizar los tapones Valerian<\/h2>\n<p>Las c\u00e1psulas Valerian son f\u00e1ciles de usar: basta con tomar una c\u00e1psula cada vez con un vaso de agua. Para obtener mejores resultados, tome la c\u00e1psula por la noche o antes de acostarse para favorecer un sue\u00f1o tranquilo y reparador. Tambi\u00e9n puede tomar Valerian Caps durante los per\u00edodos de mayor estr\u00e9s, ansiedad o malestar muscular para ayudar a calmar su cuerpo y mente. Como con cualquier suplemento, es importante seguir la dosis recomendada y consultar con un profesional de la salud si usted tiene condiciones m\u00e9dicas preexistentes o est\u00e1 tomando otros medicamentos. Aseg\u00farese de no superar la dosis recomendada para obtener resultados \u00f3ptimos.<\/p>\n<h2>Ingredientes de Valerian Caps<\/h2>\n<p>El ingrediente clave de Valerian Caps es la Valeriana Officinalis, tambi\u00e9n conocida como ra\u00edz de Valerian. Esta planta es apreciada por sus efectos calmantes naturales, gracias a compuestos como el \u00e1cido valer\u00e9nico, que ayuda a relajar el sistema nervioso. El Valerian se utiliza desde hace mucho tiempo para reducir la ansiedad, promover la relajaci\u00f3n y mejorar la calidad del sue\u00f1o. Es una alternativa natural a los f\u00e1rmacos para quienes buscan una forma suave de controlar el estr\u00e9s y el insomnio. Indian Elements utiliza \u00fanicamente Valerian de alta calidad para garantizar los m\u00e1ximos efectos terap\u00e9uticos de cada c\u00e1psula. El producto es totalmente natural y vegano, por lo que es adecuado para una amplia gama de necesidades y preferencias diet\u00e9ticas.<\/p>\n<p><strong>Advertencia<\/strong><br \/>\nValerian Los tapones son s\u00f3lo para adultos. Mantener fuera del alcance de los ni\u00f1os. No utilice este producto en combinaci\u00f3n con inhibidores de la MAO. Las personas con problemas renales o card\u00edacos, presi\u00f3n arterial alta o baja, diabetes, o aquellos que toman medicamentos, drogas o alcohol deben evitar este suplemento. Valerian no es un medicamento sino un suplemento diet\u00e9tico y debe utilizarse como tal. No compre si el precinto est\u00e1 roto.<\/p>","protected":false},"excerpt":{"rendered":"<p>Las c\u00e1psulas Valerian de Indian Elements contienen un extracto de la planta especial Valerian. Valerian es tan especial porque tiene la propiedad de calmar el cuerpo de diferentes maneras. Por ejemplo, esta hierba se puede utilizar para la tensi\u00f3n, el estr\u00e9s y la ansiedad. El Valerian tambi\u00e9n tiene la propiedad de mejorar el sue\u00f1o. Por lo tanto, es un producto natural popular que puede ayudar a diversos trastornos del sue\u00f1o, como el insomnio. \u00bfY sufre de dolores de cabeza, dolores musculares y calambres? Las c\u00e1psulas Valerian de Indian Elements tambi\u00e9n pueden ofrecerle una soluci\u00f3n.<\/p>","protected":false},"featured_media":82103,"template":"","meta":[],"product_brand":[],"product_cat":[814,297,455,389,457,407,384,463,456],"product_tag":[],"class_list":{"0":"post-46089","1":"product","2":"type-product","3":"status-publish","4":"has-post-thumbnail","6":"product_cat-indian-elements","7":"product_cat-all-products","8":"product_cat-healthshop","9":"product_cat-herbs","10":"product_cat-herbs-healthshop","11":"product_cat-medicinal-herbs","12":"product_cat-smartshop","13":"product_cat-sport","14":"product_cat-supplements","16":"first","17":"instock","18":"taxable","19":"shipping-taxable","20":"purchasable","21":"product-type-variable","22":"has-default-attributes"},"_links":{"self":[{"href":"https:\/\/www.headshop.nl\/es\/wp-json\/wp\/v2\/product\/46089","targetHints":{"allow":["GET"]}}],"collection":[{"href":"https:\/\/www.headshop.nl\/es\/wp-json\/wp\/v2\/product"}],"about":[{"href":"https:\/\/www.headshop.nl\/es\/wp-json\/wp\/v2\/types\/product"}],"wp:featuredmedia":[{"embeddable":true,"href":"https:\/\/www.headshop.nl\/es\/wp-json\/wp\/v2\/media\/82103"}],"wp:attachment":[{"href":"https:\/\/www.headshop.nl\/es\/wp-json\/wp\/v2\/media?parent=46089"}],"wp:term":[{"taxonomy":"product_brand","embeddable":true,"href":"https:\/\/www.headshop.nl\/es\/wp-json\/wp\/v2\/product_brand?post=46089"},{"taxonomy":"product_cat","embeddable":true,"href":"https:\/\/www.headshop.nl\/es\/wp-json\/wp\/v2\/product_cat?post=46089"},{"taxonomy":"product_tag","embeddable":true,"href":"https:\/\/www.headshop.nl\/es\/wp-json\/wp\/v2\/product_tag?post=46089"}],"curies":[{"name":"wp","href":"https:\/\/api.w.org\/{rel}","templated":true}]}}