{"id":45881,"date":"2022-07-04T08:53:56","date_gmt":"2022-07-04T08:53:56","guid":{"rendered":"https:\/\/www.headshop.nl\/?post_type=product&#038;p=45881"},"modified":"2025-05-23T09:35:03","modified_gmt":"2025-05-23T09:35:03","slug":"5-htp","status":"publish","type":"product","link":"https:\/\/www.headshop.nl\/es\/5-htp\/","title":{"rendered":"5-HTP"},"content":{"rendered":"<h2>\u00bfQu\u00e9 son los Fit4Seasons 5-HTP?<\/h2>\n<p>Fit4Seasons 5-HTP es un suplemento diet\u00e9tico que contiene 5-Hidroxitript\u00f3fano (5-HTP), un compuesto natural extra\u00eddo de la Griffonia Simplicifolia, una planta originaria de \u00c1frica Occidental. El 5-HTP desempe\u00f1a un papel vital en la producci\u00f3n de serotonina, un neurotransmisor relacionado con la felicidad, la regulaci\u00f3n del estado de \u00e1nimo y el bienestar general. La serotonina es tambi\u00e9n un precursor de la melatonina, la hormona responsable de la regulaci\u00f3n del sue\u00f1o.<\/p>\n<p>Cada c\u00e1psula de Fit4Seasons 5-HTP proporciona una mezcla bien equilibrada de ingredientes para apoyar la salud mental y la relajaci\u00f3n. Adem\u00e1s de 5-HTP, la f\u00f3rmula est\u00e1 enriquecida con Pasiflora, una hierba conocida por sus efectos calmantes y relajantes. Este suplemento se elabora cuidadosamente para cumplir las normas de calidad m\u00e1s exigentes y es apto tanto para vegetarianos como para veganos. Es una forma potente y natural de apoyar el estado de \u00e1nimo y las funciones del sue\u00f1o de su cuerpo, mejorando su calidad de vida en general.<\/p>\n<h2>Historia del Fit4Seasons 5-HTP<\/h2>\n<p>El ingrediente clave de Fit4Seasons 5-HTP, 5-Hidroxitript\u00f3fano, se deriva de las semillas de la planta Griffonia Simplicifolia, que tiene una larga historia de uso en la medicina tradicional. Originaria de \u00c1frica Occidental y Central, la Griffonia Simplicifolia se ha utilizado durante siglos para ayudar a promover la relajaci\u00f3n, mejorar el estado de \u00e1nimo y apoyar la salud mental en general. El descubrimiento del 5-HTP como precursor eficaz de la serotonina revolucion\u00f3 su uso en los suplementos modernos.<\/p>\n<p>La serotonina, tambi\u00e9n conocida como el neurotransmisor del \"bienestar\", desempe\u00f1a un papel crucial en la regulaci\u00f3n del estado de \u00e1nimo, la ansiedad y la felicidad. La industria moderna de suplementos ha adoptado las poderosas propiedades de la Griffonia Simplicifolia, ofreciendo una alternativa natural eficaz a las soluciones farmac\u00e9uticas para los problemas relacionados con el estado de \u00e1nimo y el sue\u00f1o. A lo largo de los a\u00f1os, la formulaci\u00f3n de los suplementos de 5-HTP, como el Fit4Seasons 5-HTP, se ha perfeccionado para proporcionar el m\u00e1ximo beneficio, combinando el poder de la naturaleza con los \u00faltimos conocimientos cient\u00edficos.<\/p>\n<h2>C\u00f3mo utilizar Fit4Seasons 5-HTP<\/h2>\n<p>El uso de Fit4Seasons 5-HTP es simple y directo. La dosis recomendada es de una c\u00e1psula al d\u00eda, tomada con un vaso de agua. Lo mejor es tomarlo consistentemente a la misma hora cada d\u00eda para apoyar resultados \u00f3ptimos.<\/p>\n<p>Antes de usar el suplemento, es aconsejable consultar con un proveedor de atenci\u00f3n m\u00e9dica, especialmente si est\u00e1 embarazada, amamantando o tomando medicamentos para una condici\u00f3n preexistente. Mientras Fit4Seasons 5-HTP es generalmente seguro para la mayor\u00eda de la gente, es esencial seguir la dosis recomendada y no exceder la ingesta diaria sugerida.<\/p>\n<p>Tambi\u00e9n es importante se\u00f1alar que este producto no pretende sustituir a una dieta o un estilo de vida saludables. Funciona mejor como parte de un enfoque global para el bienestar que incluye una nutrici\u00f3n adecuada, actividad f\u00edsica y control del estr\u00e9s.<\/p>\n<h2>Ingredientes de Fit4Seasons 5-HTP<\/h2>\n<p>Cada c\u00e1psula de Fit4Seasons 5-HTP contiene una mezcla cuidadosamente seleccionada de ingredientes dise\u00f1ados para promover el bienestar general. El ingrediente principal, el extracto de Griffonia Simplicifolia, proporciona 250 mg de 5-HTP, un compuesto que favorece la producci\u00f3n de serotonina. Adem\u00e1s de 5-HTP, el suplemento incluye 130 mg de Pasiflora, una hierba calmante que se ha utilizado tradicionalmente para favorecer la relajaci\u00f3n y reducir el estr\u00e9s.<\/p>\n<p>Otros ingredientes son el almid\u00f3n de arroz, que sirve de relleno natural, y 5 mg de estearato de calcio, un lubricante utilizado para garantizar una fabricaci\u00f3n sin problemas de las c\u00e1psulas. La formulaci\u00f3n no contiene ingredientes de origen animal, por lo que es una opci\u00f3n ideal para vegetarianos y veganos. La calidad de los ingredientes y la formulaci\u00f3n precisa garantizan que Fit4Seasons 5-HTP pueda proporcionar una ayuda constante y eficaz para el estado de \u00e1nimo y el sue\u00f1o.<\/p>\n<p><strong>Advertencia:<\/strong><\/p>\n<p>Antes de comenzar cualquier suplemento, especialmente Fit4Seasons 5-HTP, es esencial consultar con un proveedor de atenci\u00f3n m\u00e9dica si est\u00e1 embarazada, amamantando o tiene alguna condici\u00f3n de salud subyacente. No exceda la dosis diaria recomendada. Este producto no sustituye a una dieta variada y equilibrada. Mant\u00e9ngase fuera del alcance de los ni\u00f1os. Evite utilizar este producto antes de realizar actividades que requieran un estado de alerta total, como conducir o manejar maquinaria.<\/p>","protected":false},"excerpt":{"rendered":"<p>Fit4Seasons 5-HTP es un suplemento de alta calidad que contiene 40 c\u00e1psulas con 5-Hidroxitript\u00f3fano (5-HTP), derivado de la Griffonia Simplicifolia. Este potente precursor de la serotonina, a menudo conocida como la \"hormona de la felicidad\", puede ayudar a mejorar el estado de \u00e1nimo y la relajaci\u00f3n. La f\u00f3rmula est\u00e1 enriquecida con Pasiflora y es apta para vegetarianos y veganos.<\/p>","protected":false},"featured_media":82177,"template":"","meta":[],"product_brand":[],"product_cat":[815,391,455,389,460,384,463,458,456],"product_tag":[],"class_list":{"0":"post-45881","1":"product","2":"type-product","3":"status-publish","4":"has-post-thumbnail","6":"product_cat-fit4seasons","7":"product_cat-extracts","8":"product_cat-healthshop","9":"product_cat-herbs","10":"product_cat-recovery","11":"product_cat-smartshop","12":"product_cat-sport","13":"product_cat-superfoods","14":"product_cat-supplements","16":"first","17":"instock","18":"taxable","19":"shipping-taxable","20":"purchasable","21":"product-type-variable","22":"has-default-attributes"},"_links":{"self":[{"href":"https:\/\/www.headshop.nl\/es\/wp-json\/wp\/v2\/product\/45881","targetHints":{"allow":["GET"]}}],"collection":[{"href":"https:\/\/www.headshop.nl\/es\/wp-json\/wp\/v2\/product"}],"about":[{"href":"https:\/\/www.headshop.nl\/es\/wp-json\/wp\/v2\/types\/product"}],"wp:featuredmedia":[{"embeddable":true,"href":"https:\/\/www.headshop.nl\/es\/wp-json\/wp\/v2\/media\/82177"}],"wp:attachment":[{"href":"https:\/\/www.headshop.nl\/es\/wp-json\/wp\/v2\/media?parent=45881"}],"wp:term":[{"taxonomy":"product_brand","embeddable":true,"href":"https:\/\/www.headshop.nl\/es\/wp-json\/wp\/v2\/product_brand?post=45881"},{"taxonomy":"product_cat","embeddable":true,"href":"https:\/\/www.headshop.nl\/es\/wp-json\/wp\/v2\/product_cat?post=45881"},{"taxonomy":"product_tag","embeddable":true,"href":"https:\/\/www.headshop.nl\/es\/wp-json\/wp\/v2\/product_tag?post=45881"}],"curies":[{"name":"wp","href":"https:\/\/api.w.org\/{rel}","templated":true}]}}