{"id":45874,"date":"2022-07-04T08:53:41","date_gmt":"2022-07-04T08:53:41","guid":{"rendered":"https:\/\/www.headshop.nl\/?post_type=product&#038;p=45874"},"modified":"2025-05-23T09:35:40","modified_gmt":"2025-05-23T09:35:40","slug":"pine-pollen","status":"publish","type":"product","link":"https:\/\/www.headshop.nl\/es\/pine-pollen\/","title":{"rendered":"Pine Pollen"},"content":{"rendered":"<h2>\u00bfQu\u00e9 son las pastillas Pine Pollen?<\/h2>\n<p>Los comprimidos Pine Pollen son un suplemento diet\u00e9tico natural a base de <strong>90% polvo org\u00e1nico Pine Pollen<\/strong> y <strong>10% maltodextrina en polvo<\/strong>. Estos comprimidos son una rica fuente de fitoandr\u00f3genos bioid\u00e9nticos como <strong>DHEA, androsterona y testosterona<\/strong>que desempe\u00f1an un papel clave en el mantenimiento de unos niveles hormonales sanos en los hombres.<\/p>\n<p>Con su sutil color amarillo y su sabor naturalmente dulce, el Pine Pollen se ha utilizado durante siglos por sus numerosos beneficios para la salud. El consumo regular de Pine Pollen Comprimidos puede apoyar <strong>fertilidad masculina, aumentar la libido y mejorar la vitalidad f\u00edsica y mental en general<\/strong>.<\/p>\n<p>El Pine Pollen tambi\u00e9n se valora por su capacidad para <strong>aumentan los niveles de energ\u00eda, refuerzan la funci\u00f3n inmunitaria y alivian el dolor articular<\/strong>por lo que es un suplemento vers\u00e1til para aquellos que buscan una forma natural de mejorar su salud.<\/p>\n<h2>Historia de las pastillas Pine Pollen<\/h2>\n<p>Pine Pollen tiene una larga historia en <strong>medicina tradicional<\/strong>En la antig\u00fcedad, se utilizaba en las culturas asi\u00e1ticas, sobre todo por sus poderosas propiedades para mejorar la salud. Era muy apreciado por su capacidad para <strong>fortalecen el cuerpo, mejoran la resistencia y fomentan la energ\u00eda juvenil<\/strong>.<\/p>\n<p>El uso moderno de las pastillas Pine Pollen se basa en su <strong>alta concentraci\u00f3n de testosterona natural y nutrientes esenciales<\/strong> que favorecen la salud masculina. Con el tiempo, el Pine Pollen tambi\u00e9n ha sido reconocido por sus <strong>propiedades antioxidantes<\/strong>que ayudan a combatir el envejecimiento y contribuyen al bienestar general.<\/p>\n<p>En la actualidad, las tabletas Pine Pollen ofrecen un <strong>c\u00f3modo y biodisponible<\/strong> forma de disfrutar de los beneficios de este potente suplemento natural, haciendo que sea m\u00e1s f\u00e1cil que nunca integrarlo en una rutina diaria de bienestar.<\/p>\n<h2>C\u00f3mo utilizar las pastillas Pine Pollen<\/h2>\n<p>Para obtener mejores resultados, tome <strong>1-2 Pine Pollen Comprimidos tres veces al d\u00eda<\/strong>preferentemente con las comidas y un vaso de agua. Esta dosis asegura una absorci\u00f3n eficaz de los nutrientes, apoyando <strong>equilibrio hormonal, fertilidad y niveles de energ\u00eda<\/strong> a lo largo del d\u00eda.<\/p>\n<p>Estos comprimidos son especialmente beneficiosos para los hombres que experimentan s\u00edntomas relacionados con <strong>desequilibrio hormonal, baja energ\u00eda o disminuci\u00f3n de la libido<\/strong>. Su uso regular puede ayudar a <strong>los niveles de testosterona, mejoran la resistencia y la concentraci\u00f3n mental<\/strong>.<\/p>\n<p>Siga siempre la posolog\u00eda recomendada y consulte a un profesional sanitario antes de usarlo, especialmente si tiene <strong>enfermedades subyacentes, est\u00e1 embarazada o en periodo de lactancia<\/strong>.<\/p>\n<h2>Ingredientes de los comprimidos Pine Pollen<\/h2>\n<p>Cada comprimido Pine Pollen contiene:<\/p>\n<ul>\n<li><strong>90% Org\u00e1nico Pine Pollen Polvo<\/strong> - Rico en nutrientes biodisponibles, incluyendo:\n<ul>\n<li><strong>Fitoandr\u00f3genos (DHEA, androsterona, testosterona)<\/strong> - Naturalmente id\u00e9nticas a las hormonas humanas, favorecen <strong>salud masculina, niveles de testosterona y fertilidad<\/strong>.<\/li>\n<li><strong>Vitamins<\/strong> - Incluidos <strong>Vitamina A, vitaminas del grupo B y amino\u00e1cidos esenciales<\/strong>, crucial para la producci\u00f3n de energ\u00eda y el bienestar general.<\/li>\n<li><strong>Antioxidantes<\/strong> - Ayudar a reducir <strong>inflamaci\u00f3n, favorecen la funci\u00f3n inmunitaria y protegen contra el estr\u00e9s oxidativo<\/strong>.<\/li>\n<\/ul>\n<\/li>\n<li><strong>10% Maltodextrina en polvo<\/strong> - Un aglutinante natural que ayuda a formar los comprimidos.<\/li>\n<\/ul>\n<p>Con su <strong>composici\u00f3n rica en nutrientes<\/strong>Pine Pollen es un complemento excelente para quienes buscan <strong>aumentan la vitalidad masculina, favorecen el equilibrio hormonal y mejoran la salud general<\/strong>.<\/p>\n<h2>Advertencia<\/h2>\n<ul>\n<li>Mantener fuera del alcance de los ni\u00f1os.<\/li>\n<li>Consulte a su m\u00e9dico antes de utilizarlo si est\u00e1 embarazada, en per\u00edodo de lactancia o padece alguna enfermedad.<\/li>\n<li>Conservar en un lugar fresco y oscuro a temperatura ambiente.<\/li>\n<\/ul>","protected":false},"excerpt":{"rendered":"<p>El Polen de Pino es de color claro, generalmente amarillo y tienen un sabor dulce que los hace agradables de consumir. Se trata de uno de los suplementos nutricionales m\u00e1s espec\u00edficos y especiales del mundo debido a que este polen es la mayor fuente natural de testosterona que conocemos en el planeta. Contienen m\u00e1s de 200 nutrientes biodisponibles, como vitaminas, minerales, enzimas, antioxidantes y fitoandr\u00f3genos naturales. Estos andr\u00f3genos son bioid\u00e9nticos a los humanos (a saber: DHEA-androstenediona, androsterona y testosterona).<br \/>\nEstos p\u00f3lenes son hoy en d\u00eda casi imprescindibles dada la cantidad de hormonas femeninas que se a\u00f1aden a nuestra alimentaci\u00f3n diaria.<\/p>","protected":false},"featured_media":82183,"template":"","meta":[],"product_brand":[],"product_cat":[815,391,455,389,384,463,458,456],"product_tag":[],"class_list":{"0":"post-45874","1":"product","2":"type-product","3":"status-publish","4":"has-post-thumbnail","6":"product_cat-fit4seasons","7":"product_cat-extracts","8":"product_cat-healthshop","9":"product_cat-herbs","10":"product_cat-smartshop","11":"product_cat-sport","12":"product_cat-superfoods","13":"product_cat-supplements","15":"first","16":"instock","17":"taxable","18":"shipping-taxable","19":"purchasable","20":"product-type-variable","21":"has-default-attributes"},"_links":{"self":[{"href":"https:\/\/www.headshop.nl\/es\/wp-json\/wp\/v2\/product\/45874","targetHints":{"allow":["GET"]}}],"collection":[{"href":"https:\/\/www.headshop.nl\/es\/wp-json\/wp\/v2\/product"}],"about":[{"href":"https:\/\/www.headshop.nl\/es\/wp-json\/wp\/v2\/types\/product"}],"wp:featuredmedia":[{"embeddable":true,"href":"https:\/\/www.headshop.nl\/es\/wp-json\/wp\/v2\/media\/82183"}],"wp:attachment":[{"href":"https:\/\/www.headshop.nl\/es\/wp-json\/wp\/v2\/media?parent=45874"}],"wp:term":[{"taxonomy":"product_brand","embeddable":true,"href":"https:\/\/www.headshop.nl\/es\/wp-json\/wp\/v2\/product_brand?post=45874"},{"taxonomy":"product_cat","embeddable":true,"href":"https:\/\/www.headshop.nl\/es\/wp-json\/wp\/v2\/product_cat?post=45874"},{"taxonomy":"product_tag","embeddable":true,"href":"https:\/\/www.headshop.nl\/es\/wp-json\/wp\/v2\/product_tag?post=45874"}],"curies":[{"name":"wp","href":"https:\/\/api.w.org\/{rel}","templated":true}]}}