{"id":45866,"date":"2022-07-04T08:52:47","date_gmt":"2022-07-04T08:52:47","guid":{"rendered":"https:\/\/www.headshop.nl\/?post_type=product&#038;p=45866"},"modified":"2025-05-23T09:35:45","modified_gmt":"2025-05-23T09:35:45","slug":"spirulina","status":"publish","type":"product","link":"https:\/\/www.headshop.nl\/es\/spirulina\/","title":{"rendered":"Spirulina"},"content":{"rendered":"<h2 data-pm-slice=\"1 1 []\">\u00bfQu\u00e9 son los comprimidos de espirulina?<\/h2>\n<p>Los comprimidos de espirulina son un suplemento diet\u00e9tico elaborado a partir de espirulina org\u00e1nica, un alga verde azulada rica en nutrientes. Reconocida como uno de los superalimentos m\u00e1s nutritivos, la espirulina proporciona una serie de vitaminas, minerales y amino\u00e1cidos esenciales. Cada comprimido contiene espirulina en polvo, que es rica en prote\u00ednas (70% de su contenido), \u00e1cidos grasos omega-3 y antioxidantes. Se sabe que la espirulina aumenta la energ\u00eda, mejora la resistencia y refuerza el sistema inmunitario.<\/p>\n<p>Estos comprimidos son especialmente apreciados por deportistas, vegetarianos y personas con un estilo de vida activo. El completo perfil proteico de la espirulina, que incluye los nueve amino\u00e1cidos esenciales, la convierte en una excelente fuente de prote\u00ednas de origen vegetal. Adem\u00e1s, su riqueza en vitaminas (como las del grupo B) y minerales (como el calcio, el hierro y el magnesio) contribuye a la salud en general. Los comprimidos de espirulina ofrecen una forma c\u00f3moda de integrar este potente superalimento en su rutina diaria.<\/p>\n<h2>Historia de los comprimidos de espirulina<\/h2>\n<p>El consumo de espirulina se remonta a las civilizaciones antiguas, en particular a los aztecas, que la valoraban como fuente de alimento nutritivo. Sin embargo, el inter\u00e9s moderno por la espirulina surgi\u00f3 a mediados del siglo XX, cuando se redescubrieron sus notables beneficios para la salud. La espirulina gan\u00f3 popularidad r\u00e1pidamente entre la comunidad preocupada por la salud, especialmente atletas y vegetarianos, debido a su alto contenido en prote\u00ednas y su completo perfil nutricional.<\/p>\n<p>La introducci\u00f3n de los comprimidos de espirulina hizo m\u00e1s c\u00f3modo el consumo de este superalimento, ampliando su accesibilidad. Numerosas investigaciones han puesto de relieve los beneficios potenciales de la espirulina, como el apoyo al sistema inmunitario, el aumento de la energ\u00eda y la mejora de la resistencia. Hoy en d\u00eda, la espirulina es reconocida mundialmente como uno de los superalimentos m\u00e1s ampliamente estudiados, y su forma en comprimidos proporciona una manera f\u00e1cil de disfrutar de sus beneficios sin necesidad de preparaci\u00f3n adicional.<\/p>\n<h2>C\u00f3mo utilizar los comprimidos de espirulina<\/h2>\n<p>Para obtener unos beneficios \u00f3ptimos, tome 1-2 comprimidos tres veces al d\u00eda con agua durante las comidas. Esta rutina garantiza un suministro constante de los nutrientes de la espirulina a lo largo del d\u00eda. Quienes busquen mayores beneficios para la salud pueden combinar la espirulina con otros superalimentos, como la chlorella, para potenciar sus efectos.<\/p>\n<p>Los comprimidos de espirulina complementan una dieta equilibrada y un estilo de vida activo aumentando la energ\u00eda, reforzando el sistema inmunitario y mejorando la resistencia. Ideal para atletas y personas que buscan mejorar su rendimiento f\u00edsico y mental, la espirulina tambi\u00e9n puede utilizarse como suplemento de bienestar diario. Siga siempre la dosis recomendada y consulte a un profesional sanitario si est\u00e1 embarazada, en per\u00edodo de lactancia o tiene alg\u00fan problema m\u00e9dico.<\/p>\n<h2>Ingredientes de los comprimidos de espirulina<\/h2>\n<p>Cada tableta de espirulina contiene 100% polvo de espirulina org\u00e1nica, una fuente de nutrientes esenciales. Con los nueve amino\u00e1cidos esenciales, la espirulina es una excelente fuente de prote\u00ednas de origen vegetal, especialmente para vegetarianos y veganos. Tambi\u00e9n es rica en vitaminas del grupo B, fibra, antioxidantes y \u00e1cidos grasos omega-3, todos los cuales contribuyen a la salud cardiovascular, la funci\u00f3n cerebral y el bienestar general.<\/p>\n<p>El contenido de calcio de la espirulina es tres veces superior al de la leche entera, lo que la convierte en una valiosa fuente de calcio de origen vegetal. Adem\u00e1s, la espirulina aporta minerales clave como el hierro, el magnesio y el potasio, que contribuyen a diversas funciones corporales. Sus altos niveles de antioxidantes ayudan a combatir el estr\u00e9s oxidativo, favoreciendo a\u00fan m\u00e1s la salud inmunol\u00f3gica y el bienestar general.<\/p>\n<p><strong>Advertencia:<\/strong> Mant\u00e9ngase fuera del alcance de los ni\u00f1os. Consulte a su m\u00e9dico antes de utilizarlo si est\u00e1 embarazada, en per\u00edodo de lactancia o padece alguna enfermedad. Conservar a temperatura ambiente en un lugar oscuro.<\/p>\n<p>Los comprimidos de espirulina ofrecen una forma sencilla y eficaz de incorporar una potente fuente de nutrientes a su dieta. Este suplemento de superalimentos ayuda a mantener un estilo de vida saludable y activo, y contribuye a la energ\u00eda, la resistencia y la salud inmunitaria.<\/p>","protected":false},"excerpt":{"rendered":"<p>La espirulina es un alga fitoplanct\u00f3nica de color verde azulado que crece en agua dulce. Esta popular especie de alga puede contribuir a aumentar los niveles de energ\u00eda, la resistencia y a mejorar el sistema inmunitario. La espirulina contiene 18 amino\u00e1cidos. De los cuales tambi\u00e9n los 9 esenciales. Tambi\u00e9n es rica en fibra y vitaminas del grupo B. Esto hace que estos comprimidos sean utilizados con gran entusiasmo por deportistas y personas que siguen un estilo de vida consciente. Para un efecto m\u00e1s fuerte, utilice la espirulina con chlorella.<\/p>","protected":false},"featured_media":82184,"template":"","meta":[],"product_brand":[],"product_cat":[815,391,455,389,384,463,458,456],"product_tag":[],"class_list":{"0":"post-45866","1":"product","2":"type-product","3":"status-publish","4":"has-post-thumbnail","6":"product_cat-fit4seasons","7":"product_cat-extracts","8":"product_cat-healthshop","9":"product_cat-herbs","10":"product_cat-smartshop","11":"product_cat-sport","12":"product_cat-superfoods","13":"product_cat-supplements","15":"first","16":"instock","17":"taxable","18":"shipping-taxable","19":"purchasable","20":"product-type-variable","21":"has-default-attributes"},"_links":{"self":[{"href":"https:\/\/www.headshop.nl\/es\/wp-json\/wp\/v2\/product\/45866","targetHints":{"allow":["GET"]}}],"collection":[{"href":"https:\/\/www.headshop.nl\/es\/wp-json\/wp\/v2\/product"}],"about":[{"href":"https:\/\/www.headshop.nl\/es\/wp-json\/wp\/v2\/types\/product"}],"wp:featuredmedia":[{"embeddable":true,"href":"https:\/\/www.headshop.nl\/es\/wp-json\/wp\/v2\/media\/82184"}],"wp:attachment":[{"href":"https:\/\/www.headshop.nl\/es\/wp-json\/wp\/v2\/media?parent=45866"}],"wp:term":[{"taxonomy":"product_brand","embeddable":true,"href":"https:\/\/www.headshop.nl\/es\/wp-json\/wp\/v2\/product_brand?post=45866"},{"taxonomy":"product_cat","embeddable":true,"href":"https:\/\/www.headshop.nl\/es\/wp-json\/wp\/v2\/product_cat?post=45866"},{"taxonomy":"product_tag","embeddable":true,"href":"https:\/\/www.headshop.nl\/es\/wp-json\/wp\/v2\/product_tag?post=45866"}],"curies":[{"name":"wp","href":"https:\/\/api.w.org\/{rel}","templated":true}]}}