{"id":45842,"date":"2020-07-04T08:36:06","date_gmt":"2020-07-04T08:36:06","guid":{"rendered":"https:\/\/www.headshop.nl\/?post_type=product&#038;p=45842"},"modified":"2026-04-21T07:12:55","modified_gmt":"2026-04-21T07:12:55","slug":"energy-party-shot-royal-e","status":"publish","type":"product","link":"https:\/\/www.headshop.nl\/es\/energy-party-shot-royal-e\/","title":{"rendered":"Energy party shot &#8211; Royal E"},"content":{"rendered":"<p>Agitar bien hasta la completa disoluci\u00f3n del contenido. Tomar una hora despu\u00e9s de la comida. Beber primero la mitad para comprobar la respuesta. Tomar un vaso de agua despu\u00e9s de la ingesti\u00f3n.<\/p>\n<p>La L\u00ednea Royal fue desarrollada por y para McSmart para llegar a otro nivel de forma natural. Al desarrollar esta l\u00ednea te ofrecemos una experiencia segura, legal y asequible que \u00a1\u00a1\u00a1disfrutar\u00e1s!!! Debido a la forma l\u00edquida, las inyecciones son r\u00e1pidamente absorbidas por el cuerpo y el efecto se siente r\u00e1pidamente. Disfruta de las maravillosas experiencias que te ofrecen las Royals y d\u00e9jate sorprender por las deliciosas propiedades de estas hierbas.<\/p>\n<p><strong>Dosis recomendada:<\/strong>\u00a05 a 15 ml<\/p>","protected":false},"excerpt":{"rendered":"<p>Con la Liquid Royal E se puede decir que; si te viene bien un extra de energ\u00eda, esta inyecci\u00f3n puede hacerte avanzar de nuevo. La sensaci\u00f3n puede durar unas 4 horas, lo que es suficiente para pasar una noche agradable.<\/p>","protected":false},"featured_media":82282,"template":"","meta":[],"product_brand":[],"product_cat":[297,411,391,386,1047,384,412],"product_tag":[],"class_list":{"0":"post-45842","1":"product","2":"type-product","3":"status-publish","4":"has-post-thumbnail","6":"product_cat-all-products","7":"product_cat-energy-pills","8":"product_cat-extracts","9":"product_cat-party-pills","10":"product_cat-party-shots","11":"product_cat-smartshop","12":"product_cat-trippy-pills","13":"product_shipping_class-not-allowed-group-1","15":"first","16":"instock","17":"taxable","18":"shipping-taxable","19":"purchasable","20":"product-type-simple"},"_links":{"self":[{"href":"https:\/\/www.headshop.nl\/es\/wp-json\/wp\/v2\/product\/45842","targetHints":{"allow":["GET"]}}],"collection":[{"href":"https:\/\/www.headshop.nl\/es\/wp-json\/wp\/v2\/product"}],"about":[{"href":"https:\/\/www.headshop.nl\/es\/wp-json\/wp\/v2\/types\/product"}],"wp:featuredmedia":[{"embeddable":true,"href":"https:\/\/www.headshop.nl\/es\/wp-json\/wp\/v2\/media\/82282"}],"wp:attachment":[{"href":"https:\/\/www.headshop.nl\/es\/wp-json\/wp\/v2\/media?parent=45842"}],"wp:term":[{"taxonomy":"product_brand","embeddable":true,"href":"https:\/\/www.headshop.nl\/es\/wp-json\/wp\/v2\/product_brand?post=45842"},{"taxonomy":"product_cat","embeddable":true,"href":"https:\/\/www.headshop.nl\/es\/wp-json\/wp\/v2\/product_cat?post=45842"},{"taxonomy":"product_tag","embeddable":true,"href":"https:\/\/www.headshop.nl\/es\/wp-json\/wp\/v2\/product_tag?post=45842"}],"curies":[{"name":"wp","href":"https:\/\/api.w.org\/{rel}","templated":true}]}}