{"id":45841,"date":"2020-07-04T08:33:53","date_gmt":"2020-07-04T08:33:53","guid":{"rendered":"https:\/\/www.headshop.nl\/?post_type=product&#038;p=45841"},"modified":"2025-06-06T06:28:24","modified_gmt":"2025-06-06T06:28:24","slug":"royal-t-herbal-psychedelic","status":"publish","type":"product","link":"https:\/\/www.headshop.nl\/es\/royal-t-herbal-psychedelic\/","title":{"rendered":"Royal-T Hierba Psicod\u00e9lica"},"content":{"rendered":"<p><strong>\u00dasalo:<\/strong>\u00a0Agitar bien hasta la completa disoluci\u00f3n del contenido. Tomar una hora despu\u00e9s de la comida. Beber primero la mitad para comprobar la respuesta. Tomar un vaso de agua despu\u00e9s de la ingesti\u00f3n.<\/p>\n<p>Puede experimentar n\u00e1useas o mareos.<\/p>\n<p>La L\u00ednea Royal fue desarrollada por y para McSmart para llegar a otro nivel de forma natural. Al desarrollar esta l\u00ednea te ofrecemos una experiencia segura, legal y asequible que \u00a1\u00a1\u00a1disfrutar\u00e1s!!! Debido a la forma l\u00edquida, las inyecciones son r\u00e1pidamente absorbidas por el cuerpo y el efecto se siente r\u00e1pidamente. Disfruta de las maravillosas experiencias que te ofrecen las Royals y d\u00e9jate sorprender por las deliciosas propiedades de estas hierbas.<\/p>\n<p><strong>Dosis recomendada:<\/strong>\u00a05 a 15 ml<\/p>","protected":false},"excerpt":{"rendered":"<p>Liquid Royal T es un shooter a base de hierbas cuyos efectos son muy similares a los de ciertos psicod\u00e9licos. As\u00ed puedes experimentar legalmente un viaje que puede durar hasta cuatro horas. Si has tenido una semana ajetreada en el trabajo, una dosis baja puede ser agradable. Si quieres intentarlo, una dosis m\u00e1s alta puede ser m\u00e1s placentera para mucha gente.<\/p>","protected":false},"featured_media":82284,"template":"","meta":[],"product_brand":[],"product_cat":[384,391,386,412],"product_tag":[],"class_list":{"0":"post-45841","1":"product","2":"type-product","3":"status-publish","4":"has-post-thumbnail","6":"product_cat-smartshop","7":"product_cat-extracts","8":"product_cat-party-pills","9":"product_cat-trippy-pills","10":"product_shipping_class-not-allowed-group-1","12":"first","13":"instock","14":"taxable","15":"shipping-taxable","16":"purchasable","17":"product-type-simple"},"_links":{"self":[{"href":"https:\/\/www.headshop.nl\/es\/wp-json\/wp\/v2\/product\/45841","targetHints":{"allow":["GET"]}}],"collection":[{"href":"https:\/\/www.headshop.nl\/es\/wp-json\/wp\/v2\/product"}],"about":[{"href":"https:\/\/www.headshop.nl\/es\/wp-json\/wp\/v2\/types\/product"}],"wp:featuredmedia":[{"embeddable":true,"href":"https:\/\/www.headshop.nl\/es\/wp-json\/wp\/v2\/media\/82284"}],"wp:attachment":[{"href":"https:\/\/www.headshop.nl\/es\/wp-json\/wp\/v2\/media?parent=45841"}],"wp:term":[{"taxonomy":"product_brand","embeddable":true,"href":"https:\/\/www.headshop.nl\/es\/wp-json\/wp\/v2\/product_brand?post=45841"},{"taxonomy":"product_cat","embeddable":true,"href":"https:\/\/www.headshop.nl\/es\/wp-json\/wp\/v2\/product_cat?post=45841"},{"taxonomy":"product_tag","embeddable":true,"href":"https:\/\/www.headshop.nl\/es\/wp-json\/wp\/v2\/product_tag?post=45841"}],"curies":[{"name":"wp","href":"https:\/\/api.w.org\/{rel}","templated":true}]}}