{"id":41719,"date":"2022-03-14T10:03:47","date_gmt":"2022-03-14T10:03:47","guid":{"rendered":"https:\/\/www.headshop.nl\/?post_type=product&#038;p=41719"},"modified":"2025-05-23T09:39:36","modified_gmt":"2025-05-23T09:39:36","slug":"jumbo-pro-gold-rolls-with-prerolled-tips","status":"publish","type":"product","link":"https:\/\/www.headshop.nl\/es\/jumbo-pro-gold-rolls-with-prerolled-tips\/","title":{"rendered":"Jumbo Pro Gold Rolls con Prerolled Tips"},"content":{"rendered":"<h2>Jumbo Smoking Suministros<\/h2>\n<p>Jumbo es una marca holandesa de papel de liar y art\u00edculos para fumadores que tiene como objetivo permitir a los fumadores obtener art\u00edculos de calidad a un precio asequible. \u00a1Los chicos detr\u00e1s de Jumbo afirman que todos sus productos se hacen en las mismas f\u00e1bricas que otras marcas m\u00e1s populares y m\u00e1s establecidas, por lo que su calidad debe coincidir con cualquier productor de suministros de fumar en el mercado! Jumbo tambien es conocido por su papel de liar multicolor.<\/p>","protected":false},"excerpt":{"rendered":"<p>El papel de liar Gold Pro Jumbo tiene como objetivo ofrecer el papel de liar de mayor calidad a un precio asequible. Estos rollos tambi\u00e9n vienen con un paquete de puntas preenrolladas, para que puedas liar tus porros a\u00fan m\u00e1s r\u00e1pido. Esto significa que s\u00f3lo tienes que coger la cantidad de papel que necesites, a\u00f1adir una punta y liar tu porro en cuesti\u00f3n de segundos. \u00a1Pr\u00e1ctico!<\/p>","protected":false},"featured_media":44173,"template":"","meta":[],"product_brand":[],"product_cat":[810,297,414,447,421,803],"product_tag":[],"class_list":{"0":"post-41719","1":"product","2":"type-product","3":"status-publish","4":"has-post-thumbnail","6":"product_cat-jumbo","7":"product_cat-all-products","8":"product_cat-headshop","9":"product_cat-papers-with-tips","10":"product_cat-rolling-papers","11":"product_cat-rolls","12":"product_shipping_class-creditcard-on","14":"first","15":"instock","16":"taxable","17":"shipping-taxable","18":"purchasable","19":"product-type-variable","20":"has-default-attributes"},"_links":{"self":[{"href":"https:\/\/www.headshop.nl\/es\/wp-json\/wp\/v2\/product\/41719","targetHints":{"allow":["GET"]}}],"collection":[{"href":"https:\/\/www.headshop.nl\/es\/wp-json\/wp\/v2\/product"}],"about":[{"href":"https:\/\/www.headshop.nl\/es\/wp-json\/wp\/v2\/types\/product"}],"wp:featuredmedia":[{"embeddable":true,"href":"https:\/\/www.headshop.nl\/es\/wp-json\/wp\/v2\/media\/44173"}],"wp:attachment":[{"href":"https:\/\/www.headshop.nl\/es\/wp-json\/wp\/v2\/media?parent=41719"}],"wp:term":[{"taxonomy":"product_brand","embeddable":true,"href":"https:\/\/www.headshop.nl\/es\/wp-json\/wp\/v2\/product_brand?post=41719"},{"taxonomy":"product_cat","embeddable":true,"href":"https:\/\/www.headshop.nl\/es\/wp-json\/wp\/v2\/product_cat?post=41719"},{"taxonomy":"product_tag","embeddable":true,"href":"https:\/\/www.headshop.nl\/es\/wp-json\/wp\/v2\/product_tag?post=41719"}],"curies":[{"name":"wp","href":"https:\/\/api.w.org\/{rel}","templated":true}]}}