{"id":41700,"date":"2022-03-14T10:03:43","date_gmt":"2022-03-14T10:03:43","guid":{"rendered":"https:\/\/www.headshop.nl\/?post_type=product&#038;p=41700"},"modified":"2024-09-17T10:58:49","modified_gmt":"2024-09-17T10:58:49","slug":"jumbo-pink-king-size-cones-prerolled-34x","status":"publish","type":"product","link":"https:\/\/www.headshop.nl\/es\/jumbo-pink-king-size-cones-prerolled-34x\/","title":{"rendered":"Jumbo Rosa King Size Cones Preenrollado 34x"},"content":{"rendered":"<h2>Rosa Rolling Papers<\/h2>\n<p>\u00bfQuieres liar y fumar un porro rosa? La colecci\u00f3n de papel de liar y puntas Jumbo Pink tiene todo lo que necesitas para fumar tus porros a la moda rosa. Si te gusta el rosa, te encantar\u00e1 la idea de que todos tus porros, a partir de ahora, \u00a1puedan ser rosas! Consigue todos tus suministros para liar de color rosa en Jumbo.<\/p>\n<h2>Jumbo Smoking Suministros<\/h2>\n<p>Jumbo es una marca holandesa de papel de liar y art\u00edculos para fumadores que tiene como objetivo permitir a los fumadores obtener art\u00edculos de calidad a un precio asequible. \u00a1Los chicos detr\u00e1s de Jumbo afirman que todos sus productos se hacen en las mismas f\u00e1bricas que otras marcas m\u00e1s populares y m\u00e1s establecidas, por lo que su calidad debe coincidir con cualquier productor de suministros de fumar en el mercado! Jumbo tambien es conocido por su papel de liar multicolor.<\/p>","protected":false},"excerpt":{"rendered":"<p>Classic conos king-size, \u00a1pero en rosa! S\u00ed, estos conos son rosas y le permitir\u00e1n liar porros rosas de la forma m\u00e1s r\u00e1pida y f\u00e1cil que existe. Todos tus porros rosas tendr\u00e1n un aspecto uniforme y se quemar\u00e1n lentamente. \u00a1La forma m\u00e1s sencilla de liar glamurosos porros rosas en la ciudad!<\/p>","protected":false},"featured_media":44046,"template":"","meta":[],"product_brand":[],"product_cat":[483,297,793,414,810,807,421],"product_tag":[],"class_list":{"0":"post-41700","1":"product","2":"type-product","3":"status-publish","4":"has-post-thumbnail","6":"product_cat-cones","7":"product_cat-all-products","8":"product_cat-color-papers","9":"product_cat-headshop","10":"product_cat-jumbo","11":"product_cat-pink-papers","12":"product_cat-rolling-papers","13":"product_shipping_class-creditcard-on","15":"first","16":"instock","17":"taxable","18":"shipping-taxable","19":"purchasable","20":"product-type-variable","21":"has-default-attributes"},"_links":{"self":[{"href":"https:\/\/www.headshop.nl\/es\/wp-json\/wp\/v2\/product\/41700","targetHints":{"allow":["GET"]}}],"collection":[{"href":"https:\/\/www.headshop.nl\/es\/wp-json\/wp\/v2\/product"}],"about":[{"href":"https:\/\/www.headshop.nl\/es\/wp-json\/wp\/v2\/types\/product"}],"wp:featuredmedia":[{"embeddable":true,"href":"https:\/\/www.headshop.nl\/es\/wp-json\/wp\/v2\/media\/44046"}],"wp:attachment":[{"href":"https:\/\/www.headshop.nl\/es\/wp-json\/wp\/v2\/media?parent=41700"}],"wp:term":[{"taxonomy":"product_brand","embeddable":true,"href":"https:\/\/www.headshop.nl\/es\/wp-json\/wp\/v2\/product_brand?post=41700"},{"taxonomy":"product_cat","embeddable":true,"href":"https:\/\/www.headshop.nl\/es\/wp-json\/wp\/v2\/product_cat?post=41700"},{"taxonomy":"product_tag","embeddable":true,"href":"https:\/\/www.headshop.nl\/es\/wp-json\/wp\/v2\/product_tag?post=41700"}],"curies":[{"name":"wp","href":"https:\/\/api.w.org\/{rel}","templated":true}]}}