{"id":41695,"date":"2022-03-14T10:03:42","date_gmt":"2022-03-14T10:03:42","guid":{"rendered":"https:\/\/www.headshop.nl\/?post_type=product&#038;p=41695"},"modified":"2025-05-23T09:43:39","modified_gmt":"2025-05-23T09:43:39","slug":"mascotte-original-tips","status":"publish","type":"product","link":"https:\/\/www.headshop.nl\/es\/mascotte-original-tips\/","title":{"rendered":"Mascotte Original Tips"},"content":{"rendered":"<h2>Mascotte Tips<\/h2>\n<p>Si buscas una selecci\u00f3n de puntas de alta calidad que encaje con todos tus tama\u00f1os de papel de liar favoritos, hazte con un librillo de puntas de Mascotte. Con d\u00e9cadas de experiencia en la fabricaci\u00f3n de accesorios para fumadores, el equipo de Mascotte se asegura de que cada producto que lanzan sea de primera categor\u00eda. Esto significa que puedes esperar unas caladas realmente deliciosas si te decides por las puntas de papel de liar de Mascotte.<\/p>\n<h2>Mascotte Material rodante<\/h2>\n<p>Mascotte es un fabricante neerland\u00e9s de papel de liar y art\u00edculos para fumadores bien establecido en la comunidad de fumadores de los Pa\u00edses Bajos. Puedes encontrar estos papeles de liar de calidad de Mascotte en casi cualquier tienda de la esquina. Y no es para menos. Mascotte produce papel de liar de alta calidad que satisfar\u00e1 las necesidades de cualquier fumador. La colecci\u00f3n de art\u00edculos para fumadores de Mascotte est\u00e1 repleta de diferentes productos que se adaptan a cualquier preferencia.<\/p>","protected":false},"excerpt":{"rendered":"<p>Las innovaciones m\u00e1s sencillas pueden ser geniales. Un sencillo cuadernillo de consejos para liar que se ajusta a todos los tama\u00f1os de papel de liar m\u00e1s populares es lo que todo fumador necesita. Se acab\u00f3 el recortar tarjetas de visita o desgarrar revistas. Coge una punta, enr\u00f3llala y \u00fasala en tu porro, \u00a1as\u00ed de sencillo!<\/p>","protected":false},"featured_media":44601,"template":"","meta":[],"product_brand":[],"product_cat":[445,297,414,627,816,421],"product_tag":[],"class_list":{"0":"post-41695","1":"product","2":"type-product","3":"status-publish","4":"has-post-thumbnail","6":"product_cat-rolling-tips","7":"product_cat-all-products","8":"product_cat-headshop","9":"product_cat-headshop-top-10","10":"product_cat-mascotte","11":"product_cat-rolling-papers","12":"product_shipping_class-creditcard-on","14":"first","15":"instock","16":"taxable","17":"shipping-taxable","18":"purchasable","19":"product-type-variable","20":"has-default-attributes"},"_links":{"self":[{"href":"https:\/\/www.headshop.nl\/es\/wp-json\/wp\/v2\/product\/41695","targetHints":{"allow":["GET"]}}],"collection":[{"href":"https:\/\/www.headshop.nl\/es\/wp-json\/wp\/v2\/product"}],"about":[{"href":"https:\/\/www.headshop.nl\/es\/wp-json\/wp\/v2\/types\/product"}],"wp:featuredmedia":[{"embeddable":true,"href":"https:\/\/www.headshop.nl\/es\/wp-json\/wp\/v2\/media\/44601"}],"wp:attachment":[{"href":"https:\/\/www.headshop.nl\/es\/wp-json\/wp\/v2\/media?parent=41695"}],"wp:term":[{"taxonomy":"product_brand","embeddable":true,"href":"https:\/\/www.headshop.nl\/es\/wp-json\/wp\/v2\/product_brand?post=41695"},{"taxonomy":"product_cat","embeddable":true,"href":"https:\/\/www.headshop.nl\/es\/wp-json\/wp\/v2\/product_cat?post=41695"},{"taxonomy":"product_tag","embeddable":true,"href":"https:\/\/www.headshop.nl\/es\/wp-json\/wp\/v2\/product_tag?post=41695"}],"curies":[{"name":"wp","href":"https:\/\/api.w.org\/{rel}","templated":true}]}}