{"id":41694,"date":"2022-03-14T10:03:42","date_gmt":"2022-03-14T10:03:42","guid":{"rendered":"https:\/\/www.headshop.nl\/?post_type=product&#038;p=41694"},"modified":"2025-05-23T09:43:26","modified_gmt":"2025-05-23T09:43:26","slug":"mascotte-active-34-filters","status":"publish","type":"product","link":"https:\/\/www.headshop.nl\/es\/mascotte-active-34-filters\/","title":{"rendered":"Mascotte Activo 34 Filters"},"content":{"rendered":"<h2>Mascotte Carb\u00f3n activo Tips<\/h2>\n<p>Aquellos que buscan una experiencia de fumada m\u00e1s limpia, sin perder nada de lo bueno... \u00a1Deber\u00edan empezar a usar filtros activos de carb\u00f3n y nunca volver atr\u00e1s! Hacen maravillas filtrando cada calada que das y proporcionando un humo m\u00e1s limpio y un mejor sabor. Si nunca los has probado, \u00a1definitivamente deber\u00edas hacerlo! Todos los que prueban las puntas de carb\u00f3n se enamoran de ellas instant\u00e1neamente.<\/p>\n<h2>Mascotte Material rodante<\/h2>\n<p>Mascotte es un fabricante neerland\u00e9s de papel de liar y art\u00edculos para fumadores bien establecido en la comunidad de fumadores de los Pa\u00edses Bajos. Puedes encontrar estos papeles de liar de calidad de Mascotte en casi cualquier tienda de la esquina. Y no es para menos. Mascotte produce papel de liar de alta calidad que satisfar\u00e1 las necesidades de cualquier fumador. La colecci\u00f3n de art\u00edculos para fumadores de Mascotte est\u00e1 repleta de diferentes productos que se adaptan a cualquier preferencia.<\/p>","protected":false},"excerpt":{"rendered":"<p>Las puntas de carb\u00f3n para las articulaciones est\u00e1n arrasando en todo el mundo. Y con raz\u00f3n. Filtran todo lo malo de tu humo, sin cambiar los efectos que obtendr\u00e1s de tu porro. Esto no s\u00f3lo conduce a una experiencia de fumar m\u00e1s limpia, sino que tus porros incluso sabr\u00e1n mejor. Si nunca los has probado, \u00a1dales una calada!<\/p>","protected":false},"featured_media":44605,"template":"","meta":[],"product_brand":[],"product_cat":[445,297,414,816,421],"product_tag":[],"class_list":{"0":"post-41694","1":"product","2":"type-product","3":"status-publish","4":"has-post-thumbnail","6":"product_cat-rolling-tips","7":"product_cat-all-products","8":"product_cat-headshop","9":"product_cat-mascotte","10":"product_cat-rolling-papers","11":"product_shipping_class-creditcard-on","13":"first","14":"instock","15":"taxable","16":"shipping-taxable","17":"purchasable","18":"product-type-variable","19":"has-default-attributes"},"_links":{"self":[{"href":"https:\/\/www.headshop.nl\/es\/wp-json\/wp\/v2\/product\/41694","targetHints":{"allow":["GET"]}}],"collection":[{"href":"https:\/\/www.headshop.nl\/es\/wp-json\/wp\/v2\/product"}],"about":[{"href":"https:\/\/www.headshop.nl\/es\/wp-json\/wp\/v2\/types\/product"}],"wp:featuredmedia":[{"embeddable":true,"href":"https:\/\/www.headshop.nl\/es\/wp-json\/wp\/v2\/media\/44605"}],"wp:attachment":[{"href":"https:\/\/www.headshop.nl\/es\/wp-json\/wp\/v2\/media?parent=41694"}],"wp:term":[{"taxonomy":"product_brand","embeddable":true,"href":"https:\/\/www.headshop.nl\/es\/wp-json\/wp\/v2\/product_brand?post=41694"},{"taxonomy":"product_cat","embeddable":true,"href":"https:\/\/www.headshop.nl\/es\/wp-json\/wp\/v2\/product_cat?post=41694"},{"taxonomy":"product_tag","embeddable":true,"href":"https:\/\/www.headshop.nl\/es\/wp-json\/wp\/v2\/product_tag?post=41694"}],"curies":[{"name":"wp","href":"https:\/\/api.w.org\/{rel}","templated":true}]}}