{"id":41693,"date":"2022-03-14T10:03:35","date_gmt":"2022-03-14T10:03:35","guid":{"rendered":"https:\/\/www.headshop.nl\/?post_type=product&#038;p=41693"},"modified":"2025-05-23T09:43:50","modified_gmt":"2025-05-23T09:43:50","slug":"mascotte-active-10-filters","status":"publish","type":"product","link":"https:\/\/www.headshop.nl\/es\/mascotte-active-10-filters\/","title":{"rendered":"Mascotte Activo 10 Filters"},"content":{"rendered":"<h2>Mascotte Carb\u00f3n activo Tips<\/h2>\n<p>Los que buscan una experiencia de fumar m\u00e1s limpia, sin perder nada de lo bueno... \u00a1Deber\u00edan empezar a usar filtros activos de carb\u00f3n y no volver atr\u00e1s! Hacen maravillas filtrando cada calada que das y proporcionan un humo m\u00e1s limpio y un mejor sabor. Si nunca los has probado, \u00a1definitivamente deber\u00edas hacerlo! Todos los que prueban las puntas de carb\u00f3n se enamoran de ellas instant\u00e1neamente.<\/p>\n<h2>Mascotte Material rodante<\/h2>\n<p>Mascotte es un fabricante neerland\u00e9s de papel de liar y art\u00edculos para fumadores bien establecido en la comunidad de fumadores de los Pa\u00edses Bajos. Puedes encontrar estos papeles de liar de calidad de Mascotte en casi cualquier tienda de la esquina. Y no es para menos. Mascotte produce papel de liar de alta calidad que satisfar\u00e1 las necesidades de cualquier fumador. La colecci\u00f3n de art\u00edculos para fumadores de Mascotte est\u00e1 repleta de diferentes productos que se adaptan a cualquier preferencia.<\/p>","protected":false},"excerpt":{"rendered":"<p>Este peque\u00f1o paquete de puntas de filtro de carb\u00f3n activo cambiar\u00e1 tu forma de fumar porros para siempre. Un humo m\u00e1s limpio, un sabor m\u00e1s agradable y una mejor experiencia de fumado garantizada. Estos filtros limpian activamente cada calada que das y los que los prueban, nunca vuelven atr\u00e1s. La mejor inversi\u00f3n para fumar que existe.<\/p>","protected":false},"featured_media":44611,"template":"","meta":[],"product_brand":[],"product_cat":[445,297,414,816,421],"product_tag":[],"class_list":{"0":"post-41693","1":"product","2":"type-product","3":"status-publish","4":"has-post-thumbnail","6":"product_cat-rolling-tips","7":"product_cat-all-products","8":"product_cat-headshop","9":"product_cat-mascotte","10":"product_cat-rolling-papers","11":"product_shipping_class-creditcard-on","13":"first","14":"instock","15":"taxable","16":"shipping-taxable","17":"purchasable","18":"product-type-variable","19":"has-default-attributes"},"_links":{"self":[{"href":"https:\/\/www.headshop.nl\/es\/wp-json\/wp\/v2\/product\/41693","targetHints":{"allow":["GET"]}}],"collection":[{"href":"https:\/\/www.headshop.nl\/es\/wp-json\/wp\/v2\/product"}],"about":[{"href":"https:\/\/www.headshop.nl\/es\/wp-json\/wp\/v2\/types\/product"}],"wp:featuredmedia":[{"embeddable":true,"href":"https:\/\/www.headshop.nl\/es\/wp-json\/wp\/v2\/media\/44611"}],"wp:attachment":[{"href":"https:\/\/www.headshop.nl\/es\/wp-json\/wp\/v2\/media?parent=41693"}],"wp:term":[{"taxonomy":"product_brand","embeddable":true,"href":"https:\/\/www.headshop.nl\/es\/wp-json\/wp\/v2\/product_brand?post=41693"},{"taxonomy":"product_cat","embeddable":true,"href":"https:\/\/www.headshop.nl\/es\/wp-json\/wp\/v2\/product_cat?post=41693"},{"taxonomy":"product_tag","embeddable":true,"href":"https:\/\/www.headshop.nl\/es\/wp-json\/wp\/v2\/product_tag?post=41693"}],"curies":[{"name":"wp","href":"https:\/\/api.w.org\/{rel}","templated":true}]}}