{"id":41690,"date":"2022-03-14T10:03:34","date_gmt":"2022-03-14T10:03:34","guid":{"rendered":"https:\/\/www.headshop.nl\/?post_type=product&#038;p=41690"},"modified":"2025-05-23T09:44:29","modified_gmt":"2025-05-23T09:44:29","slug":"mascotte-original-combi-slim-size","status":"publish","type":"product","link":"https:\/\/www.headshop.nl\/es\/mascotte-original-combi-slim-size\/","title":{"rendered":"Mascotte Original Combi Slim Size"},"content":{"rendered":"<h2>Mascotte Tips y Papers<\/h2>\n<p>Si te gusta llevar siempre encima todo lo que necesitas para liarte un porro, necesitas un paquete combinado de Mascotte. Se trata de un paquete combinado que incluye papel de liar de calidad y puntas a juego, \u00a1para que te resulte f\u00e1cil liar tus porros sobre la marcha!<\/p>\n<h2>Mascotte Material rodante<\/h2>\n<p>Mascotte es un fabricante neerland\u00e9s de papel de liar y art\u00edculos para fumadores bien establecido en la comunidad de fumadores de los Pa\u00edses Bajos. Puedes encontrar estos papeles de liar de calidad de Mascotte en casi cualquier tienda de la esquina. Y no es para menos. Mascotte produce papel de liar de alta calidad que satisfar\u00e1 las necesidades de cualquier fumador. La colecci\u00f3n de art\u00edculos para fumadores de Mascotte est\u00e1 repleta de diferentes productos que se adaptan a cualquier preferencia.<\/p>","protected":false},"excerpt":{"rendered":"<p>Tips y papeles fabricados con materiales de fumar de la m\u00e1s alta calidad? Por supuesto. Todo lo que necesitas para liar un porro perfecto viene en este peque\u00f1o paquete, por lo que es un producto perfecto para aquellos que aman liar sus porros sobre la marcha. Y puedes confiar en que el papel Mascotte tiene una combusti\u00f3n lenta y uniforme y una experiencia de fumado fiable.<\/p>","protected":false},"featured_media":44633,"template":"","meta":[],"product_brand":[],"product_cat":[421,297,414,816,447,802],"product_tag":[],"class_list":{"0":"post-41690","1":"product","2":"type-product","3":"status-publish","4":"has-post-thumbnail","6":"product_cat-rolling-papers","7":"product_cat-all-products","8":"product_cat-headshop","9":"product_cat-mascotte","10":"product_cat-papers-with-tips","11":"product_cat-slim-size","12":"product_shipping_class-creditcard-on","14":"first","15":"instock","16":"taxable","17":"shipping-taxable","18":"purchasable","19":"product-type-variable","20":"has-default-attributes"},"_links":{"self":[{"href":"https:\/\/www.headshop.nl\/es\/wp-json\/wp\/v2\/product\/41690","targetHints":{"allow":["GET"]}}],"collection":[{"href":"https:\/\/www.headshop.nl\/es\/wp-json\/wp\/v2\/product"}],"about":[{"href":"https:\/\/www.headshop.nl\/es\/wp-json\/wp\/v2\/types\/product"}],"wp:featuredmedia":[{"embeddable":true,"href":"https:\/\/www.headshop.nl\/es\/wp-json\/wp\/v2\/media\/44633"}],"wp:attachment":[{"href":"https:\/\/www.headshop.nl\/es\/wp-json\/wp\/v2\/media?parent=41690"}],"wp:term":[{"taxonomy":"product_brand","embeddable":true,"href":"https:\/\/www.headshop.nl\/es\/wp-json\/wp\/v2\/product_brand?post=41690"},{"taxonomy":"product_cat","embeddable":true,"href":"https:\/\/www.headshop.nl\/es\/wp-json\/wp\/v2\/product_cat?post=41690"},{"taxonomy":"product_tag","embeddable":true,"href":"https:\/\/www.headshop.nl\/es\/wp-json\/wp\/v2\/product_tag?post=41690"}],"curies":[{"name":"wp","href":"https:\/\/api.w.org\/{rel}","templated":true}]}}