{"id":41687,"date":"2022-03-14T10:03:34","date_gmt":"2022-03-14T10:03:34","guid":{"rendered":"https:\/\/www.headshop.nl\/?post_type=product&#038;p=41687"},"modified":"2025-05-23T09:44:09","modified_gmt":"2025-05-23T09:44:09","slug":"mascotte-brown-king-size-rolling-papers","status":"publish","type":"product","link":"https:\/\/www.headshop.nl\/es\/mascotte-brown-king-size-rolling-papers\/","title":{"rendered":"Mascotte Marr\u00f3n King Size Rolling Papers"},"content":{"rendered":"<h2>King Size Papers<\/h2>\n<p>El papel de liar King Size es como el OG del mercado de consumibles para fumadores. Puede que los papeles King Size hayan perdido un poco de su popularidad de la vieja escuela despu\u00e9s de que los papeles finos se hicieran con ella, pero el formato King Size sigue siendo amado por millones de fumadores de todo el mundo. \u00bfPor qu\u00e9? Porque el king-size te permite liar porros realmente gordos o envolverlos muy apretados para una experiencia de fumada m\u00e1s lenta.<\/p>\n<h2>Mascotte Material rodante<\/h2>\n<p>Mascotte es un fabricante neerland\u00e9s de papel de liar y art\u00edculos para fumadores bien establecido en la comunidad de fumadores de los Pa\u00edses Bajos. Puedes encontrar estos papeles de liar de calidad de Mascotte en casi cualquier tienda de la esquina. Y no es para menos. Mascotte produce papel de liar de alta calidad que satisfar\u00e1 las necesidades de cualquier fumador. La colecci\u00f3n de art\u00edculos para fumadores de Mascotte est\u00e1 repleta de diferentes productos que se adaptan a cualquier preferencia.<\/p>","protected":false},"excerpt":{"rendered":"<p>Aquellos que buscan papel de liar king-size y adoran esos porros gruesos y resistentes, adorar\u00e1n a\u00fan m\u00e1s el papel sin blanquear. Sin aditivos y con un proceso de fabricaci\u00f3n del papel totalmente natural, el resultado es un sabor de humo m\u00e1s natural. Y no se pierde calidad por el camino, \u00a1as\u00ed que pru\u00e9balos si quieres que tus porros sepan lo m\u00e1s puros posible!<\/p>","protected":false},"featured_media":44657,"template":"","meta":[],"product_brand":[],"product_cat":[421,297,414,801,816],"product_tag":[],"class_list":{"0":"post-41687","1":"product","2":"type-product","3":"status-publish","4":"has-post-thumbnail","6":"product_cat-rolling-papers","7":"product_cat-all-products","8":"product_cat-headshop","9":"product_cat-king-size","10":"product_cat-mascotte","11":"product_shipping_class-creditcard-on","13":"first","14":"instock","15":"taxable","16":"shipping-taxable","17":"purchasable","18":"product-type-variable","19":"has-default-attributes"},"_links":{"self":[{"href":"https:\/\/www.headshop.nl\/es\/wp-json\/wp\/v2\/product\/41687","targetHints":{"allow":["GET"]}}],"collection":[{"href":"https:\/\/www.headshop.nl\/es\/wp-json\/wp\/v2\/product"}],"about":[{"href":"https:\/\/www.headshop.nl\/es\/wp-json\/wp\/v2\/types\/product"}],"wp:featuredmedia":[{"embeddable":true,"href":"https:\/\/www.headshop.nl\/es\/wp-json\/wp\/v2\/media\/44657"}],"wp:attachment":[{"href":"https:\/\/www.headshop.nl\/es\/wp-json\/wp\/v2\/media?parent=41687"}],"wp:term":[{"taxonomy":"product_brand","embeddable":true,"href":"https:\/\/www.headshop.nl\/es\/wp-json\/wp\/v2\/product_brand?post=41687"},{"taxonomy":"product_cat","embeddable":true,"href":"https:\/\/www.headshop.nl\/es\/wp-json\/wp\/v2\/product_cat?post=41687"},{"taxonomy":"product_tag","embeddable":true,"href":"https:\/\/www.headshop.nl\/es\/wp-json\/wp\/v2\/product_tag?post=41687"}],"curies":[{"name":"wp","href":"https:\/\/api.w.org\/{rel}","templated":true}]}}