{"id":41683,"date":"2022-03-14T10:03:33","date_gmt":"2022-03-14T10:03:33","guid":{"rendered":"https:\/\/www.headshop.nl\/?post_type=product&#038;p=41683"},"modified":"2025-05-23T09:45:42","modified_gmt":"2025-05-23T09:45:42","slug":"mascotte-extra-thin-slim-size-rolling-papers","status":"publish","type":"product","link":"https:\/\/www.headshop.nl\/es\/mascotte-extra-thin-slim-size-rolling-papers\/","title":{"rendered":"Mascotte Extrafino Slim Size Rolling Papers"},"content":{"rendered":"<h2>Delgado Mascotte Papers<\/h2>\n<p>El papel de liar delgado es probablemente el papel de liar m\u00e1s com\u00fan en el planeta ahora mismo. Con tanta demanda de papel delgado viene la necesidad de marcas como Mascotte para crear ese papel de liar delgado perfecto. Y creemos que el equipo de Mascotte utiliz\u00f3 sus d\u00e9cadas de experiencia en la fabricaci\u00f3n de suministros para fumadores para ofrecer ese papel de liar delgado ideal que todo el mundo adora.<\/p>\n<h2>Mascotte Material rodante<\/h2>\n<p>Mascotte es un fabricante neerland\u00e9s de papel de liar y art\u00edculos para fumadores bien establecido en la comunidad de fumadores de los Pa\u00edses Bajos. Puedes encontrar estos papeles de liar de calidad de Mascotte en casi cualquier tienda de la esquina. Y no es para menos. Mascotte produce papel de liar de alta calidad que satisfar\u00e1 las necesidades de cualquier fumador. La colecci\u00f3n de art\u00edculos para fumadores de Mascotte est\u00e1 repleta de diferentes productos que se adaptan a cualquier preferencia.<\/p>","protected":false},"excerpt":{"rendered":"<p>Los amantes del papel de liar fino disfrutan much\u00edsimo con este sencillo producto de Mascotte. Estos papeles se queman lenta y uniformemente y su tama\u00f1o delgado asegura que se utilice la menor cantidad de papel para liar ese porro de calidad. Mascotte ha pasado d\u00e9cadas perfeccionando su l\u00ednea de papel fino y \u00a1puedes sentir que todo ese esfuerzo ha merecido la pena!<\/p>","protected":false},"featured_media":44651,"template":"","meta":[],"product_brand":[],"product_cat":[421,297,414,816,446,802],"product_tag":[],"class_list":{"0":"post-41683","1":"product","2":"type-product","3":"status-publish","4":"has-post-thumbnail","6":"product_cat-rolling-papers","7":"product_cat-all-products","8":"product_cat-headshop","9":"product_cat-mascotte","10":"product_cat-papers","11":"product_cat-slim-size","12":"product_shipping_class-creditcard-on","14":"first","15":"instock","16":"taxable","17":"shipping-taxable","18":"purchasable","19":"product-type-variable","20":"has-default-attributes"},"_links":{"self":[{"href":"https:\/\/www.headshop.nl\/es\/wp-json\/wp\/v2\/product\/41683","targetHints":{"allow":["GET"]}}],"collection":[{"href":"https:\/\/www.headshop.nl\/es\/wp-json\/wp\/v2\/product"}],"about":[{"href":"https:\/\/www.headshop.nl\/es\/wp-json\/wp\/v2\/types\/product"}],"wp:featuredmedia":[{"embeddable":true,"href":"https:\/\/www.headshop.nl\/es\/wp-json\/wp\/v2\/media\/44651"}],"wp:attachment":[{"href":"https:\/\/www.headshop.nl\/es\/wp-json\/wp\/v2\/media?parent=41683"}],"wp:term":[{"taxonomy":"product_brand","embeddable":true,"href":"https:\/\/www.headshop.nl\/es\/wp-json\/wp\/v2\/product_brand?post=41683"},{"taxonomy":"product_cat","embeddable":true,"href":"https:\/\/www.headshop.nl\/es\/wp-json\/wp\/v2\/product_cat?post=41683"},{"taxonomy":"product_tag","embeddable":true,"href":"https:\/\/www.headshop.nl\/es\/wp-json\/wp\/v2\/product_tag?post=41683"}],"curies":[{"name":"wp","href":"https:\/\/api.w.org\/{rel}","templated":true}]}}