{"id":41671,"date":"2022-03-14T10:03:31","date_gmt":"2022-03-14T10:03:31","guid":{"rendered":"https:\/\/www.headshop.nl\/?post_type=product&#038;p=41671"},"modified":"2025-05-23T09:46:20","modified_gmt":"2025-05-23T09:46:20","slug":"foldable-rolling-stand","status":"publish","type":"product","link":"https:\/\/www.headshop.nl\/es\/foldable-rolling-stand\/","title":{"rendered":"Soporte rodante plegable"},"content":{"rendered":"<h2>Malet\u00edn travieso<\/h2>\n<p>El mundo del cannabis no siempre tiene que innovar con tecnolog\u00eda cara y de alta gama, como los vaporizadores. A veces, hay un nuevo producto que puede fabricarse con un simple trozo de cart\u00f3n y unos imanes diminutos. Eso es exactamente lo que hizo el equipo detr\u00e1s del soporte rodante Naughty Briefcase. Una genialidad sencilla que se adapta al tama\u00f1o de tus papeles.<\/p>","protected":false},"excerpt":{"rendered":"<p>\u00bfQu\u00e9 es un soporte magn\u00e9tico port\u00e1til para liar? Es un peque\u00f1o y funcional dispositivo de cart\u00f3n que tiene exactamente el tama\u00f1o de tu paquete de papel de liar, por lo que es muy f\u00e1cil de transportar. Este equipo plegable se ha creado para facilitar el liado de un porro perfecto, ya que sujetar\u00e1 tu papel de liar mientras a\u00f1ades tu mezcla de hierba y tabaco. Cuando hayas terminado de esparcir lo bueno, coge el papel y enr\u00f3llalo. \u00a1Simple y genial!<\/p>","protected":false},"featured_media":44885,"template":"","meta":[],"product_brand":[],"product_cat":[448,297,414,421],"product_tag":[],"class_list":{"0":"post-41671","1":"product","2":"type-product","3":"status-publish","4":"has-post-thumbnail","6":"product_cat-rolling-machines","7":"product_cat-all-products","8":"product_cat-headshop","9":"product_cat-rolling-papers","10":"product_shipping_class-creditcard-on","12":"first","13":"instock","14":"taxable","15":"shipping-taxable","16":"purchasable","17":"product-type-variable","18":"has-default-attributes"},"_links":{"self":[{"href":"https:\/\/www.headshop.nl\/es\/wp-json\/wp\/v2\/product\/41671","targetHints":{"allow":["GET"]}}],"collection":[{"href":"https:\/\/www.headshop.nl\/es\/wp-json\/wp\/v2\/product"}],"about":[{"href":"https:\/\/www.headshop.nl\/es\/wp-json\/wp\/v2\/types\/product"}],"wp:featuredmedia":[{"embeddable":true,"href":"https:\/\/www.headshop.nl\/es\/wp-json\/wp\/v2\/media\/44885"}],"wp:attachment":[{"href":"https:\/\/www.headshop.nl\/es\/wp-json\/wp\/v2\/media?parent=41671"}],"wp:term":[{"taxonomy":"product_brand","embeddable":true,"href":"https:\/\/www.headshop.nl\/es\/wp-json\/wp\/v2\/product_brand?post=41671"},{"taxonomy":"product_cat","embeddable":true,"href":"https:\/\/www.headshop.nl\/es\/wp-json\/wp\/v2\/product_cat?post=41671"},{"taxonomy":"product_tag","embeddable":true,"href":"https:\/\/www.headshop.nl\/es\/wp-json\/wp\/v2\/product_tag?post=41671"}],"curies":[{"name":"wp","href":"https:\/\/api.w.org\/{rel}","templated":true}]}}