{"id":41668,"date":"2022-03-14T10:03:30","date_gmt":"2022-03-14T10:03:30","guid":{"rendered":"https:\/\/www.headshop.nl\/?post_type=product&#038;p=41668"},"modified":"2025-05-23T09:46:48","modified_gmt":"2025-05-23T09:46:48","slug":"elements-artesano-with-tips-and-tray","status":"publish","type":"product","link":"https:\/\/www.headshop.nl\/es\/elements-artesano-with-tips-and-tray\/","title":{"rendered":"Elements Artesano con Tips y bandeja"},"content":{"rendered":"<h2>Elements Rolling Papers<\/h2>\n<p>Con miles de a\u00f1os de experiencia, la humanidad puede hacer papel de casi cualquier material. Los consumibles para fumadores Elements toman esta experiencia de la humanidad y la aplican en la fabricaci\u00f3n de su papel de liar de calidad. Por eso sus papeles de liar de origen org\u00e1nico tienen tantos fans en todo el mundo. Pru\u00e9balo, estamos seguros de que te gustar\u00e1.<\/p>","protected":false},"excerpt":{"rendered":"<p>Se trata de un pr\u00e1ctico paquete de peque\u00f1os papeles de liar, junto con algunas puntas y una bandeja plegable en la que puedes mezclar la hierba y el tabaco. En otras palabras, es todo lo que necesitas para liarte un canuto sobre la marcha. Abre el paquete, mezcla tus cosas en la bandeja, haz una punta y l\u00eda. Estar\u00e1s fumando este porro en un abrir y cerrar de ojos.<\/p>","protected":false},"featured_media":45104,"template":"","meta":[],"product_brand":[],"product_cat":[421,297,414,447],"product_tag":[],"class_list":{"0":"post-41668","1":"product","2":"type-product","3":"status-publish","4":"has-post-thumbnail","6":"product_cat-rolling-papers","7":"product_cat-all-products","8":"product_cat-headshop","9":"product_cat-papers-with-tips","10":"product_shipping_class-creditcard-on","12":"first","13":"instock","14":"taxable","15":"shipping-taxable","16":"purchasable","17":"product-type-variable","18":"has-default-attributes"},"_links":{"self":[{"href":"https:\/\/www.headshop.nl\/es\/wp-json\/wp\/v2\/product\/41668","targetHints":{"allow":["GET"]}}],"collection":[{"href":"https:\/\/www.headshop.nl\/es\/wp-json\/wp\/v2\/product"}],"about":[{"href":"https:\/\/www.headshop.nl\/es\/wp-json\/wp\/v2\/types\/product"}],"wp:featuredmedia":[{"embeddable":true,"href":"https:\/\/www.headshop.nl\/es\/wp-json\/wp\/v2\/media\/45104"}],"wp:attachment":[{"href":"https:\/\/www.headshop.nl\/es\/wp-json\/wp\/v2\/media?parent=41668"}],"wp:term":[{"taxonomy":"product_brand","embeddable":true,"href":"https:\/\/www.headshop.nl\/es\/wp-json\/wp\/v2\/product_brand?post=41668"},{"taxonomy":"product_cat","embeddable":true,"href":"https:\/\/www.headshop.nl\/es\/wp-json\/wp\/v2\/product_cat?post=41668"},{"taxonomy":"product_tag","embeddable":true,"href":"https:\/\/www.headshop.nl\/es\/wp-json\/wp\/v2\/product_tag?post=41668"}],"curies":[{"name":"wp","href":"https:\/\/api.w.org\/{rel}","templated":true}]}}